{"id":10277,"date":"2023-09-26T11:59:34","date_gmt":"2023-09-26T11:59:34","guid":{"rendered":"https:\/\/www.casentro.es\/preguntas-frecuentes"},"modified":"2023-10-29T07:02:36","modified_gmt":"2023-10-29T07:02:36","slug":"haufig-gestellte-fragen","status":"publish","type":"page","link":"https:\/\/www.casentro.es\/de\/haufig-gestellte-fragen","title":{"rendered":"FAQ &#8211; H\u00e4ufig gestellte Fragen"},"content":{"rendered":"\t\t<div data-elementor-type=\"wp-page\" data-elementor-id=\"10277\" class=\"elementor elementor-10277 elementor-10243\">\n\t\t\t\t\t\t\t        <section class=\"elementor-section elementor-top-section elementor-element elementor-element-7ae8d1f3 elementor-section-stretched elementor-section-boxed elementor-section-height-default elementor-section-height-default ct-header-fixed-none\" data-id=\"7ae8d1f3\" data-element_type=\"section\" data-settings=\"{&quot;stretch_section&quot;:&quot;section-stretched&quot;,&quot;background_background&quot;:&quot;classic&quot;}\">\n            \n                        <div class=\"elementor-container elementor-column-gap-extended \">\n                    <div class=\"elementor-column elementor-col-100 elementor-top-column elementor-element elementor-element-20ec1868\" data-id=\"20ec1868\" data-element_type=\"column\">\n            <div class=\"elementor-widget-wrap elementor-element-populated\">\n                                <section class=\"elementor-section elementor-inner-section elementor-element elementor-element-72dcbd5 elementor-section-content-middle elementor-section-boxed elementor-section-height-default elementor-section-height-default ct-header-fixed-none\" data-id=\"72dcbd5\" data-element_type=\"section\">\n            \n                        <div class=\"elementor-container elementor-column-gap-extended \">\n                    <div class=\"elementor-column elementor-col-50 elementor-inner-column elementor-element elementor-element-ffd5fc8\" data-id=\"ffd5fc8\" data-element_type=\"column\">\n            <div class=\"elementor-widget-wrap elementor-element-populated\">\n                        \t\t<div class=\"elementor-element elementor-element-dff96f0 elementor-widget elementor-widget-ct_heading\" data-id=\"dff96f0\" data-element_type=\"widget\" data-widget_type=\"ct_heading.default\">\n\t\t\t\t<div class=\"elementor-widget-container\">\n\t\t\t<div id=\"ct_heading-dff96f0\" class=\"ct-heading h-align- ct-heading-left item-st-default\">\r\n\t<div class=\"ct-heading--inner\">\r\n        <div class=\"ct-inline-css\"  data-css=\"\r\n            \">\r\n        <\/div>\r\n                <h3 class=\"item--title  st-default \" data-wow-delay=\"ms\">\r\n            <span class=\"ct-text-inner\">H\u00e4ufig gestellte Fragen <small><br>zu unseren Dienstleistungen<\/small><\/span>        <\/h3>\r\n    <\/div>\r\n<\/div>\t\t<\/div>\n\t\t\t\t<\/div>\n\t\t            <\/div>\n        <\/div>\n                <div class=\"elementor-column elementor-col-50 elementor-inner-column elementor-element elementor-element-defb314\" data-id=\"defb314\" data-element_type=\"column\">\n            <div class=\"elementor-widget-wrap elementor-element-populated\">\n                        \t\t<div class=\"elementor-element elementor-element-46341f6 elementor-widget elementor-widget-ct_text_editor\" data-id=\"46341f6\" data-element_type=\"widget\" data-widget_type=\"ct_text_editor.default\">\n\t\t\t\t<div class=\"elementor-widget-container\">\n\t\t\t<div id=\"ct_text_editor-46341f6\" class=\"ct-text-editor \" data-wow-delay=\"ms\">\n\t<div class=\"ct-item--inner\">\n\t\t<div class=\"ct-inline-css\"  data-css=\"\n\t        \t\t\t\">\n\n\t    <\/div>\n\t\t<div class=\"ct-text-editor elementor-clearfix\">\n\t\t\t<p>Finden Sie Antworten auf die h\u00e4ufigsten Fragen zu unseren Dienstleistungen. Hier bieten wir Ihnen n\u00fctzliche Informationen, um Ihre Fragen und Bedenken zu kl\u00e4ren.<\/p>\t\t\n\t\t<\/div>\n\t<\/div>\n<\/div>\t\t<\/div>\n\t\t\t\t<\/div>\n\t\t            <\/div>\n        <\/div>\n                            <\/div>\n        <\/section>\n                <section class=\"elementor-section elementor-inner-section elementor-element elementor-element-28570e5 elementor-section-boxed elementor-section-height-default elementor-section-height-default ct-header-fixed-none\" data-id=\"28570e5\" data-element_type=\"section\">\n            \n                        <div class=\"elementor-container elementor-column-gap-extended \">\n                    <div class=\"elementor-column elementor-col-100 elementor-inner-column elementor-element elementor-element-169af5b\" data-id=\"169af5b\" data-element_type=\"column\">\n            <div class=\"elementor-widget-wrap elementor-element-populated\">\n                        \t\t<div class=\"elementor-element elementor-element-abdbd67 elementor-widget elementor-widget-ct_accordion\" data-id=\"abdbd67\" data-element_type=\"widget\" data-widget_type=\"ct_accordion.default\">\n\t\t\t\t<div class=\"elementor-widget-container\">\n\t\t\t    <div id=\"ct_accordion-abdbd67\" class=\"ct-accordion layout1 style1 \" data-wow-duration=\"1.2s\">\r\n                    <div class=\"ct-accordion-item active\">\r\n                <div class=\"ct-ac-title active\" data-target=\"#74293f9ct_accordion-abdbd67\">\r\n                    <a class=\"ct-ac-title-text\">\r\n                        Wie kann ich online einen Termin f\u00fcr Reinigungs- oder Reparaturdienste vereinbaren?                    <\/a>\r\n                                    <\/div>\r\n                <div id=\"74293f9ct_accordion-abdbd67\" class=\"ct-ac-content\" style=\"display:block;\">Sie k\u00f6nnen jederzeit einen Termin f\u00fcr einen Service \u00fcber unser Buchungsformular buchen. W\u00e4hlen Sie einfach den gew\u00fcnschten Service aus, w\u00e4hlen Sie ein Datum und eine Uhrzeit, die Ihnen passt, und schlie\u00dfen Sie den Buchungsvorgang ab.<\/div>\r\n            <\/div>\r\n                    <div class=\"ct-accordion-item \">\r\n                <div class=\"ct-ac-title \" data-target=\"#84c05ffct_accordion-abdbd67\">\r\n                    <a class=\"ct-ac-title-text\">\r\n                        Welche Reinigungs- und Reparaturdienste bieten Sie \u00fcber die Online-Buchung an?                    <\/a>\r\n                                    <\/div>\r\n                <div id=\"84c05ffct_accordion-abdbd67\" class=\"ct-ac-content\">Wir bieten eine Vielzahl von Dienstleistungen an, darunter Hausreinigung, B\u00fcroreinigung, Fensterreinigung, Elektroreparaturen, Sanit\u00e4r, Gartenpflege und vieles mehr. Sie k\u00f6nnen die vollst\u00e4ndige Liste der Dienstleistungen auf unserer Website einsehen.<\/div>\r\n            <\/div>\r\n                    <div class=\"ct-accordion-item \">\r\n                <div class=\"ct-ac-title \" data-target=\"#5d67e9ect_accordion-abdbd67\">\r\n                    <a class=\"ct-ac-title-text\">\r\n                        Kann ich den Fachmann ausw\u00e4hlen, der die Arbeit bei der Online-Buchung durchf\u00fchrt?                    <\/a>\r\n                                    <\/div>\r\n                <div id=\"5d67e9ect_accordion-abdbd67\" class=\"ct-ac-content\">Kann ich den Fachmann ausw\u00e4hlen, der die Arbeit bei der Online-Buchung durchf\u00fchrt?<\/div>\r\n            <\/div>\r\n                    <div class=\"ct-accordion-item \">\r\n                <div class=\"ct-ac-title \" data-target=\"#73e265ect_accordion-abdbd67\">\r\n                    <a class=\"ct-ac-title-text\">\r\n                        Wie l\u00e4uft der Prozess zur Stornierung oder Neuterminierung eines Online-Termins ab?                    <\/a>\r\n                                    <\/div>\r\n                <div id=\"73e265ect_accordion-abdbd67\" class=\"ct-ac-content\">Sie k\u00f6nnen einen Termin online stornieren oder neu terminieren, indem Sie auf Ihr Konto auf unserer Website zugreifen. Stellen Sie sicher, dass Sie dies rechtzeitig tun, um zus\u00e4tzliche Geb\u00fchren zu vermeiden. Sie k\u00f6nnen auch per E-Mail einen Termin stornieren.<\/div>\r\n            <\/div>\r\n                    <div class=\"ct-accordion-item \">\r\n                <div class=\"ct-ac-title \" data-target=\"#c08b235ct_accordion-abdbd67\">\r\n                    <a class=\"ct-ac-title-text\">\r\n                        Wie werden die Preise und Kosten der online vereinbarten Dienstleistungen festgelegt?                    <\/a>\r\n                                    <\/div>\r\n                <div id=\"c08b235ct_accordion-abdbd67\" class=\"ct-ac-content\">Die Preise unserer Dienstleistungen variieren je nach Art der Arbeit und Dauer. Auf unserer Website finden Sie einen Preisrechner, der Ihnen eine Sch\u00e4tzung liefert. Die genauen Preise werden best\u00e4tigt, sobald Sie den Termin vereinbaren und der Umfang der Arbeit bewertet wurde.<\/div>\r\n            <\/div>\r\n            <\/div>\r\n\t\t<\/div>\n\t\t\t\t<\/div>\n\t\t            <\/div>\n        <\/div>\n                            <\/div>\n        <\/section>\n                <section class=\"elementor-section elementor-inner-section elementor-element elementor-element-33562082 elementor-section-content-middle elementor-section-boxed elementor-section-height-default elementor-section-height-default ct-header-fixed-none\" data-id=\"33562082\" data-element_type=\"section\">\n            \n                        <div class=\"elementor-container elementor-column-gap-extended \">\n                    <div class=\"elementor-column elementor-col-50 elementor-inner-column elementor-element elementor-element-43b49ae8\" data-id=\"43b49ae8\" data-element_type=\"column\">\n            <div class=\"elementor-widget-wrap elementor-element-populated\">\n                        \t\t<div class=\"elementor-element elementor-element-2fa29ecc elementor-widget elementor-widget-ct_heading\" data-id=\"2fa29ecc\" data-element_type=\"widget\" data-widget_type=\"ct_heading.default\">\n\t\t\t\t<div class=\"elementor-widget-container\">\n\t\t\t<div id=\"ct_heading-2fa29ecc\" class=\"ct-heading h-align- ct-heading-left item-st-default\">\r\n\t<div class=\"ct-heading--inner\">\r\n        <div class=\"ct-inline-css\"  data-css=\"\r\n            \">\r\n        <\/div>\r\n                <h3 class=\"item--title  st-default \" data-wow-delay=\"ms\">\r\n            <span class=\"ct-text-inner\">\n<small>Immer noch Fragen und<\/small> keine Antworten?<\/span>        <\/h3>\r\n    <\/div>\r\n<\/div>\t\t<\/div>\n\t\t\t\t<\/div>\n\t\t            <\/div>\n        <\/div>\n                <div class=\"elementor-column elementor-col-50 elementor-inner-column elementor-element elementor-element-868150f\" data-id=\"868150f\" data-element_type=\"column\">\n            <div class=\"elementor-widget-wrap elementor-element-populated\">\n                        \t\t<div class=\"elementor-element elementor-element-34544a43 elementor-widget elementor-widget-ct_text_editor\" data-id=\"34544a43\" data-element_type=\"widget\" data-widget_type=\"ct_text_editor.default\">\n\t\t\t\t<div class=\"elementor-widget-container\">\n\t\t\t<div id=\"ct_text_editor-34544a43\" class=\"ct-text-editor \" data-wow-delay=\"ms\">\n\t<div class=\"ct-item--inner\">\n\t\t<div class=\"ct-inline-css\"  data-css=\"\n\t        \t\t\t\">\n\n\t    <\/div>\n\t\t<div class=\"ct-text-editor elementor-clearfix\">\n\t\t\t<p>Wenn Sie weitere Fragen zu unseren Dienstleistungen haben, z\u00f6gern Sie nicht, uns direkt \u00fcber die folgenden Kontaktm\u00f6glichkeiten zu kontaktieren.<\/p>\t\t\n\t\t<\/div>\n\t<\/div>\n<\/div>\t\t<\/div>\n\t\t\t\t<\/div>\n\t\t            <\/div>\n        <\/div>\n                            <\/div>\n        <\/section>\n                <section class=\"elementor-section elementor-inner-section elementor-element elementor-element-686b733 elementor-section-boxed elementor-section-height-default elementor-section-height-default ct-header-fixed-none\" data-id=\"686b733\" data-element_type=\"section\">\n            \n                        <div class=\"elementor-container elementor-column-gap-extended \">\n                    <div class=\"elementor-column elementor-col-50 elementor-inner-column elementor-element elementor-element-cd4fe9d\" data-id=\"cd4fe9d\" data-element_type=\"column\">\n            <div class=\"elementor-widget-wrap elementor-element-populated\">\n                        \t\t<div class=\"elementor-element elementor-element-91267ea elementor-hidden-desktop elementor-hidden-tablet elementor-hidden-mobile elementor-widget elementor-widget-ct_fancy_box\" data-id=\"91267ea\" data-element_type=\"widget\" data-widget_type=\"ct_fancy_box.default\">\n\t\t\t\t<div class=\"elementor-widget-container\">\n\t\t\t<div id=\"ct_fancy_box-91267ea\" class=\"ct-fancy-box ct-fancy-box-layout1 style2 \" data-wow-delay=\"ms\">\r\n    <div class=\"ct-inline-css\"  data-css=\"\r\n                        \">\r\n    <\/div>\r\n\r\n            <div class=\"item--icon\">\r\n            <i aria-hidden=\"true\" class=\"fas fa-map-marker-alt\"><\/i>        <\/div>\r\n            <div class=\"item--holder\">\r\n        <h3 class=\"item--title fs-title-sm \">\r\n            DIRECCI\u00d3N:        <\/h3>\r\n        <div class=\"item--description fs-desc-md\">3556 Hartford Way Vlg, Mount Pleasant, SC, 29466, Australia.<\/div>\r\n    <\/div>\r\n\r\n            <a class=\"item--link\" href=\"#\"><\/a>\r\n    <\/div>\t\t<\/div>\n\t\t\t\t<\/div>\n\t\t\t\t<div class=\"elementor-element elementor-element-3ce1cd0 elementor-widget elementor-widget-ct_fancy_box\" data-id=\"3ce1cd0\" data-element_type=\"widget\" data-widget_type=\"ct_fancy_box.default\">\n\t\t\t\t<div class=\"elementor-widget-container\">\n\t\t\t<div id=\"ct_fancy_box-3ce1cd0\" class=\"ct-fancy-box ct-fancy-box-layout1 style2 \" data-wow-delay=\"ms\">\r\n    <div class=\"ct-inline-css\"  data-css=\"\r\n                        \">\r\n    <\/div>\r\n\r\n            <div class=\"item--icon\">\r\n            <i aria-hidden=\"true\" class=\"flaticon flaticon-phone\"><\/i>        <\/div>\r\n            <div class=\"item--holder\">\r\n        <h3 class=\"item--title fs-title-sm \">\r\n            Telefon        <\/h3>\r\n        <div class=\"item--description fs-desc-md\">(+34) 652 527 033<\/div>\r\n    <\/div>\r\n\r\n            <a class=\"item--link\" href=\"#\"><\/a>\r\n    <\/div>\t\t<\/div>\n\t\t\t\t<\/div>\n\t\t\t\t<div class=\"elementor-element elementor-element-0f4c5a3 elementor-widget elementor-widget-ct_fancy_box\" data-id=\"0f4c5a3\" data-element_type=\"widget\" data-widget_type=\"ct_fancy_box.default\">\n\t\t\t\t<div class=\"elementor-widget-container\">\n\t\t\t<div id=\"ct_fancy_box-0f4c5a3\" class=\"ct-fancy-box ct-fancy-box-layout1 style2 \" data-wow-delay=\"ms\">\r\n    <div class=\"ct-inline-css\"  data-css=\"\r\n                        \">\r\n    <\/div>\r\n\r\n            <div class=\"item--icon\">\r\n            <i aria-hidden=\"true\" class=\"flaticon flaticon-mail\"><\/i>        <\/div>\r\n            <div class=\"item--holder\">\r\n        <h3 class=\"item--title fs-title-sm \">\r\n            E-Mail        <\/h3>\r\n        <div class=\"item--description fs-desc-md\">info@casentro.es<\/div>\r\n    <\/div>\r\n\r\n            <a class=\"item--link\" href=\"#\"><\/a>\r\n    <\/div>\t\t<\/div>\n\t\t\t\t<\/div>\n\t\t            <\/div>\n        <\/div>\n                <div class=\"elementor-column elementor-col-50 elementor-inner-column elementor-element elementor-element-ecdd1e4\" data-id=\"ecdd1e4\" data-element_type=\"column\">\n            <div class=\"elementor-widget-wrap elementor-element-populated\">\n                        \t\t<div class=\"elementor-element elementor-element-27982e9 elementor-widget elementor-widget-text-editor\" data-id=\"27982e9\" data-element_type=\"widget\" data-widget_type=\"text-editor.default\">\n\t\t\t\t<div class=\"elementor-widget-container\">\n\t\t\t<style>\/*! elementor - v3.18.0 - 08-12-2023 *\/\n.elementor-widget-text-editor.elementor-drop-cap-view-stacked .elementor-drop-cap{background-color:#69727d;color:#fff}.elementor-widget-text-editor.elementor-drop-cap-view-framed .elementor-drop-cap{color:#69727d;border:3px solid;background-color:transparent}.elementor-widget-text-editor:not(.elementor-drop-cap-view-default) .elementor-drop-cap{margin-top:8px}.elementor-widget-text-editor:not(.elementor-drop-cap-view-default) .elementor-drop-cap-letter{width:1em;height:1em}.elementor-widget-text-editor .elementor-drop-cap{float:left;text-align:center;line-height:1;font-size:50px}.elementor-widget-text-editor .elementor-drop-cap-letter{display:inline-block}<\/style>\t\t\t\t<h5>Kontaktformular<\/h5>\t\t\t\t\t\t<\/div>\n\t\t\t\t<\/div>\n\t\t\t\t<div class=\"elementor-element elementor-element-4bb23a1 elementor-widget elementor-widget-html\" data-id=\"4bb23a1\" data-element_type=\"widget\" data-widget_type=\"html.default\">\n\t\t\t\t<div class=\"elementor-widget-container\">\n\t\t\t<div class=\"wpforms-container wpforms-render-modern\" id=\"wpforms-9654\"><form id=\"wpforms-form-9654\" class=\"wpforms-validate wpforms-form wpforms-ajax-form\" data-formid=\"9654\" method=\"post\" enctype=\"multipart\/form-data\" action=\"\/de\/wp-json\/wp\/v2\/pages\/10277\" data-token=\"8bbdf4924f2dfe6ae9cabd6fca915ef8\" data-token-time=\"1776415548\"><noscript class=\"wpforms-error-noscript\">Bitte aktiviere JavaScript in deinem Browser, um dieses Formular fertigzustellen.<\/noscript><div class=\"wpforms-hidden\" id=\"wpforms-error-noscript\">Bitte aktiviere JavaScript in deinem Browser, um dieses Formular fertigzustellen.<\/div><div class=\"wpforms-field-container\"><div id=\"wpforms-9654-field_0-container\" class=\"wpforms-field wpforms-field-name\" data-field-id=\"0\"><fieldset><legend class=\"wpforms-field-label\">Name <span class=\"wpforms-required-label\" aria-hidden=\"true\">*<\/span><\/legend><div class=\"wpforms-field-row wpforms-field-large\"><div class=\"wpforms-field-row-block wpforms-first wpforms-one-half\"><input type=\"text\" id=\"wpforms-9654-field_0\" class=\"wpforms-field-name-first wpforms-field-required\" name=\"wpforms[fields][0][first]\" aria-errormessage=\"wpforms-9654-field_0-error\" required><label for=\"wpforms-9654-field_0\" class=\"wpforms-field-sublabel after\">Vorname<\/label><\/div><div class=\"wpforms-field-row-block wpforms-one-half\"><input type=\"text\" id=\"wpforms-9654-field_0-last\" class=\"wpforms-field-name-last wpforms-field-required\" name=\"wpforms[fields][0][last]\" aria-errormessage=\"wpforms-9654-field_0-last-error\" required><label for=\"wpforms-9654-field_0-last\" class=\"wpforms-field-sublabel after\">Nachname<\/label><\/div><\/div><\/fieldset><\/div><div id=\"wpforms-9654-field_1-container\" class=\"wpforms-field wpforms-field-email\" data-field-id=\"1\"><label class=\"wpforms-field-label\" for=\"wpforms-9654-field_1\">E-Mail Adresse <span class=\"wpforms-required-label\" aria-hidden=\"true\">*<\/span><\/label><input type=\"email\" id=\"wpforms-9654-field_1\" class=\"wpforms-field-large wpforms-field-required\" name=\"wpforms[fields][1]\" spellcheck=\"false\" aria-errormessage=\"wpforms-9654-field_1-error\" required><\/div><div id=\"wpforms-9654-field_2-container\" class=\"wpforms-field wpforms-field-textarea\" data-field-id=\"2\"><label class=\"wpforms-field-label\" for=\"wpforms-9654-field_2\">Kommentar oder Nachricht<\/label><textarea id=\"wpforms-9654-field_2\" class=\"wpforms-field-medium\" name=\"wpforms[fields][2]\" aria-errormessage=\"wpforms-9654-field_2-error\" ><\/textarea><\/div><div id=\"wpforms-9654-field_3-container\" class=\"wpforms-field wpforms-field-checkbox\" data-field-id=\"3\"><fieldset><legend class=\"wpforms-field-label\">Datenschutzrichtlinien <span class=\"wpforms-required-label\" aria-hidden=\"true\">*<\/span><\/legend><ul id=\"wpforms-9654-field_3\" class=\"wpforms-field-required\"><li class=\"choice-1 depth-1\"><input type=\"checkbox\" id=\"wpforms-9654-field_3_1\" name=\"wpforms[fields][3][]\" value=\"Ich habe die &lt;a target=&quot;_blank&quot; href=&quot;https:\/\/www.casentro.es\/de\/datenschutzbestimmungen\/&quot;&gt;Datenschutzrichtlinien&lt;\/a&gt; gelesen und akzeptiere sie.\" aria-errormessage=\"wpforms-9654-field_3_1-error\" aria-describedby=\"wpforms-9654-field_3-description\" required ><label class=\"wpforms-field-label-inline\" for=\"wpforms-9654-field_3_1\">Ich habe die <a target=\"_blank\" href=\"https:\/\/www.casentro.es\/de\/datenschutzbestimmungen\/\">Datenschutzrichtlinien<\/a> gelesen und akzeptiere sie.<\/label><\/li><\/ul><div id=\"wpforms-9654-field_3-description\" class=\"wpforms-field-description\">Bitte lesen Sie unsere Datenschutzrichtlinien sorgf\u00e4ltig durch, bevor Sie das Formular absenden. Durch Ankreuzen des Kontrollk\u00e4stchens unten erteilen Sie Ihre Zustimmung zur Erfassung und Verarbeitung Ihrer pers\u00f6nlichen Daten gem\u00e4\u00df unseren Datenschutzrichtlinien.<\/div><\/fieldset><\/div><\/div><!-- .wpforms-field-container --><div class=\"wpforms-recaptcha-container wpforms-is-recaptcha wpforms-is-recaptcha-type-v2\" ><div class=\"g-recaptcha\" data-sitekey=\"6LdUtBQoAAAAAPeugw1c9BUbJ2VBwxmK3qne3oPB\"><\/div><input type=\"text\" name=\"g-recaptcha-hidden\" class=\"wpforms-recaptcha-hidden\" style=\"position:absolute!important;clip:rect(0,0,0,0)!important;height:1px!important;width:1px!important;border:0!important;overflow:hidden!important;padding:0!important;margin:0!important;\" data-rule-recaptcha=\"1\"><\/div><div class=\"wpforms-submit-container\" ><input type=\"hidden\" name=\"wpforms[id]\" value=\"9654\"><input type=\"hidden\" name=\"page_title\" value=\"\"><input type=\"hidden\" name=\"page_url\" value=\"https:\/\/www.casentro.es\/de\/wp-json\/wp\/v2\/pages\/10277\"><input type=\"hidden\" name=\"url_referer\" value=\"\"><button type=\"submit\" name=\"wpforms[submit]\" id=\"wpforms-submit-9654\" class=\"wpforms-submit\" data-alt-text=\"Wird gesendet ...\" data-submit-text=\"Senden\" aria-live=\"assertive\" value=\"wpforms-submit\">Senden<\/button><img decoding=\"async\" src=\"https:\/\/www.casentro.es\/wp-content\/plugins\/wpforms-lite\/assets\/images\/submit-spin.svg\" class=\"wpforms-submit-spinner\" style=\"display: none;\" width=\"26\" height=\"26\" alt=\"Wird geladen\"><\/div><\/form><\/div>  <!-- .wpforms-container -->\t\t<\/div>\n\t\t\t\t<\/div>\n\t\t            <\/div>\n        <\/div>\n                            <\/div>\n        <\/section>\n                    <\/div>\n        <\/div>\n                            <\/div>\n        <\/section>\n        \t\t\t\t\t<\/div>\n\t\t","protected":false},"excerpt":{"rendered":"<p>H\u00e4ufig gestellte Fragen zu unseren Dienstleistungen Finden Sie Antworten auf die h\u00e4ufigsten Fragen zu unseren Dienstleistungen. Hier bieten wir Ihnen n\u00fctzliche Informationen, um Ihre Fragen und Bedenken zu kl\u00e4ren. Wie kann ich online einen Termin f\u00fcr Reinigungs- oder Reparaturdienste vereinbaren? Sie k\u00f6nnen jederzeit einen Termin f\u00fcr einen Service \u00fcber unser Buchungsformular buchen. W\u00e4hlen Sie einfach [&hellip;]<\/p>\n","protected":false},"author":1,"featured_media":11096,"parent":0,"menu_order":0,"comment_status":"closed","ping_status":"closed","template":"","meta":{"inline_featured_image":false,"footnotes":""},"class_list":["post-10277","page","type-page","status-publish","has-post-thumbnail","hentry"],"_links":{"self":[{"href":"https:\/\/www.casentro.es\/de\/wp-json\/wp\/v2\/pages\/10277","targetHints":{"allow":["GET"]}}],"collection":[{"href":"https:\/\/www.casentro.es\/de\/wp-json\/wp\/v2\/pages"}],"about":[{"href":"https:\/\/www.casentro.es\/de\/wp-json\/wp\/v2\/types\/page"}],"author":[{"embeddable":true,"href":"https:\/\/www.casentro.es\/de\/wp-json\/wp\/v2\/users\/1"}],"replies":[{"embeddable":true,"href":"https:\/\/www.casentro.es\/de\/wp-json\/wp\/v2\/comments?post=10277"}],"version-history":[{"count":17,"href":"https:\/\/www.casentro.es\/de\/wp-json\/wp\/v2\/pages\/10277\/revisions"}],"predecessor-version":[{"id":15232,"href":"https:\/\/www.casentro.es\/de\/wp-json\/wp\/v2\/pages\/10277\/revisions\/15232"}],"wp:featuredmedia":[{"embeddable":true,"href":"https:\/\/www.casentro.es\/de\/wp-json\/wp\/v2\/media\/11096"}],"wp:attachment":[{"href":"https:\/\/www.casentro.es\/de\/wp-json\/wp\/v2\/media?parent=10277"}],"curies":[{"name":"wp","href":"https:\/\/api.w.org\/{rel}","templated":true}]}}