{"id":14879,"date":"2023-10-23T05:32:19","date_gmt":"2023-10-23T05:32:19","guid":{"rendered":"https:\/\/www.casentro.es\/oferta-vivienda-limpieza-profunda"},"modified":"2023-10-27T04:42:35","modified_gmt":"2023-10-27T04:42:35","slug":"online-termin-buchung-angebot-gruendliche-hausreinigung","status":"publish","type":"page","link":"https:\/\/www.casentro.es\/de\/online-termin-buchung-angebot-gruendliche-hausreinigung","title":{"rendered":"Online Termin Buchung \u2013 Angebot \u2013 Gr\u00fcndliche Hausreinigung"},"content":{"rendered":"\t\t<div data-elementor-type=\"wp-page\" data-elementor-id=\"14879\" class=\"elementor elementor-14879 elementor-13776\">\n\t\t\t\t\t\t\t        <section class=\"elementor-section elementor-top-section elementor-element elementor-element-4063b9d6 elementor-section-boxed elementor-section-height-default elementor-section-height-default ct-header-fixed-none\" data-id=\"4063b9d6\" data-element_type=\"section\">\n            \n                        <div class=\"elementor-container elementor-column-gap-default \">\n                    <div class=\"elementor-column elementor-col-100 elementor-top-column elementor-element elementor-element-2a0f2fd3\" data-id=\"2a0f2fd3\" data-element_type=\"column\">\n            <div class=\"elementor-widget-wrap elementor-element-populated\">\n                                <section class=\"elementor-section elementor-inner-section elementor-element elementor-element-603d23e9 elementor-section-boxed elementor-section-height-default elementor-section-height-default ct-header-fixed-none\" data-id=\"603d23e9\" data-element_type=\"section\">\n            \n                        <div class=\"elementor-container elementor-column-gap-extended \">\n                    <div class=\"elementor-column elementor-col-100 elementor-inner-column elementor-element elementor-element-85c742a\" data-id=\"85c742a\" data-element_type=\"column\">\n            <div class=\"elementor-widget-wrap\">\n                                    <\/div>\n        <\/div>\n                            <\/div>\n        <\/section>\n        \t\t<div class=\"elementor-element elementor-element-0b952e3 elementor-hidden-mobile elementor-widget elementor-widget-ct_heading\" data-id=\"0b952e3\" data-element_type=\"widget\" data-widget_type=\"ct_heading.default\">\n\t\t\t\t<div class=\"elementor-widget-container\">\n\t\t\t<div id=\"ct_heading-0b952e3\" class=\"ct-heading h-align- ct-heading-left item-st-default\">\r\n\t<div class=\"ct-heading--inner\">\r\n        <div class=\"ct-inline-css\"  data-css=\"\r\n            \">\r\n        <\/div>\r\n                <h3 class=\"item--title  st-default \" data-wow-delay=\"ms\">\r\n            <span class=\"ct-text-inner\">Profunde Reinigung &#8211; Wohnung &#8211; Haus\n<small><br>Sparen Sie mit unseren Festpreispaketen<\/small><\/span>        <\/h3>\r\n    <\/div>\r\n<\/div>\t\t<\/div>\n\t\t\t\t<\/div>\n\t\t\t\t<div class=\"elementor-element elementor-element-ecec52e elementor-hidden-desktop elementor-hidden-tablet elementor-widget elementor-widget-ct_heading\" data-id=\"ecec52e\" data-element_type=\"widget\" data-widget_type=\"ct_heading.default\">\n\t\t\t\t<div class=\"elementor-widget-container\">\n\t\t\t<div id=\"ct_heading-ecec52e\" class=\"ct-heading h-align-center ct-heading-left item-st-default\">\r\n\t<div class=\"ct-heading--inner\">\r\n        <div class=\"ct-inline-css\"  data-css=\"\r\n            \">\r\n        <\/div>\r\n                <h3 class=\"item--title  st-default \" data-wow-delay=\"ms\">\r\n            <span class=\"ct-text-inner\">Profunde Reinigung &#8211; Wohnung &#8211; Haus\n<small><br>Sparen Sie mit unseren Festpreispaketen<\/small><\/span>        <\/h3>\r\n    <\/div>\r\n<\/div>\t\t<\/div>\n\t\t\t\t<\/div>\n\t\t\t\t<div class=\"elementor-element elementor-element-50de6744 elementor-hidden-mobile elementor-widget elementor-widget-ct_text_editor\" data-id=\"50de6744\" data-element_type=\"widget\" data-widget_type=\"ct_text_editor.default\">\n\t\t\t\t<div class=\"elementor-widget-container\">\n\t\t\t<div id=\"ct_text_editor-50de6744\" class=\"ct-text-editor \" data-wow-delay=\"ms\">\n\t<div class=\"ct-item--inner\">\n\t\t<div class=\"ct-inline-css\"  data-css=\"\n\t        \t\t\t\">\n\n\t    <\/div>\n\t\t<div class=\"ct-text-editor elementor-clearfix\">\n\t\t\t<p>Im Anschluss finden Sie in unserem Buchungsformular Angebote mit Festpreisen. Reservieren Sie einfach Ihren Service f\u00fcr das von Ihnen bevorzugte Datum, indem Sie das Formular ausf\u00fcllen und abschicken. Sobald wir Ihre Reservierung erhalten haben, senden wir Ihnen eine Best\u00e4tigung. Bei Bedarf werden wir uns per E-Mail oder WhatsApp mit Ihnen in Verbindung setzen, um die Einzelheiten der Arbeitsausf\u00fchrung zu koordinieren, falls noch offene Fragen bestehen.<\/p>\t\t\n\t\t<\/div>\n\t<\/div>\n<\/div>\t\t<\/div>\n\t\t\t\t<\/div>\n\t\t\t\t<div class=\"elementor-element elementor-element-692926e elementor-hidden-desktop elementor-hidden-tablet elementor-widget elementor-widget-ct_text_editor\" data-id=\"692926e\" data-element_type=\"widget\" data-widget_type=\"ct_text_editor.default\">\n\t\t\t\t<div class=\"elementor-widget-container\">\n\t\t\t<div id=\"ct_text_editor-692926e\" class=\"ct-text-editor \" data-wow-delay=\"ms\">\n\t<div class=\"ct-item--inner\">\n\t\t<div class=\"ct-inline-css\"  data-css=\"\n\t        \t\t\t\">\n\n\t    <\/div>\n\t\t<div class=\"ct-text-editor elementor-clearfix\">\n\t\t\t<p>Im Anschluss finden Sie in unserem Buchungsformular Angebote mit Festpreisen. Reservieren Sie einfach Ihren Service f\u00fcr das von Ihnen bevorzugte Datum, indem Sie das Formular ausf\u00fcllen und abschicken. Sobald wir Ihre Reservierung erhalten haben, senden wir Ihnen eine Best\u00e4tigung. Bei Bedarf werden wir uns per E-Mail oder WhatsApp mit Ihnen in Verbindung setzen, um die Einzelheiten der Arbeitsausf\u00fchrung zu koordinieren, falls noch offene Fragen bestehen.<\/p>\t\t\n\t\t<\/div>\n\t<\/div>\n<\/div>\t\t<\/div>\n\t\t\t\t<\/div>\n\t\t\t\t<div class=\"elementor-element elementor-element-e29a3f0 elementor-widget elementor-widget-text-editor\" data-id=\"e29a3f0\" data-element_type=\"widget\" data-widget_type=\"text-editor.default\">\n\t\t\t\t<div class=\"elementor-widget-container\">\n\t\t\t<style>\/*! elementor - v3.18.0 - 08-12-2023 *\/\n.elementor-widget-text-editor.elementor-drop-cap-view-stacked .elementor-drop-cap{background-color:#69727d;color:#fff}.elementor-widget-text-editor.elementor-drop-cap-view-framed .elementor-drop-cap{color:#69727d;border:3px solid;background-color:transparent}.elementor-widget-text-editor:not(.elementor-drop-cap-view-default) .elementor-drop-cap{margin-top:8px}.elementor-widget-text-editor:not(.elementor-drop-cap-view-default) .elementor-drop-cap-letter{width:1em;height:1em}.elementor-widget-text-editor .elementor-drop-cap{float:left;text-align:center;line-height:1;font-size:50px}.elementor-widget-text-editor .elementor-drop-cap-letter{display:inline-block}<\/style>\t\t\t\t<p><!--\nPlugin Name: Bookly \u2013 Responsive WordPress Appointment Booking and Scheduling Plugin\nPlugin URI: https:\/\/www.booking-wp-plugin.com\/?utm_source=bookly_admin&utm_medium=plugins_page&utm_campaign=plugins_page\nVersion: 22.6-->\n    <style type=\"text\/css\">\n        :root {\n            --bookly-main-color: #ffaa11 !important;\n        }\n        \/* Color *\/\n        .bookly-form .bookly-form-group > label,\n        .bookly-form .bookly-label-error,\n        .bookly-form .bookly-progress-tracker > .active,\n        .bookly-form .picker__nav--next,\n        .bookly-form .pickadate__nav--prev,\n        .bookly-form .picker__day:hover,\n        .bookly-form .picker__day--selected:hover,\n        .bookly-form .picker--opened .picker__day--selected,\n        .bookly-form .picker__button--clear,\n        .bookly-form .picker__button--today,\n        .bookly-form .bookly-columnizer .bookly-hour span.bookly-waiting-list {\n            color: #ffaa11 !important;\n        }\n\n        \/* Background *\/\n        .bookly-form .bookly-progress-tracker > .active .step,\n        .bookly-form .picker__frame,\n        .bookly-form .bookly-service-step .bookly-week-days label,\n        .bookly-form .bookly-repeat-step .bookly-week-days label,\n        .bookly-form .bookly-columnizer .bookly-hour:active .bookly-hour-icon span,\n        .bookly-form .bookly-btn,\n        .bookly-form .bookly-btn:active,\n        .bookly-form .bookly-btn:focus,\n        .bookly-form .bookly-btn:hover,\n        .bookly-form .bookly-btn-submit,\n        .bookly-form .bookly-round,\n        .bookly-form .bookly-square,\n        .bookly-form .bookly-pagination > li.active {\n            background-color: #ffaa11 !important;\n        }\n\n        .bookly-form .bookly-triangle {\n            border-bottom-color: #ffaa11 !important;\n        }\n\n        \/* Border *\/\n        .bookly-form input[type=\"text\"].bookly-error,\n        .bookly-form input[type=\"password\"].bookly-error,\n        .bookly-form select.bookly-error,\n        .bookly-form textarea.bookly-error,\n        .bookly-form .bookly-week-days.bookly-error,\n        .bookly-extra-step div.bookly-extras-thumb.bookly-extras-selected {\n            border: 2px solid #ffaa11 !important;\n        }\n\n        \/* Other *\/\n        .bookly-form .picker__header {\n            border-bottom: 1px solid #ffaa11 !important;\n        }\n\n        .bookly-form .picker__nav--next:before {\n            border-left: 6px solid #ffaa11 !important;\n        }\n\n        .bookly-form .picker__nav--prev:before {\n            border-right: 6px solid #ffaa11 !important;\n        }\n\n        .bookly-form .bookly-service-step .bookly-week-days label.active, .bookly-form .bookly-repeat-step .bookly-week-days label.active {\n            background: #ffaa11 url(https:\/\/www.casentro.es\/wp-content\/plugins\/bookly-responsive-appointment-booking-tool\/frontend\/resources\/images\/checkbox.png) 0 0 no-repeat !important;\n        }\n\n        .bookly-form .bookly-columnizer .bookly-day, .bookly-form .bookly-schedule-date {\n            background: #ffaa11 !important;\n            border: 1px solid #ffaa11 !important;\n        }\n\n        .bookly-form .bookly-pagination > li.active a {\n            border: 1px solid #ffaa11 !important;\n        }\n\n        .bookly-form .bookly-columnizer .bookly-hour:active {\n            border: 2px solid #ffaa11 !important;\n            color: #ffaa11 !important;\n        }\n\n        .bookly-form .bookly-columnizer .bookly-hour:active .bookly-hour-icon {\n            background: none;\n            border: 2px solid #ffaa11 !important;\n            color: #ffaa11 !important;\n            width: auto;\n            height: auto;\n            padding: 3px;\n            border-radius: 25px;\n            margin-right: 3px;\n        }\n\n        .bookly-form .bookly-columnizer .bookly-hour:active .bookly-hour-icon span {\n            background-color: #ffaa11 !important;\n            width: 8px;\n            height: 8px;\n            border-radius: 10px;\n            display: block;\n        }\n\n        @media (hover) {\n            .bookly-form .bookly-columnizer .bookly-hour:hover {\n                border: 2px solid #ffaa11 !important;\n                color: #ffaa11 !important;\n            }\n\n            .bookly-form .bookly-columnizer .bookly-hour:hover .bookly-hour-icon {\n                background: none;\n                border: 2px solid #ffaa11 !important;\n                color: #ffaa11 !important;\n            }\n\n            .bookly-form .bookly-columnizer .bookly-hour:hover .bookly-hour-icon span {\n                background-color: #ffaa11 !important;\n            }\n        }\n    <\/style>\n\n    <style type=\"text\/css\">\n        input[type=\"text\"], input[type=\"email\"], input[type=\"url\"], input[type=\"password\"], input[type=\"search\"], input[type=\"tel\"], input[type=\"number\"], input[type=\"range\"], input[type=\"date\"], input[type=\"month\"], input[type=\"week\"], input[type=\"time\"], input[type=\"datetime\"], input[type=\"datetime-local\"], input[type=\"color\"], textarea, select, .nice-select {\n    background-color: #fff;\n    border: 1px solid #e3e7f2;\n    color: #1a1a1a;\n    padding: 6px 22px;\n    line-height: normal;\n    font-size: 15px;\n    font-weight: 400;\n    height: 50px;\n    -webkit-transition: all 200ms linear 0ms;\n    -khtml-transition: all 200ms linear 0ms;\n    -moz-transition: all 200ms linear 0ms;\n    -ms-transition: all 200ms linear 0ms;\n    -o-transition: all 200ms linear 0ms;\n    transition: all 200ms linear 0ms;\n    -webkit-box-shadow: none;\n    -khtml-box-shadow: none;\n    -moz-box-shadow: none;\n    -ms-box-shadow: none;\n    -o-box-shadow: none;\n    box-shadow: none;\n    -webkit-border-radius: 0;\n    -khtml-border-radius: 0;\n    -moz-border-radius: 0;\n    -ms-border-radius: 0;\n    -o-border-radius: 0;\n    border-radius: 0;\n    width: 100%;\n    outline: none;\n}    <\/style>\n<div id=\"bookly-form-69dcedee9add9\" class=\"bookly-form\" data-form_id=\"69dcedee9add9\">\n    <div style=\"text-align: center\"><img decoding=\"async\" src=\"https:\/\/www.casentro.es\/wp-includes\/js\/tinymce\/skins\/lightgray\/img\/loader.gif\" alt=\"Wird geladen ...\"\/><\/div>\n<\/div>\n<script type=\"text\/javascript\">\n    (function (win, fn) {\n        var done = false, top = true,\n            doc = win.document,\n            root = doc.documentElement,\n            modern = doc.addEventListener,\n            add = modern ? 'addEventListener' : 'attachEvent',\n            rem = modern ? 'removeEventListener' : 'detachEvent',\n            pre = modern ? '' : 'on',\n            init = function(e) {\n                if (e.type == 'readystatechange') if (doc.readyState != 'complete') return;\n                (e.type == 'load' ? win : doc)[rem](pre + e.type, init, false);\n                if (!done) { done = true; fn.call(win, e.type || e); }\n            },\n            poll = function() {\n                try { root.doScroll('left'); } catch(e) { setTimeout(poll, 50); return; }\n                init('poll');\n            };\n        if (doc.readyState == 'complete') fn.call(win, 'lazy');\n        else {\n            if (!modern) if (root.doScroll) {\n                try { top = !win.frameElement; } catch(e) { }\n                if (top) poll();\n            }\n            doc[add](pre + 'DOMContentLoaded', init, false);\n            doc[add](pre + 'readystatechange', init, false);\n            win[add](pre + 'load', init, false);\n        }\n    })(window, function() {\n        window.bookly( {\"form_id\":\"69dcedee9add9\",\"status\":{\"booking\":\"new\"},\"skip_steps\":{\"service_part1\":0,\"service_part2\":0,\"extras\":1,\"time\":0,\"repeat\":1,\"cart\":1},\"errors\":{\"session_error\":\"Session-Fehler.\",\"form_id_error\":\"Formular-ID Fehler.\",\"cart_item_not_available\":\"Der ausgew\\u00e4hlte Termin ist nicht mehr verf\\u00fcgbar. Bitte w\\u00e4hlen Sie ein anderes Zeitfenster.\",\"pay_locally_not_available\":\"Vor Ort zahlen ist nicht verf\\u00fcgbar.\",\"invalid_gateway\":\"Ung\\u00fcltiger Zugang.\",\"payment_error\":\"Fehler.\",\"incorrect_username_password\":\"Der Benutzername oder das Passwort ist falsch.\"},\"form_attributes\":{\"hide_categories\":false,\"hide_services\":false,\"hide_staff_members\":false,\"show_number_of_persons\":false,\"hide_service_duration\":true,\"hide_locations\":false,\"hide_quantity\":true,\"hide_date\":false,\"hide_week_days\":false,\"hide_time_range\":false},\"use_client_time_zone\":0,\"firstDay\":1,\"date_format\":\"dd\\\/mm\\\/yyyy\",\"defaults\":{\"service_id\":0,\"staff_id\":0,\"location_id\":0,\"category_id\":4},\"facebook\":{\"enabled\":0,\"appId\":\"\"}} );\n    });\n<\/script><\/p>\t\t\t\t\t\t<\/div>\n\t\t\t\t<\/div>\n\t\t\t\t<div class=\"elementor-element elementor-element-ceb72a1 elementor-widget elementor-widget-ct_text_editor\" data-id=\"ceb72a1\" data-element_type=\"widget\" data-widget_type=\"ct_text_editor.default\">\n\t\t\t\t<div class=\"elementor-widget-container\">\n\t\t\t<div id=\"ct_text_editor-ceb72a1\" class=\"ct-text-editor \" data-wow-delay=\"ms\">\n\t<div class=\"ct-item--inner\">\n\t\t<div class=\"ct-inline-css\"  data-css=\"\n\t        \t\t\t\">\n\n\t    <\/div>\n\t\t<div class=\"ct-text-editor elementor-clearfix\">\n\t\t\t<p style=\"font-size: 14px;line-height: 20px\">Alle Preise beinhalten die Mehrwertsteuer (MwSt) in H\u00f6he von 21 %.<\/p>\t\t\n\t\t<\/div>\n\t<\/div>\n<\/div>\t\t<\/div>\n\t\t\t\t<\/div>\n\t\t            <\/div>\n        <\/div>\n                            <\/div>\n        <\/section>\n        \t\t\t\t\t<\/div>\n\t\t","protected":false},"excerpt":{"rendered":"<p>Profunde Reinigung &#8211; Wohnung &#8211; Haus Sparen Sie mit unseren Festpreispaketen Profunde Reinigung &#8211; Wohnung &#8211; Haus Sparen Sie mit unseren Festpreispaketen Im Anschluss finden Sie in unserem Buchungsformular Angebote mit Festpreisen. Reservieren Sie einfach Ihren Service f\u00fcr das von Ihnen bevorzugte Datum, indem Sie das Formular ausf\u00fcllen und abschicken. Sobald wir Ihre Reservierung erhalten [&hellip;]<\/p>\n","protected":false},"author":1,"featured_media":13728,"parent":0,"menu_order":0,"comment_status":"closed","ping_status":"closed","template":"","meta":{"inline_featured_image":false,"footnotes":""},"class_list":["post-14879","page","type-page","status-publish","has-post-thumbnail","hentry"],"_links":{"self":[{"href":"https:\/\/www.casentro.es\/de\/wp-json\/wp\/v2\/pages\/14879","targetHints":{"allow":["GET"]}}],"collection":[{"href":"https:\/\/www.casentro.es\/de\/wp-json\/wp\/v2\/pages"}],"about":[{"href":"https:\/\/www.casentro.es\/de\/wp-json\/wp\/v2\/types\/page"}],"author":[{"embeddable":true,"href":"https:\/\/www.casentro.es\/de\/wp-json\/wp\/v2\/users\/1"}],"replies":[{"embeddable":true,"href":"https:\/\/www.casentro.es\/de\/wp-json\/wp\/v2\/comments?post=14879"}],"version-history":[{"count":8,"href":"https:\/\/www.casentro.es\/de\/wp-json\/wp\/v2\/pages\/14879\/revisions"}],"predecessor-version":[{"id":15015,"href":"https:\/\/www.casentro.es\/de\/wp-json\/wp\/v2\/pages\/14879\/revisions\/15015"}],"wp:featuredmedia":[{"embeddable":true,"href":"https:\/\/www.casentro.es\/de\/wp-json\/wp\/v2\/media\/13728"}],"wp:attachment":[{"href":"https:\/\/www.casentro.es\/de\/wp-json\/wp\/v2\/media?parent=14879"}],"curies":[{"name":"wp","href":"https:\/\/api.w.org\/{rel}","templated":true}]}}