{"id":9582,"date":"2023-09-12T05:17:56","date_gmt":"2023-09-12T05:17:56","guid":{"rendered":"https:\/\/www.casentro.es\/?page_id=9582"},"modified":"2023-09-12T11:40:11","modified_gmt":"2023-09-12T11:40:11","slug":"allgemeine-geschaftsbedingungen","status":"publish","type":"page","link":"https:\/\/www.casentro.es\/de\/allgemeine-geschaftsbedingungen","title":{"rendered":"Allgemeine Gesch\u00e4ftsbedingungen (AGB)"},"content":{"rendered":"\t\t<div data-elementor-type=\"wp-page\" data-elementor-id=\"9582\" class=\"elementor elementor-9582 elementor-9579\">\n\t\t\t\t\t\t\t        <section class=\"elementor-section elementor-top-section elementor-element elementor-element-7ae3bb8 elementor-section-boxed elementor-section-height-default elementor-section-height-default ct-header-fixed-none\" data-id=\"7ae3bb8\" data-element_type=\"section\">\n            \n                        <div class=\"elementor-container elementor-column-gap-default \">\n                    <div class=\"elementor-column elementor-col-100 elementor-top-column elementor-element elementor-element-1bf5b34\" data-id=\"1bf5b34\" data-element_type=\"column\">\n            <div class=\"elementor-widget-wrap elementor-element-populated\">\n                        \t\t<div class=\"elementor-element elementor-element-205c0b2 elementor-widget elementor-widget-ct_text_editor\" data-id=\"205c0b2\" data-element_type=\"widget\" data-widget_type=\"ct_text_editor.default\">\n\t\t\t\t<div class=\"elementor-widget-container\">\n\t\t\t<div id=\"ct_text_editor-205c0b2\" class=\"ct-text-editor \" data-wow-delay=\"ms\">\n\t<div class=\"ct-item--inner\">\n\t\t<div class=\"ct-inline-css\"  data-css=\"\n\t        \t\t\t\">\n\n\t    <\/div>\n\t\t<div class=\"ct-text-editor elementor-clearfix\">\n\t\t\t<h1>Allgemeine Gesch\u00e4ftsbedingungen (AGB)<\/h1><p>\u00a0<\/p><p>Allgemeine Gesch\u00e4ftsbedingungen von &#8220;casentro&#8221; f\u00fcr die Vermittlung von Reinigungs- und Handwerksleistungen<\/p><p><strong>1. Anwendungsbereich<\/strong><br \/>Diese Allgemeinen Gesch\u00e4ftsbedingungen (AGB) regeln die vertragliche Beziehung zwischen der Internetplattform &#8220;casentro&#8221; (im Folgenden &#8220;die Plattform&#8221; genannt) und den Nutzern (im Folgenden &#8220;die Nutzer&#8221; genannt), die die Plattform zur Suche nach Reinigungs- und Handwerksleistungen nutzen. Diese AGB gelten gem\u00e4\u00df spanischem Recht.<\/p><p><strong>2. Kostenlose Vermittlungsdienste<\/strong><br \/>Die Plattform &#8220;casentro&#8221; bietet kostenlose Vermittlungsdienste zur Suche nach Reinigungs- und Handwerksleistungen f\u00fcr suchende Nutzer an. Es fallen keine Geb\u00fchren oder Provisionen f\u00fcr die Vermittlung an.<\/p><p><strong>3. Verantwortung der Nutzer<\/strong><br \/>Die Nutzer sind f\u00fcr die Auswahl und Beauftragung der \u00fcber die Plattform angebotenen Reinigungs- und Handwerksleistungen verantwortlich. Die Plattform \u00fcbernimmt keine Verantwortung f\u00fcr die Qualit\u00e4t der erbrachten Dienstleistungen oder das Verhalten der Arbeitskr\u00e4fte.<\/p><p><strong>4. Haftungsausschluss<\/strong><br \/>Die Plattform &#8220;casentro&#8221; \u00fcbernimmt keine Haftung f\u00fcr die Handlungen, Unterlassungen oder Fahrl\u00e4ssigkeiten der auf der Plattform registrierten Arbeitskr\u00e4fte oder Dienstleister. Etwaige Konflikte oder Streitigkeiten zwischen den Nutzern und den Arbeitskr\u00e4ften m\u00fcssen direkt zwischen den beteiligten Parteien gekl\u00e4rt werden.<\/p><p><strong>5. Verwendung von personenbezogenen Daten<\/strong><br \/>Die Plattform &#8220;casentro&#8221; erhebt und verarbeitet personenbezogene Daten der Nutzer gem\u00e4\u00df den geltenden Datenschutzgesetzen in Spanien. Die Plattform verpflichtet sich, personenbezogene Daten vertraulich zu behandeln und ausschlie\u00dflich f\u00fcr Vermittlungszwecke zu verwenden.<\/p><p><strong>6. \u00c4nderungen der AGB<\/strong><br \/>Die Plattform &#8220;casentro&#8221; beh\u00e4lt sich das Recht vor, diese AGB jederzeit zu \u00e4ndern. Die Nutzer werden \u00fcber \u00c4nderungen \u00fcber die Plattform informiert. Die fortgesetzte Nutzung der Plattform stellt die Zustimmung zu den ge\u00e4nderten AGB dar.<\/p><p><strong>7. Anwendbares Recht und Gerichtsstand<\/strong><br \/>Diese AGB unterliegen spanischem Recht. Etwaige Streitigkeiten im Zusammenhang mit diesen AGB unterliegen der Gerichtsbarkeit der Gerichte von [Gerichtsstandort].<\/p><p>Diese Allgemeinen Gesch\u00e4ftsbedingungen gelten ab dem Datum ihrer Ver\u00f6ffentlichung auf der Plattform &#8220;casentro&#8221; und gelten f\u00fcr alle \u00fcber die Plattform get\u00e4tigten Transaktionen. Die Nutzer m\u00fcssen diese AGB lesen und akzeptieren, bevor sie die Plattform nutzen.<\/p><p><strong>valideron S.L.<\/strong><br \/>E-Mail: info@casentro.es<br \/>Telefon: +652 527 033<br \/>Datum: 11.09.2023<\/p>\t\t\n\t\t<\/div>\n\t<\/div>\n<\/div>\t\t<\/div>\n\t\t\t\t<\/div>\n\t\t            <\/div>\n        <\/div>\n                            <\/div>\n        <\/section>\n                <section class=\"elementor-section elementor-top-section elementor-element elementor-element-431952e elementor-section-boxed elementor-section-height-default elementor-section-height-default ct-header-fixed-none\" data-id=\"431952e\" data-element_type=\"section\">\n            \n                        <div class=\"elementor-container elementor-column-gap-default \">\n                    <div class=\"elementor-column elementor-col-100 elementor-top-column elementor-element elementor-element-a7936e5\" data-id=\"a7936e5\" data-element_type=\"column\">\n            <div class=\"elementor-widget-wrap elementor-element-populated\">\n                        \t\t<div class=\"elementor-element elementor-element-7e28eb9 elementor-widget elementor-widget-spacer\" data-id=\"7e28eb9\" data-element_type=\"widget\" data-widget_type=\"spacer.default\">\n\t\t\t\t<div class=\"elementor-widget-container\">\n\t\t\t<style>\/*! elementor - v3.18.0 - 08-12-2023 *\/\n.elementor-column .elementor-spacer-inner{height:var(--spacer-size)}.e-con{--container-widget-width:100%}.e-con-inner>.elementor-widget-spacer,.e-con>.elementor-widget-spacer{width:var(--container-widget-width,var(--spacer-size));--align-self:var(--container-widget-align-self,initial);--flex-shrink:0}.e-con-inner>.elementor-widget-spacer>.elementor-widget-container,.e-con>.elementor-widget-spacer>.elementor-widget-container{height:100%;width:100%}.e-con-inner>.elementor-widget-spacer>.elementor-widget-container>.elementor-spacer,.e-con>.elementor-widget-spacer>.elementor-widget-container>.elementor-spacer{height:100%}.e-con-inner>.elementor-widget-spacer>.elementor-widget-container>.elementor-spacer>.elementor-spacer-inner,.e-con>.elementor-widget-spacer>.elementor-widget-container>.elementor-spacer>.elementor-spacer-inner{height:var(--container-widget-height,var(--spacer-size))}.e-con-inner>.elementor-widget-spacer.elementor-widget-empty,.e-con>.elementor-widget-spacer.elementor-widget-empty{position:relative;min-height:22px;min-width:22px}.e-con-inner>.elementor-widget-spacer.elementor-widget-empty .elementor-widget-empty-icon,.e-con>.elementor-widget-spacer.elementor-widget-empty .elementor-widget-empty-icon{position:absolute;top:0;bottom:0;left:0;right:0;margin:auto;padding:0;width:22px;height:22px}<\/style>\t\t<div class=\"elementor-spacer\">\n\t\t\t<div class=\"elementor-spacer-inner\"><\/div>\n\t\t<\/div>\n\t\t\t\t<\/div>\n\t\t\t\t<\/div>\n\t\t            <\/div>\n        <\/div>\n                            <\/div>\n        <\/section>\n        \t\t\t\t\t<\/div>\n\t\t","protected":false},"excerpt":{"rendered":"<p>Allgemeine Gesch\u00e4ftsbedingungen (AGB) Allgemeine Gesch\u00e4ftsbedingungen von &#8220;casentro&#8221; f\u00fcr die Vermittlung von Reinigungs- und Handwerksleistungen 1. Anwendungsbereich Diese Allgemeinen Gesch\u00e4ftsbedingungen (AGB) regeln die vertragliche Beziehung zwischen der Internetplattform &#8220;casentro&#8221; (im Folgenden &#8220;die Plattform&#8221; genannt) und den Nutzern (im Folgenden &#8220;die Nutzer&#8221; genannt), die die Plattform zur Suche nach Reinigungs- und Handwerksleistungen nutzen. Diese AGB gelten gem\u00e4\u00df [&hellip;]<\/p>\n","protected":false},"author":1,"featured_media":0,"parent":0,"menu_order":0,"comment_status":"closed","ping_status":"closed","template":"","meta":{"inline_featured_image":false,"footnotes":""},"class_list":["post-9582","page","type-page","status-publish","hentry"],"_links":{"self":[{"href":"https:\/\/www.casentro.es\/de\/wp-json\/wp\/v2\/pages\/9582","targetHints":{"allow":["GET"]}}],"collection":[{"href":"https:\/\/www.casentro.es\/de\/wp-json\/wp\/v2\/pages"}],"about":[{"href":"https:\/\/www.casentro.es\/de\/wp-json\/wp\/v2\/types\/page"}],"author":[{"embeddable":true,"href":"https:\/\/www.casentro.es\/de\/wp-json\/wp\/v2\/users\/1"}],"replies":[{"embeddable":true,"href":"https:\/\/www.casentro.es\/de\/wp-json\/wp\/v2\/comments?post=9582"}],"version-history":[{"count":8,"href":"https:\/\/www.casentro.es\/de\/wp-json\/wp\/v2\/pages\/9582\/revisions"}],"predecessor-version":[{"id":9665,"href":"https:\/\/www.casentro.es\/de\/wp-json\/wp\/v2\/pages\/9582\/revisions\/9665"}],"wp:attachment":[{"href":"https:\/\/www.casentro.es\/de\/wp-json\/wp\/v2\/media?parent=9582"}],"curies":[{"name":"wp","href":"https:\/\/api.w.org\/{rel}","templated":true}]}}