{"id":9726,"date":"2023-09-13T06:07:09","date_gmt":"2023-09-13T06:07:09","guid":{"rendered":"https:\/\/www.casentro.es\/?page_id=9726"},"modified":"2023-09-13T06:39:37","modified_gmt":"2023-09-13T06:39:37","slug":"impressum","status":"publish","type":"page","link":"https:\/\/www.casentro.es\/de\/impressum","title":{"rendered":"Impressum"},"content":{"rendered":"\t\t<div data-elementor-type=\"wp-page\" data-elementor-id=\"9726\" class=\"elementor elementor-9726 elementor-9723\">\n\t\t\t\t\t\t\t        <section class=\"elementor-section elementor-top-section elementor-element elementor-element-7ae3bb8 elementor-hidden-desktop elementor-hidden-tablet elementor-hidden-mobile elementor-section-boxed elementor-section-height-default elementor-section-height-default ct-header-fixed-none\" data-id=\"7ae3bb8\" data-element_type=\"section\">\n            \n                        <div class=\"elementor-container elementor-column-gap-default \">\n                    <div class=\"elementor-column elementor-col-100 elementor-top-column elementor-element elementor-element-1bf5b34\" data-id=\"1bf5b34\" data-element_type=\"column\">\n            <div class=\"elementor-widget-wrap elementor-element-populated\">\n                        \t\t<div class=\"elementor-element elementor-element-205c0b2 elementor-widget elementor-widget-ct_text_editor\" data-id=\"205c0b2\" data-element_type=\"widget\" data-widget_type=\"ct_text_editor.default\">\n\t\t\t\t<div class=\"elementor-widget-container\">\n\t\t\t<div id=\"ct_text_editor-205c0b2\" class=\"ct-text-editor \" data-wow-delay=\"ms\">\n\t<div class=\"ct-item--inner\">\n\t\t<div class=\"ct-inline-css\"  data-css=\"\n\t        \t\t\t\">\n\n\t    <\/div>\n\t\t<div class=\"ct-text-editor elementor-clearfix\">\n\t\t\t<h2>IMPRESSUM UND ALLGEMEINE GESCH\u00c4FTSBEDINGUNGEN<\/h2><h4 style=\"margin-top: 45px\">www.casentro.es<\/h4><h4 style=\"margin-top: 45px\">I. ALLGEMEINE INFORMATIONEN<\/h4><p style=\"margin-top: 25px\">Im Einklang mit der Informationspflicht gem\u00e4\u00df dem Gesetz 34\/2002 \u00fcber Dienste der Informationsgesellschaft und des elektronischen Gesch\u00e4ftsverkehrs (LSSI-CE) vom 11. Juli werden nachstehend die folgenden allgemeinen Informationen \u00fcber diese Website bereitgestellt:<\/p><p style=\"margin-top: 25px\">Die Eigent\u00fcmerschaft dieser Website, <u>www.casentro.es<\/u>, (nachfolgend als &#8220;Website&#8221; bezeichnet)<\/p><p style=\"margin-top: 25px\"><b>liegt bei:<\/b> <u>valideron &#8211; Consultor\u00eda Informatica S.L.<\/u>, mit der USt-IdNr.: <span class=\"blanc-space ng-binding\">B56243371<\/span> und eingetragen im: <span class=\"blanc-space ng-binding\">Handelsregister von Valencia<\/span> mit folgenden Registrierungsdaten: <span class=\"blanc-space ng-binding\">Band 11420, Buch 8698, Blatt 37, Abschnitt 8, Seite V 212530, Eintrag 1<\/span>, dessen Vertreter ist: <u>Gerbl Timmy<\/u>, und dessen Kontaktdaten lauten:<\/p><p style=\"margin-top: 25px\"><b>Adresse:<\/b> <u>Gran V\u00eda Fernando Cat\u00f3lico Nr. 5 &#8211; T\u00fcr 8 &#8211; 46008 Valencia (Valencia)<\/u><\/p><p style=\"margin-top: 25px\"><b>Kontakttelefon:<\/b> &lt;u&#8221;&gt;+34 652 527 033<\/p><p style=\"margin-top: 25px\"><b>Kontakt-E-Mail:<\/b> <u>info@casentro.es<\/u><\/p>\t\t\n\t\t<\/div>\n\t<\/div>\n<\/div>\t\t<\/div>\n\t\t\t\t<\/div>\n\t\t            <\/div>\n        <\/div>\n                            <\/div>\n        <\/section>\n                <section class=\"elementor-section elementor-top-section elementor-element elementor-element-767d4b4 elementor-section-boxed elementor-section-height-default elementor-section-height-default ct-header-fixed-none\" data-id=\"767d4b4\" data-element_type=\"section\">\n            \n                        <div class=\"elementor-container elementor-column-gap-default \">\n                    <div class=\"elementor-column elementor-col-100 elementor-top-column elementor-element elementor-element-28f8356\" data-id=\"28f8356\" data-element_type=\"column\">\n            <div class=\"elementor-widget-wrap elementor-element-populated\">\n                        \t\t<div class=\"elementor-element elementor-element-c856512 elementor-widget elementor-widget-ct_text_editor\" data-id=\"c856512\" data-element_type=\"widget\" data-widget_type=\"ct_text_editor.default\">\n\t\t\t\t<div class=\"elementor-widget-container\">\n\t\t\t<div id=\"ct_text_editor-c856512\" class=\"ct-text-editor \" data-wow-delay=\"ms\">\n\t<div class=\"ct-item--inner\">\n\t\t<div class=\"ct-inline-css\"  data-css=\"\n\t        \t\t\t\">\n\n\t    <\/div>\n\t\t<div class=\"ct-text-editor elementor-clearfix\">\n\t\t\t<h4 style=\"margin-top: 45px\">II. ALLGEMEINE GESCH\u00c4FTSBEDINGUNGEN<\/h4><p><strong style=\"margin-top: 25px\">Gegenstand der Bedingungen:<\/strong> Die Website<\/p><p style=\"margin-top: 25px\">Der Zweck dieser Allgemeinen Gesch\u00e4ftsbedingungen (im Folgenden &#8220;Bedingungen&#8221;) besteht darin, den Zugang und die Nutzung der Website zu regeln. Im Sinne dieser Bedingungen bezieht sich die Bezeichnung &#8220;Website&#8221; auf das \u00e4u\u00dfere Erscheinungsbild der Bildschirmschnittstellen, sowohl in statischer als auch in dynamischer Form, d.h. auf die Navigationsstruktur, sowie auf alle Elemente, die sowohl in den Bildschirmschnittstellen als auch in der Navigationsstruktur integriert sind (im Folgenden &#8220;Inhalte&#8221;) und auf alle Dienste oder Ressourcen, die den Benutzern gegebenenfalls angeboten werden (im Folgenden &#8220;Dienste&#8221;).<\/p><p style=\"margin-top: 25px\">casentro beh\u00e4lt sich das Recht vor, die Pr\u00e4sentation und Konfiguration der Website sowie der Inhalte und Dienste, die darin enthalten sein k\u00f6nnen, jederzeit und ohne vorherige Ank\u00fcndigung zu \u00e4ndern. Der Benutzer erkennt an und akzeptiert, dass casentro jederzeit einen oder mehrere dieser Bestandteile der Website oder den Zugang zu ihnen unterbrechen, deaktivieren und\/oder stornieren kann.<\/p><p style=\"margin-top: 25px\">Der Zugang des Benutzers zur Website erfolgt frei und ist in der Regel kostenlos, ohne dass der Benutzer eine Gegenleistung erbringen muss, um davon profitieren zu k\u00f6nnen, es sei denn, es handelt sich um die Kosten f\u00fcr die Verbindung \u00fcber das Telekommunikationsnetzwerk, die vom vom Benutzer gew\u00e4hlten Zugangsprovider bereitgestellt wird.<\/p><p style=\"margin-top: 25px\">Die Nutzung einiger Inhalte oder Dienste der Website kann eine vorherige Anmeldung oder Registrierung des Benutzers erfordern.<\/p><h5 style=\"margin-top: 35px\">Der Benutzer<\/h5><p>Der Zugang, die Navigation und die Nutzung der Website sowie der Bereiche, die zur Interaktion zwischen den Benutzern, dem Benutzer und casentro, wie beispielsweise Kommentare und\/oder Blogging-Bereiche, bereitgestellt werden, verleihen dem Benutzer den Status eines Nutzers. Daher akzeptiert der Benutzer, sobald er die Website besucht, alle hier festgelegten Bedingungen sowie ihre sp\u00e4teren \u00c4nderungen, unbeschadet der Anwendung der entsprechenden gesetzlichen Bestimmungen, die im jeweiligen Fall zwingend anzuwenden sind. Angesichts der Bedeutung des Vorstehenden wird dem Benutzer empfohlen, diese bei jedem Besuch der Website zu lesen.<\/p><p style=\"margin-top: 25px\">Die Website von casentro bietet eine Vielzahl von Informationen, Diensten und Daten. Der Benutzer \u00fcbernimmt die Verantwortung, die Website ordnungsgem\u00e4\u00df zu nutzen.<\/p><p style=\"margin-top: 25px\">Diese Verantwortung erstreckt sich auf die Nutzung von Informationen, Inhalten und\/oder Diensten und Daten, die von casentro angeboten werden, ohne gegen diese Bedingungen, das Gesetz, die Moral oder die \u00f6ffentliche Ordnung zu versto\u00dfen oder anderweitig die Rechte Dritter zu verletzen oder den Betrieb der Website zu beeintr\u00e4chtigen.<\/p><p style=\"margin-top: 25px\">Die Richtigkeit und Rechtm\u00e4\u00dfigkeit der vom Benutzer in den von casentro bereitgestellten Formularen zur Registrierung f\u00fcr bestimmte Inhalte oder Dienste der Website angegebenen Informationen. In jedem Fall wird der Benutzer casentro unverz\u00fcglich \u00fcber jegliche Umst\u00e4nde informieren, die einen Missbrauch der in diesen Formularen registrierten Informationen erm\u00f6glichen k\u00f6nnten, wie beispielsweise Diebstahl, Verlust oder unbefugter Zugriff auf Benutzeridentifikatoren und\/oder -passw\u00f6rter, um eine sofortige Stornierung vorzunehmen.<\/p><p style=\"margin-top: 25px\">casentro beh\u00e4lt sich das Recht vor, alle Kommentare und Beitr\u00e4ge zu entfernen, die gegen das Gesetz versto\u00dfen, die W\u00fcrde der Person verletzen, diskriminierend, fremdenfeindlich, rassistisch, pornografisch, Spam, jugendgef\u00e4hrdend oder gegen die \u00f6ffentliche Ordnung oder Sicherheit versto\u00dfen oder die nach ihrer Auffassung nicht f\u00fcr die Ver\u00f6ffentlichung geeignet sind.<\/p><p style=\"margin-top: 25px\">In jedem Fall \u00fcbernimmt casentro keine Verantwortung f\u00fcr die von den Benutzern in Kommentaren oder anderen Blogging- oder Beteiligungswerkzeugen ge\u00e4u\u00dferten Meinungen.<\/p><p style=\"margin-top: 25px\">Der einfache Zugang zu dieser Website f\u00fchrt nicht dazu, dass zwischen casentro und dem Benutzer eine kommerzielle Beziehung entsteht.<\/p><p style=\"margin-top: 25px\">Der Benutzer erkl\u00e4rt, vollj\u00e4hrig zu sein und \u00fcber ausreichende rechtliche Kapazit\u00e4t zu verf\u00fcgen, um sich an diese Bedingungen zu binden. Daher richtet sich diese Website von casentro nicht an Minderj\u00e4hrige. casentro lehnt jede Verantwortung f\u00fcr die Nichteinhaltung dieser Anforderung ab.<\/p><p style=\"margin-top: 25px\">Die Website richtet sich haupts\u00e4chlich an Benutzer, die in Spanien ans\u00e4ssig sind. casentro garantiert nicht, dass die Website die Gesetze anderer L\u00e4nder vollst\u00e4ndig oder teilweise einh\u00e4lt. Wenn der Benutzer an einem anderen Ort wohnt oder seinen Wohnsitz hat und sich entscheidet, auf die Website zuzugreifen und\/oder darin zu navigieren, geschieht dies auf eigene Gefahr. Der Benutzer muss sicherstellen, dass dieser Zugriff und diese Navigation den \u00f6rtlichen Gesetzen entsprechen, die f\u00fcr ihn gelten, und casentro \u00fcbernimmt keine Verantwortung f\u00fcr m\u00f6gliche Folgen dieses Zugriffs.<\/p><h4 style=\"margin-top: 45px\">III. ZUGANG UND NAVIGATION AUF DER WEBSITE: AUSSCHLUSS VON GARANTIEN UND HAFTUNG<\/h4><p style=\"margin-top: 25px\">casentro garantiert nicht die Kontinuit\u00e4t, Verf\u00fcgbarkeit und N\u00fctzlichkeit der Website sowie der Inhalte oder Dienste. casentro wird sein Bestes tun, um den ordnungsgem\u00e4\u00dfen Betrieb der Website sicherzustellen, \u00fcbernimmt jedoch keine Verantwortung daf\u00fcr, dass der Zugriff auf diese Website unterbrechungsfrei erfolgt oder fehlerfrei ist.<\/p><p style=\"margin-top: 25px\">casentro \u00fcbernimmt ebenfalls keine Verantwortung oder Garantie daf\u00fcr, dass der Inhalt oder die Software, auf die \u00fcber diese Website zugegriffen werden kann, fehlerfrei ist oder das Computersystem (Software und Hardware) des Benutzers besch\u00e4digt. In keinem Fall haftet casentro f\u00fcr Verluste, Sch\u00e4den oder Sch\u00e4den jeglicher Art, die durch den Zugriff, die Navigation und die Nutzung der Website verursacht werden, einschlie\u00dflich solcher, die durch Computersysteme verursacht werden oder durch die Einf\u00fchrung von Viren verursacht werden.<\/p><p style=\"margin-top: 25px\">casentro haftet auch nicht f\u00fcr Sch\u00e4den, die Benutzern durch unsachgem\u00e4\u00dfe Nutzung dieser Website entstehen k\u00f6nnten. Insbesondere haftet casentro in keiner Weise f\u00fcr Ausf\u00e4lle, Unterbrechungen, M\u00e4ngel oder Defekte in den Telekommunikationssystemen, die auftreten k\u00f6nnen.<\/p><h4 style=\"margin-top: 45px\">IV. LINK-RICHTLINIEN<\/h4><p style=\"margin-top: 25px\">Es wird darauf hingewiesen, dass die Website von casentro den Benutzern Mittel zur Verf\u00fcgung stellt oder zur Verf\u00fcgung stellen kann, um auf Websites zuzugreifen, die Dritten geh\u00f6ren und\/oder von Dritten verwaltet werden, wie beispielsweise Links, Banner, Schaltfl\u00e4chen, Verzeichnisse und Suchmaschinen.<\/p><p style=\"margin-top: 25px\">Die Bereitstellung dieser Links, Verzeichnisse und Suchmaschinen auf der Website soll den Benutzern das Suchen und den Zugriff auf im Internet verf\u00fcgbare Informationen erleichtern und sollte nicht als Empfehlung oder Einladung zur Besichtigung dieser Websites betrachtet werden.<\/p><p style=\"margin-top: 25px\">casentro bietet gesponserte Inhalte, Anzeigen und\/oder Partnerlinks. Die Informationen in diesen Partnerlinks oder eingef\u00fcgten Anzeigen werden von den Werbetreibenden selbst bereitgestellt, daher \u00fcbernimmt casentro keine Verantwortung f\u00fcr m\u00f6gliche Ungenauigkeiten oder Fehler in den Anzeigen, noch garantiert es in irgendeiner Weise die Erfahrung, Integrit\u00e4t oder Verantwortung der Werbetreibenden oder die Qualit\u00e4t ihrer Produkte und\/oder Dienstleistungen.<\/p><p style=\"margin-top: 25px\">Dar\u00fcber hinaus garantiert es auch nicht die technische Verf\u00fcgbarkeit, Genauigkeit, Wahrheit, G\u00fcltigkeit oder Legalit\u00e4t von Websites, die nicht in seinem Besitz sind und \u00fcber die Links zugegriffen werden kann.<\/p><p style=\"margin-top: 25px\">casentro wird den Inhalt anderer Websites in keinem Fall \u00fcberpr\u00fcfen oder kontrollieren, noch billigen, \u00fcberpr\u00fcfen oder f\u00fcr Produkte und Dienstleistungen, Inhalte, Dateien und anderes Material verantwortlich sein, das auf den verlinkten Websites vorhanden ist.<\/p><p style=\"margin-top: 25px\">casentro \u00fcbernimmt keine Verantwortung f\u00fcr Sch\u00e4den und Verluste, die durch den Zugang, die Nutzung, die Qualit\u00e4t oder die Legalit\u00e4t der Inhalte, Kommunikationen, Meinungen, Produkte und Dienstleistungen auf Websites verursacht werden, die nicht von casentro verwaltet werden und auf die \u00fcber diese Website zugegriffen werden kann.<\/p><p style=\"margin-top: 25px\">Der Benutzer oder Dritte, die einen Hyperlink von einer anderen Webseite zu der Website von casentro herstellen, sollten wissen, dass:<\/p><p style=\"margin-top: 25px\">Es ist nicht gestattet, Teile oder Teile der Inhalte und\/oder Dienste der Website ohne ausdr\u00fcckliche Genehmigung von casentro ganz oder teilweise zu reproduzieren.<\/p><p style=\"margin-top: 25px\">Es ist auch nicht gestattet, falsche, ungenaue oder falsche Aussagen \u00fcber die Website von casentro oder ihre Inhalte und\/oder Dienste zu machen.<\/p><p style=\"margin-top: 25px\">Mit Ausnahme des Hyperlinks darf die Website, auf der der Hyperlink eingerichtet ist, keine Elemente dieser Website enthalten, die durch das spanische Recht als geistiges Eigentum gesch\u00fctzt sind, es sei denn, casentro hat ausdr\u00fccklich zugestimmt.<\/p><p style=\"margin-top: 25px\">Die Einrichtung des Hyperlinks bedeutet nicht, dass eine Beziehung zwischen casentro und dem Eigent\u00fcmer der Website, von der aus der Link erstellt wird, besteht, oder dass casentro die Inhalte, Dienste und\/oder Aktivit\u00e4ten auf dieser Website kennt und akzeptiert, und umgekehrt.<\/p><h4 style=\"margin-top: 45px\">V. GEISTIGES UND INDUSTRIELLES EIGENTUM<\/h4><p style=\"margin-top: 25px\">casentro ist Inhaber aller geistigen und gewerblichen Schutzrechte an der Website sowie an den darin enthaltenen Elementen (beispielsweise Bilder, Ton, Audio, Video, Software oder Texte, Marken oder Logos, Farbkombinationen, Struktur und Design, Auswahl der verwendeten Materialien, Computerprogramme, die f\u00fcr den Betrieb, den Zugang und die Nutzung erforderlich sind usw.). Diese sind daher als geistiges Eigentum nach spanischem Recht gesch\u00fctzt, wobei sowohl das spanische und europ\u00e4ische Recht in diesem Bereich als auch die von Spanien unterzeichneten internationalen Vertr\u00e4ge gelten.<\/p><p style=\"margin-top: 25px\">Alle Rechte vorbehalten. Gem\u00e4\u00df dem Gesetz \u00fcber geistiges Eigentum ist ausdr\u00fccklich untersagt, die vollst\u00e4ndigen oder teilweisen Inhalte dieser Website zu kommerziellen Zwecken zu reproduzieren, zu verteilen oder \u00f6ffentlich zug\u00e4nglich zu machen, einschlie\u00dflich der Bereitstellung in elektronischer Form auf jedem technischen Medium, ohne die Genehmigung von casentro.<\/p><p style=\"margin-top: 25px\">Der Benutzer verpflichtet sich, die geistigen und gewerblichen Schutzrechte von casentro zu respektieren. Er kann die Elemente der Website anzeigen, sogar ausdrucken, kopieren und auf der Festplatte seines Computers oder einem anderen physischen Medium speichern, vorausgesetzt, dies dient ausschlie\u00dflich seiner pers\u00f6nlichen Nutzung. Der Benutzer darf jedoch keinen Schutzmechanismus oder Sicherheitssystem entfernen, \u00e4ndern oder manipulieren, der auf der Website installiert ist.<\/p><p style=\"margin-top: 25px\">Falls der Benutzer oder Dritte der Ansicht ist, dass Inhalte auf der Website gegen Schutzrechte des geistigen Eigentums versto\u00dfen, muss dies sofort casentro \u00fcber die Kontaktdaten im Abschnitt &#8220;ALLGEMEINE INFORMATIONEN&#8221; dieser rechtlichen Hinweise und Bedingungen mitteilen.<\/p><h4 style=\"margin-top: 45px\">VI. RECHTLICHE MASSNAHMEN, ANWENDBARES RECHT UND GERICHTSBARKEIT<\/h4><p style=\"margin-top: 25px\">casentro beh\u00e4lt sich das Recht vor, zivil- oder strafrechtliche Ma\u00dfnahmen zu ergreifen, die es f\u00fcr erforderlich h\u00e4lt, aufgrund des unsachgem\u00e4\u00dfen Gebrauchs der Website und der Inhalte oder wegen Nichterf\u00fcllung dieser Bedingungen.<\/p><p style=\"margin-top: 25px\">Die Beziehung zwischen dem Benutzer und casentro unterliegt den aktuellen und in Spanien geltenden Gesetzen. Falls es zu Streitigkeiten \u00fcber die Auslegung und\/oder Anwendung dieser Bedingungen kommt, werden die Parteien ihre Konflikte der ordentlichen Gerichtsbarkeit unterwerfen und den Gerichten und Gerichtsst\u00e4nden, die nach dem Gesetz zust\u00e4ndig sind.<\/p><p style=\"margin-top: 25px\">Dieses rechtliche Hinweisdokument und die allgemeinen Nutzungsbedingungen der Website wurden am 17.08.2023 mit Hilfe des <a href=\"https:\/\/textos-legales.edgartamarit.com\/\">Online-Generators<\/a> f\u00fcr rechtliche Hinweise und Nutzungsbedingungen erstellt. Copyright \u00a9 2023 Rechtstexte angepasst an die DSGVO.<\/p>\t\t\n\t\t<\/div>\n\t<\/div>\n<\/div>\t\t<\/div>\n\t\t\t\t<\/div>\n\t\t            <\/div>\n        <\/div>\n                            <\/div>\n        <\/section>\n                <section class=\"elementor-section elementor-top-section elementor-element elementor-element-431952e elementor-section-boxed elementor-section-height-default elementor-section-height-default ct-header-fixed-none\" data-id=\"431952e\" data-element_type=\"section\">\n            \n                        <div class=\"elementor-container elementor-column-gap-default \">\n                    <div class=\"elementor-column elementor-col-100 elementor-top-column elementor-element elementor-element-a7936e5\" data-id=\"a7936e5\" data-element_type=\"column\">\n            <div class=\"elementor-widget-wrap elementor-element-populated\">\n                        \t\t<div class=\"elementor-element elementor-element-7e28eb9 elementor-widget elementor-widget-spacer\" data-id=\"7e28eb9\" data-element_type=\"widget\" data-widget_type=\"spacer.default\">\n\t\t\t\t<div class=\"elementor-widget-container\">\n\t\t\t<style>\/*! elementor - v3.18.0 - 08-12-2023 *\/\n.elementor-column .elementor-spacer-inner{height:var(--spacer-size)}.e-con{--container-widget-width:100%}.e-con-inner>.elementor-widget-spacer,.e-con>.elementor-widget-spacer{width:var(--container-widget-width,var(--spacer-size));--align-self:var(--container-widget-align-self,initial);--flex-shrink:0}.e-con-inner>.elementor-widget-spacer>.elementor-widget-container,.e-con>.elementor-widget-spacer>.elementor-widget-container{height:100%;width:100%}.e-con-inner>.elementor-widget-spacer>.elementor-widget-container>.elementor-spacer,.e-con>.elementor-widget-spacer>.elementor-widget-container>.elementor-spacer{height:100%}.e-con-inner>.elementor-widget-spacer>.elementor-widget-container>.elementor-spacer>.elementor-spacer-inner,.e-con>.elementor-widget-spacer>.elementor-widget-container>.elementor-spacer>.elementor-spacer-inner{height:var(--container-widget-height,var(--spacer-size))}.e-con-inner>.elementor-widget-spacer.elementor-widget-empty,.e-con>.elementor-widget-spacer.elementor-widget-empty{position:relative;min-height:22px;min-width:22px}.e-con-inner>.elementor-widget-spacer.elementor-widget-empty .elementor-widget-empty-icon,.e-con>.elementor-widget-spacer.elementor-widget-empty .elementor-widget-empty-icon{position:absolute;top:0;bottom:0;left:0;right:0;margin:auto;padding:0;width:22px;height:22px}<\/style>\t\t<div class=\"elementor-spacer\">\n\t\t\t<div class=\"elementor-spacer-inner\"><\/div>\n\t\t<\/div>\n\t\t\t\t<\/div>\n\t\t\t\t<\/div>\n\t\t            <\/div>\n        <\/div>\n                            <\/div>\n        <\/section>\n        \t\t\t\t\t<\/div>\n\t\t","protected":false},"excerpt":{"rendered":"<p>IMPRESSUM UND ALLGEMEINE GESCH\u00c4FTSBEDINGUNGEN www.casentro.es I. ALLGEMEINE INFORMATIONEN Im Einklang mit der Informationspflicht gem\u00e4\u00df dem Gesetz 34\/2002 \u00fcber Dienste der Informationsgesellschaft und des elektronischen Gesch\u00e4ftsverkehrs (LSSI-CE) vom 11. Juli werden nachstehend die folgenden allgemeinen Informationen \u00fcber diese Website bereitgestellt: Die Eigent\u00fcmerschaft dieser Website, www.casentro.es, (nachfolgend als &#8220;Website&#8221; bezeichnet) liegt bei: valideron &#8211; Consultor\u00eda Informatica S.L., [&hellip;]<\/p>\n","protected":false},"author":1,"featured_media":0,"parent":0,"menu_order":0,"comment_status":"closed","ping_status":"closed","template":"","meta":{"inline_featured_image":false,"footnotes":""},"class_list":["post-9726","page","type-page","status-publish","hentry"],"_links":{"self":[{"href":"https:\/\/www.casentro.es\/de\/wp-json\/wp\/v2\/pages\/9726","targetHints":{"allow":["GET"]}}],"collection":[{"href":"https:\/\/www.casentro.es\/de\/wp-json\/wp\/v2\/pages"}],"about":[{"href":"https:\/\/www.casentro.es\/de\/wp-json\/wp\/v2\/types\/page"}],"author":[{"embeddable":true,"href":"https:\/\/www.casentro.es\/de\/wp-json\/wp\/v2\/users\/1"}],"replies":[{"embeddable":true,"href":"https:\/\/www.casentro.es\/de\/wp-json\/wp\/v2\/comments?post=9726"}],"version-history":[{"count":7,"href":"https:\/\/www.casentro.es\/de\/wp-json\/wp\/v2\/pages\/9726\/revisions"}],"predecessor-version":[{"id":9747,"href":"https:\/\/www.casentro.es\/de\/wp-json\/wp\/v2\/pages\/9726\/revisions\/9747"}],"wp:attachment":[{"href":"https:\/\/www.casentro.es\/de\/wp-json\/wp\/v2\/media?parent=9726"}],"curies":[{"name":"wp","href":"https:\/\/api.w.org\/{rel}","templated":true}]}}