{"id":10276,"date":"2023-09-26T11:59:34","date_gmt":"2023-09-26T11:59:34","guid":{"rendered":"https:\/\/www.casentro.es\/preguntas-frecuentes"},"modified":"2023-10-29T06:53:21","modified_gmt":"2023-10-29T06:53:21","slug":"questions-frequentes","status":"publish","type":"page","link":"https:\/\/www.casentro.es\/fr\/questions-frequentes","title":{"rendered":"FAQ &#8211; Questions Fr\u00e9quentes"},"content":{"rendered":"\t\t<div data-elementor-type=\"wp-page\" data-elementor-id=\"10276\" class=\"elementor elementor-10276 elementor-10243\">\n\t\t\t\t\t\t\t        <section class=\"elementor-section elementor-top-section elementor-element elementor-element-7ae8d1f3 elementor-section-stretched elementor-section-boxed elementor-section-height-default elementor-section-height-default ct-header-fixed-none\" data-id=\"7ae8d1f3\" data-element_type=\"section\" data-settings=\"{&quot;stretch_section&quot;:&quot;section-stretched&quot;,&quot;background_background&quot;:&quot;classic&quot;}\">\n            \n                        <div class=\"elementor-container elementor-column-gap-extended \">\n                    <div class=\"elementor-column elementor-col-100 elementor-top-column elementor-element elementor-element-20ec1868\" data-id=\"20ec1868\" data-element_type=\"column\">\n            <div class=\"elementor-widget-wrap elementor-element-populated\">\n                                <section class=\"elementor-section elementor-inner-section elementor-element elementor-element-72dcbd5 elementor-section-content-middle elementor-section-boxed elementor-section-height-default elementor-section-height-default ct-header-fixed-none\" data-id=\"72dcbd5\" data-element_type=\"section\">\n            \n                        <div class=\"elementor-container elementor-column-gap-extended \">\n                    <div class=\"elementor-column elementor-col-50 elementor-inner-column elementor-element elementor-element-ffd5fc8\" data-id=\"ffd5fc8\" data-element_type=\"column\">\n            <div class=\"elementor-widget-wrap elementor-element-populated\">\n                        \t\t<div class=\"elementor-element elementor-element-dff96f0 elementor-widget elementor-widget-ct_heading\" data-id=\"dff96f0\" data-element_type=\"widget\" data-widget_type=\"ct_heading.default\">\n\t\t\t\t<div class=\"elementor-widget-container\">\n\t\t\t<div id=\"ct_heading-dff96f0\" class=\"ct-heading h-align- ct-heading-left item-st-default\">\r\n\t<div class=\"ct-heading--inner\">\r\n        <div class=\"ct-inline-css\"  data-css=\"\r\n            \">\r\n        <\/div>\r\n                <h3 class=\"item--title  st-default \" data-wow-delay=\"ms\">\r\n            <span class=\"ct-text-inner\">Questions Fr\u00e9quentes <small><br>sur nos Services<\/small><\/span>        <\/h3>\r\n    <\/div>\r\n<\/div>\t\t<\/div>\n\t\t\t\t<\/div>\n\t\t            <\/div>\n        <\/div>\n                <div class=\"elementor-column elementor-col-50 elementor-inner-column elementor-element elementor-element-defb314\" data-id=\"defb314\" data-element_type=\"column\">\n            <div class=\"elementor-widget-wrap elementor-element-populated\">\n                        \t\t<div class=\"elementor-element elementor-element-46341f6 elementor-widget elementor-widget-ct_text_editor\" data-id=\"46341f6\" data-element_type=\"widget\" data-widget_type=\"ct_text_editor.default\">\n\t\t\t\t<div class=\"elementor-widget-container\">\n\t\t\t<div id=\"ct_text_editor-46341f6\" class=\"ct-text-editor \" data-wow-delay=\"ms\">\n\t<div class=\"ct-item--inner\">\n\t\t<div class=\"ct-inline-css\"  data-css=\"\n\t        \t\t\t\">\n\n\t    <\/div>\n\t\t<div class=\"ct-text-editor elementor-clearfix\">\n\t\t\t<p>Trouvez des r\u00e9ponses aux questions les plus courantes sur nos services. Ici, nous vous fournissons des informations utiles pour r\u00e9pondre \u00e0 vos questions et pr\u00e9occupations.<\/p>\t\t\n\t\t<\/div>\n\t<\/div>\n<\/div>\t\t<\/div>\n\t\t\t\t<\/div>\n\t\t            <\/div>\n        <\/div>\n                            <\/div>\n        <\/section>\n                <section class=\"elementor-section elementor-inner-section elementor-element elementor-element-28570e5 elementor-section-boxed elementor-section-height-default elementor-section-height-default ct-header-fixed-none\" data-id=\"28570e5\" data-element_type=\"section\">\n            \n                        <div class=\"elementor-container elementor-column-gap-extended \">\n                    <div class=\"elementor-column elementor-col-100 elementor-inner-column elementor-element elementor-element-169af5b\" data-id=\"169af5b\" data-element_type=\"column\">\n            <div class=\"elementor-widget-wrap elementor-element-populated\">\n                        \t\t<div class=\"elementor-element elementor-element-abdbd67 elementor-widget elementor-widget-ct_accordion\" data-id=\"abdbd67\" data-element_type=\"widget\" data-widget_type=\"ct_accordion.default\">\n\t\t\t\t<div class=\"elementor-widget-container\">\n\t\t\t    <div id=\"ct_accordion-abdbd67\" class=\"ct-accordion layout1 style1 \" data-wow-duration=\"1.2s\">\r\n                    <div class=\"ct-accordion-item active\">\r\n                <div class=\"ct-ac-title active\" data-target=\"#74293f9ct_accordion-abdbd67\">\r\n                    <a class=\"ct-ac-title-text\">\r\n                        Comment programmer un rendez-vous en ligne pour des services de nettoyage ou de r\u00e9paration ?                    <\/a>\r\n                                    <\/div>\r\n                <div id=\"74293f9ct_accordion-abdbd67\" class=\"ct-ac-content\" style=\"display:block;\">Vous pouvez r\u00e9server un rendez-vous pour un service \u00e0 tout moment via notre formulaire de r\u00e9servation. Il vous suffit de s\u00e9lectionner le type de service dont vous avez besoin, de choisir la date et l'heure qui vous conviennent, et de compl\u00e9ter le processus de r\u00e9servation.<\/div>\r\n            <\/div>\r\n                    <div class=\"ct-accordion-item \">\r\n                <div class=\"ct-ac-title \" data-target=\"#84c05ffct_accordion-abdbd67\">\r\n                    <a class=\"ct-ac-title-text\">\r\n                        Quels services de nettoyage et de r\u00e9paration proposez-vous via la programmation en ligne ?                    <\/a>\r\n                                    <\/div>\r\n                <div id=\"84c05ffct_accordion-abdbd67\" class=\"ct-ac-content\">Nous proposons une vari\u00e9t\u00e9 de services, notamment le nettoyage de maison, le nettoyage de bureau, le nettoyage de vitres, les r\u00e9parations \u00e9lectriques, la plomberie, l'entretien de jardin, et bien plus encore. Vous pouvez consulter la liste compl\u00e8te des services sur notre site web.<\/div>\r\n            <\/div>\r\n                    <div class=\"ct-accordion-item \">\r\n                <div class=\"ct-ac-title \" data-target=\"#5d67e9ect_accordion-abdbd67\">\r\n                    <a class=\"ct-ac-title-text\">\r\n                        Puis-je choisir le professionnel qui effectuera le travail lors de la programmation en ligne ?                    <\/a>\r\n                                    <\/div>\r\n                <div id=\"5d67e9ect_accordion-abdbd67\" class=\"ct-ac-content\">Oui, vous pouvez s\u00e9lectionner le professionnel qui vous convient le mieux en fonction de ses avis et de ses \u00e9valuations. Vous pouvez \u00e9galement programmer avec le premier professionnel disponible si vous le pr\u00e9f\u00e9rez.<\/div>\r\n            <\/div>\r\n                    <div class=\"ct-accordion-item \">\r\n                <div class=\"ct-ac-title \" data-target=\"#b980cccct_accordion-abdbd67\">\r\n                    <a class=\"ct-ac-title-text\">\r\n                        Quel est le processus d&#039;annulation ou de report d&#039;un rendez-vous en ligne ?                    <\/a>\r\n                                    <\/div>\r\n                <div id=\"b980cccct_accordion-abdbd67\" class=\"ct-ac-content\">Vous pouvez annuler ou reporter un rendez-vous en ligne en acc\u00e9dant \u00e0 votre compte sur notre site web ou notre application. Assurez-vous de le faire avec suffisamment d'avance pour \u00e9viter des frais suppl\u00e9mentaires.<\/div>\r\n            <\/div>\r\n                    <div class=\"ct-accordion-item \">\r\n                <div class=\"ct-ac-title \" data-target=\"#bc047dbct_accordion-abdbd67\">\r\n                    <a class=\"ct-ac-title-text\">\r\n                        Comment sont d\u00e9termin\u00e9s les prix et les co\u00fbts des services programm\u00e9s en ligne ?                    <\/a>\r\n                                    <\/div>\r\n                <div id=\"bc047dbct_accordion-abdbd67\" class=\"ct-ac-content\">Les prix de nos services varient en fonction du type de travail et de la dur\u00e9e. Sur notre site web, vous trouverez une calculatrice de prix qui vous fournira une estimation. Les prix exacts seront confirm\u00e9s une fois que vous aurez programm\u00e9 le rendez-vous et que l'\u00e9tendue du travail aura \u00e9t\u00e9 \u00e9valu\u00e9e.<\/div>\r\n            <\/div>\r\n            <\/div>\r\n\t\t<\/div>\n\t\t\t\t<\/div>\n\t\t            <\/div>\n        <\/div>\n                            <\/div>\n        <\/section>\n                <section class=\"elementor-section elementor-inner-section elementor-element elementor-element-33562082 elementor-section-content-middle elementor-section-boxed elementor-section-height-default elementor-section-height-default ct-header-fixed-none\" data-id=\"33562082\" data-element_type=\"section\">\n            \n                        <div class=\"elementor-container elementor-column-gap-extended \">\n                    <div class=\"elementor-column elementor-col-50 elementor-inner-column elementor-element elementor-element-43b49ae8\" data-id=\"43b49ae8\" data-element_type=\"column\">\n            <div class=\"elementor-widget-wrap elementor-element-populated\">\n                        \t\t<div class=\"elementor-element elementor-element-2fa29ecc elementor-widget elementor-widget-ct_heading\" data-id=\"2fa29ecc\" data-element_type=\"widget\" data-widget_type=\"ct_heading.default\">\n\t\t\t\t<div class=\"elementor-widget-container\">\n\t\t\t<div id=\"ct_heading-2fa29ecc\" class=\"ct-heading h-align- ct-heading-left item-st-default\">\r\n\t<div class=\"ct-heading--inner\">\r\n        <div class=\"ct-inline-css\"  data-css=\"\r\n            \">\r\n        <\/div>\r\n                <h3 class=\"item--title  st-default \" data-wow-delay=\"ms\">\r\n            <span class=\"ct-text-inner\">\n<small>Vous avez encore un<\/small> probl\u00e8me sans solution ?<\/span>        <\/h3>\r\n    <\/div>\r\n<\/div>\t\t<\/div>\n\t\t\t\t<\/div>\n\t\t            <\/div>\n        <\/div>\n                <div class=\"elementor-column elementor-col-50 elementor-inner-column elementor-element elementor-element-868150f\" data-id=\"868150f\" data-element_type=\"column\">\n            <div class=\"elementor-widget-wrap elementor-element-populated\">\n                        \t\t<div class=\"elementor-element elementor-element-34544a43 elementor-widget elementor-widget-ct_text_editor\" data-id=\"34544a43\" data-element_type=\"widget\" data-widget_type=\"ct_text_editor.default\">\n\t\t\t\t<div class=\"elementor-widget-container\">\n\t\t\t<div id=\"ct_text_editor-34544a43\" class=\"ct-text-editor \" data-wow-delay=\"ms\">\n\t<div class=\"ct-item--inner\">\n\t\t<div class=\"ct-inline-css\"  data-css=\"\n\t        \t\t\t\">\n\n\t    <\/div>\n\t\t<div class=\"ct-text-editor elementor-clearfix\">\n\t\t\t<p>Si vous avez d&#8217;autres questions sur nos services, n&#8217;h\u00e9sitez pas \u00e0 nous contacter directement via les options de contact suivantes.<\/p>\t\t\n\t\t<\/div>\n\t<\/div>\n<\/div>\t\t<\/div>\n\t\t\t\t<\/div>\n\t\t            <\/div>\n        <\/div>\n                            <\/div>\n        <\/section>\n                <section class=\"elementor-section elementor-inner-section elementor-element elementor-element-686b733 elementor-section-boxed elementor-section-height-default elementor-section-height-default ct-header-fixed-none\" data-id=\"686b733\" data-element_type=\"section\">\n            \n                        <div class=\"elementor-container elementor-column-gap-extended \">\n                    <div class=\"elementor-column elementor-col-50 elementor-inner-column elementor-element elementor-element-cd4fe9d\" data-id=\"cd4fe9d\" data-element_type=\"column\">\n            <div class=\"elementor-widget-wrap elementor-element-populated\">\n                        \t\t<div class=\"elementor-element elementor-element-91267ea elementor-hidden-desktop elementor-hidden-tablet elementor-hidden-mobile elementor-widget elementor-widget-ct_fancy_box\" data-id=\"91267ea\" data-element_type=\"widget\" data-widget_type=\"ct_fancy_box.default\">\n\t\t\t\t<div class=\"elementor-widget-container\">\n\t\t\t<div id=\"ct_fancy_box-91267ea\" class=\"ct-fancy-box ct-fancy-box-layout1 style2 \" data-wow-delay=\"ms\">\r\n    <div class=\"ct-inline-css\"  data-css=\"\r\n                        \">\r\n    <\/div>\r\n\r\n            <div class=\"item--icon\">\r\n            <i aria-hidden=\"true\" class=\"fas fa-map-marker-alt\"><\/i>        <\/div>\r\n            <div class=\"item--holder\">\r\n        <h3 class=\"item--title fs-title-sm \">\r\n            DIRECCI\u00d3N:        <\/h3>\r\n        <div class=\"item--description fs-desc-md\">3556 Hartford Way Vlg, Mount Pleasant, SC, 29466, Australia.<\/div>\r\n    <\/div>\r\n\r\n            <a class=\"item--link\" href=\"#\"><\/a>\r\n    <\/div>\t\t<\/div>\n\t\t\t\t<\/div>\n\t\t\t\t<div class=\"elementor-element elementor-element-3ce1cd0 elementor-widget elementor-widget-ct_fancy_box\" data-id=\"3ce1cd0\" data-element_type=\"widget\" data-widget_type=\"ct_fancy_box.default\">\n\t\t\t\t<div class=\"elementor-widget-container\">\n\t\t\t<div id=\"ct_fancy_box-3ce1cd0\" class=\"ct-fancy-box ct-fancy-box-layout1 style2 \" data-wow-delay=\"ms\">\r\n    <div class=\"ct-inline-css\"  data-css=\"\r\n                        \">\r\n    <\/div>\r\n\r\n            <div class=\"item--icon\">\r\n            <i aria-hidden=\"true\" class=\"flaticon flaticon-phone\"><\/i>        <\/div>\r\n            <div class=\"item--holder\">\r\n        <h3 class=\"item--title fs-title-sm \">\r\n            T\u00e9l\u00e9phone        <\/h3>\r\n        <div class=\"item--description fs-desc-md\">(+34) 652 527 033<\/div>\r\n    <\/div>\r\n\r\n            <a class=\"item--link\" href=\"#\"><\/a>\r\n    <\/div>\t\t<\/div>\n\t\t\t\t<\/div>\n\t\t\t\t<div class=\"elementor-element elementor-element-0f4c5a3 elementor-widget elementor-widget-ct_fancy_box\" data-id=\"0f4c5a3\" data-element_type=\"widget\" data-widget_type=\"ct_fancy_box.default\">\n\t\t\t\t<div class=\"elementor-widget-container\">\n\t\t\t<div id=\"ct_fancy_box-0f4c5a3\" class=\"ct-fancy-box ct-fancy-box-layout1 style2 \" data-wow-delay=\"ms\">\r\n    <div class=\"ct-inline-css\"  data-css=\"\r\n                        \">\r\n    <\/div>\r\n\r\n            <div class=\"item--icon\">\r\n            <i aria-hidden=\"true\" class=\"flaticon flaticon-mail\"><\/i>        <\/div>\r\n            <div class=\"item--holder\">\r\n        <h3 class=\"item--title fs-title-sm \">\r\n            E-Mail        <\/h3>\r\n        <div class=\"item--description fs-desc-md\">info@casentro.es<\/div>\r\n    <\/div>\r\n\r\n            <a class=\"item--link\" href=\"#\"><\/a>\r\n    <\/div>\t\t<\/div>\n\t\t\t\t<\/div>\n\t\t            <\/div>\n        <\/div>\n                <div class=\"elementor-column elementor-col-50 elementor-inner-column elementor-element elementor-element-ecdd1e4\" data-id=\"ecdd1e4\" data-element_type=\"column\">\n            <div class=\"elementor-widget-wrap elementor-element-populated\">\n                        \t\t<div class=\"elementor-element elementor-element-27982e9 elementor-widget elementor-widget-text-editor\" data-id=\"27982e9\" data-element_type=\"widget\" data-widget_type=\"text-editor.default\">\n\t\t\t\t<div class=\"elementor-widget-container\">\n\t\t\t<style>\/*! elementor - v3.18.0 - 08-12-2023 *\/\n.elementor-widget-text-editor.elementor-drop-cap-view-stacked .elementor-drop-cap{background-color:#69727d;color:#fff}.elementor-widget-text-editor.elementor-drop-cap-view-framed .elementor-drop-cap{color:#69727d;border:3px solid;background-color:transparent}.elementor-widget-text-editor:not(.elementor-drop-cap-view-default) .elementor-drop-cap{margin-top:8px}.elementor-widget-text-editor:not(.elementor-drop-cap-view-default) .elementor-drop-cap-letter{width:1em;height:1em}.elementor-widget-text-editor .elementor-drop-cap{float:left;text-align:center;line-height:1;font-size:50px}.elementor-widget-text-editor .elementor-drop-cap-letter{display:inline-block}<\/style>\t\t\t\t<h5>Formulaire de Contact<\/h5>\t\t\t\t\t\t<\/div>\n\t\t\t\t<\/div>\n\t\t\t\t<div class=\"elementor-element elementor-element-85f9950 elementor-widget elementor-widget-html\" data-id=\"85f9950\" data-element_type=\"widget\" data-widget_type=\"html.default\">\n\t\t\t\t<div class=\"elementor-widget-container\">\n\t\t\t<div class=\"wpforms-container wpforms-render-modern\" id=\"wpforms-9703\"><form id=\"wpforms-form-9703\" class=\"wpforms-validate wpforms-form wpforms-ajax-form\" data-formid=\"9703\" method=\"post\" enctype=\"multipart\/form-data\" action=\"\/fr\/wp-json\/wp\/v2\/pages\/10276\" data-token=\"09ddea362bb8aede8b9948db2079fe6f\" data-token-time=\"1776420728\"><noscript class=\"wpforms-error-noscript\">Veuillez activer JavaScript dans votre navigateur pour remplir ce formulaire.<\/noscript><div class=\"wpforms-hidden\" id=\"wpforms-error-noscript\">Veuillez activer JavaScript dans votre navigateur pour remplir ce formulaire.<\/div><div class=\"wpforms-field-container\"><div id=\"wpforms-9703-field_0-container\" class=\"wpforms-field wpforms-field-name\" data-field-id=\"0\"><fieldset><legend class=\"wpforms-field-label\">Nom <span class=\"wpforms-required-label\" aria-hidden=\"true\">*<\/span><\/legend><div class=\"wpforms-field-row wpforms-field-large\"><div class=\"wpforms-field-row-block wpforms-first wpforms-one-half\"><input type=\"text\" id=\"wpforms-9703-field_0\" class=\"wpforms-field-name-first wpforms-field-required\" name=\"wpforms[fields][0][first]\" aria-errormessage=\"wpforms-9703-field_0-error\" required><label for=\"wpforms-9703-field_0\" class=\"wpforms-field-sublabel after\">Pr\u00e9nom<\/label><\/div><div class=\"wpforms-field-row-block wpforms-one-half\"><input type=\"text\" id=\"wpforms-9703-field_0-last\" class=\"wpforms-field-name-last wpforms-field-required\" name=\"wpforms[fields][0][last]\" aria-errormessage=\"wpforms-9703-field_0-last-error\" required><label for=\"wpforms-9703-field_0-last\" class=\"wpforms-field-sublabel after\">Nom<\/label><\/div><\/div><\/fieldset><\/div><div id=\"wpforms-9703-field_1-container\" class=\"wpforms-field wpforms-field-email\" data-field-id=\"1\"><label class=\"wpforms-field-label\" for=\"wpforms-9703-field_1\">Adresse e-mail <span class=\"wpforms-required-label\" aria-hidden=\"true\">*<\/span><\/label><input type=\"email\" id=\"wpforms-9703-field_1\" class=\"wpforms-field-large wpforms-field-required\" name=\"wpforms[fields][1]\" spellcheck=\"false\" aria-errormessage=\"wpforms-9703-field_1-error\" required><\/div><div id=\"wpforms-9703-field_2-container\" class=\"wpforms-field wpforms-field-textarea\" data-field-id=\"2\"><label class=\"wpforms-field-label\" for=\"wpforms-9703-field_2\">Commentaire ou message<\/label><textarea id=\"wpforms-9703-field_2\" class=\"wpforms-field-medium\" name=\"wpforms[fields][2]\" aria-errormessage=\"wpforms-9703-field_2-error\" ><\/textarea><\/div><div id=\"wpforms-9703-field_3-container\" class=\"wpforms-field wpforms-field-checkbox\" data-field-id=\"3\"><fieldset><legend class=\"wpforms-field-label\">Politiques de confidentialit\u00e9 <span class=\"wpforms-required-label\" aria-hidden=\"true\">*<\/span><\/legend><ul id=\"wpforms-9703-field_3\" class=\"wpforms-field-required\"><li class=\"choice-1 depth-1\"><input type=\"checkbox\" id=\"wpforms-9703-field_3_1\" name=\"wpforms[fields][3][]\" value=\"J&#039;ai lu et j&#039;accepte les &lt;a href=&quot;https:\/\/www.casentro.es\/fr\/politique-de-confidentialite&quot; target=&quot;_blank&quot;&gt;politiques de confidentialit\u00e9&lt;\/a&gt;\" aria-errormessage=\"wpforms-9703-field_3_1-error\" aria-describedby=\"wpforms-9703-field_3-description\" required ><label class=\"wpforms-field-label-inline\" for=\"wpforms-9703-field_3_1\">J'ai lu et j'accepte les <a href=\"https:\/\/www.casentro.es\/fr\/politique-de-confidentialite\" target=\"_blank\">politiques de confidentialit\u00e9<\/a><\/label><\/li><\/ul><div id=\"wpforms-9703-field_3-description\" class=\"wpforms-field-description\">Veuillez lire attentivement nos politiques de confidentialit\u00e9 avant d'envoyer le formulaire. En cochant la case ci-dessous, vous donnez votre consentement pour que vos donn\u00e9es personnelles soient collect\u00e9es et trait\u00e9es conform\u00e9ment \u00e0 nos politiques de confidentialit\u00e9.<\/div><\/fieldset><\/div><\/div><!-- .wpforms-field-container --><div class=\"wpforms-recaptcha-container wpforms-is-recaptcha wpforms-is-recaptcha-type-v2\" ><div class=\"g-recaptcha\" data-sitekey=\"6LdUtBQoAAAAAPeugw1c9BUbJ2VBwxmK3qne3oPB\"><\/div><input type=\"text\" name=\"g-recaptcha-hidden\" class=\"wpforms-recaptcha-hidden\" style=\"position:absolute!important;clip:rect(0,0,0,0)!important;height:1px!important;width:1px!important;border:0!important;overflow:hidden!important;padding:0!important;margin:0!important;\" data-rule-recaptcha=\"1\"><\/div><div class=\"wpforms-submit-container\" ><input type=\"hidden\" name=\"wpforms[id]\" value=\"9703\"><input type=\"hidden\" name=\"page_title\" value=\"\"><input type=\"hidden\" name=\"page_url\" value=\"https:\/\/www.casentro.es\/fr\/wp-json\/wp\/v2\/pages\/10276\"><input type=\"hidden\" name=\"url_referer\" value=\"\"><button type=\"submit\" name=\"wpforms[submit]\" id=\"wpforms-submit-9703\" class=\"wpforms-submit\" data-alt-text=\"Envoi en cours ...\" data-submit-text=\"Envoyer\" aria-live=\"assertive\" value=\"wpforms-submit\">Envoyer<\/button><img decoding=\"async\" src=\"https:\/\/www.casentro.es\/wp-content\/plugins\/wpforms-lite\/assets\/images\/submit-spin.svg\" class=\"wpforms-submit-spinner\" style=\"display: none;\" width=\"26\" height=\"26\" alt=\"Chargement en cours\"><\/div><\/form><\/div>  <!-- .wpforms-container -->\t\t<\/div>\n\t\t\t\t<\/div>\n\t\t            <\/div>\n        <\/div>\n                            <\/div>\n        <\/section>\n                    <\/div>\n        <\/div>\n                            <\/div>\n        <\/section>\n        \t\t\t\t\t<\/div>\n\t\t","protected":false},"excerpt":{"rendered":"<p>Questions Fr\u00e9quentes sur nos Services Trouvez des r\u00e9ponses aux questions les plus courantes sur nos services. Ici, nous vous fournissons des informations utiles pour r\u00e9pondre \u00e0 vos questions et pr\u00e9occupations. Comment programmer un rendez-vous en ligne pour des services de nettoyage ou de r\u00e9paration ? Vous pouvez r\u00e9server un rendez-vous pour un service \u00e0 tout [&hellip;]<\/p>\n","protected":false},"author":1,"featured_media":11095,"parent":0,"menu_order":0,"comment_status":"closed","ping_status":"closed","template":"","meta":{"inline_featured_image":false,"footnotes":""},"class_list":["post-10276","page","type-page","status-publish","has-post-thumbnail","hentry"],"_links":{"self":[{"href":"https:\/\/www.casentro.es\/fr\/wp-json\/wp\/v2\/pages\/10276","targetHints":{"allow":["GET"]}}],"collection":[{"href":"https:\/\/www.casentro.es\/fr\/wp-json\/wp\/v2\/pages"}],"about":[{"href":"https:\/\/www.casentro.es\/fr\/wp-json\/wp\/v2\/types\/page"}],"author":[{"embeddable":true,"href":"https:\/\/www.casentro.es\/fr\/wp-json\/wp\/v2\/users\/1"}],"replies":[{"embeddable":true,"href":"https:\/\/www.casentro.es\/fr\/wp-json\/wp\/v2\/comments?post=10276"}],"version-history":[{"count":24,"href":"https:\/\/www.casentro.es\/fr\/wp-json\/wp\/v2\/pages\/10276\/revisions"}],"predecessor-version":[{"id":15220,"href":"https:\/\/www.casentro.es\/fr\/wp-json\/wp\/v2\/pages\/10276\/revisions\/15220"}],"wp:featuredmedia":[{"embeddable":true,"href":"https:\/\/www.casentro.es\/fr\/wp-json\/wp\/v2\/media\/11095"}],"wp:attachment":[{"href":"https:\/\/www.casentro.es\/fr\/wp-json\/wp\/v2\/media?parent=10276"}],"curies":[{"name":"wp","href":"https:\/\/api.w.org\/{rel}","templated":true}]}}