{"id":13373,"date":"2023-10-19T06:36:15","date_gmt":"2023-10-19T06:36:15","guid":{"rendered":"https:\/\/www.casentro.es\/nuestras-ubicaciones"},"modified":"2023-10-19T07:22:13","modified_gmt":"2023-10-19T07:22:13","slug":"nos-emplacements","status":"publish","type":"page","link":"https:\/\/www.casentro.es\/fr\/nos-emplacements","title":{"rendered":"Nos Emplacements"},"content":{"rendered":"\t\t<div data-elementor-type=\"wp-page\" data-elementor-id=\"13373\" class=\"elementor elementor-13373 elementor-13344\">\n\t\t\t\t\t\t\t        <section class=\"elementor-section elementor-top-section elementor-element elementor-element-c351789 elementor-section-boxed elementor-section-height-default elementor-section-height-default ct-header-fixed-none\" data-id=\"c351789\" data-element_type=\"section\">\n            \n                        <div class=\"elementor-container elementor-column-gap-extended \">\n                    <div class=\"elementor-column elementor-col-33 elementor-top-column elementor-element elementor-element-60be07e\" data-id=\"60be07e\" data-element_type=\"column\">\n            <div class=\"elementor-widget-wrap elementor-element-populated\">\n                        \t\t<div class=\"elementor-element elementor-element-528aa3b4 elementor-hidden-mobile elementor-widget elementor-widget-ct_heading\" data-id=\"528aa3b4\" data-element_type=\"widget\" data-widget_type=\"ct_heading.default\">\n\t\t\t\t<div class=\"elementor-widget-container\">\n\t\t\t<div id=\"ct_heading-528aa3b4\" class=\"ct-heading h-align- ct-heading-left item-st-default\">\r\n\t<div class=\"ct-heading--inner\">\r\n        <div class=\"ct-inline-css\"  data-css=\"\r\n            \">\r\n        <\/div>\r\n                <h3 class=\"item--title  st-default \" data-wow-delay=\"ms\">\r\n            <span class=\"ct-text-inner\">Costa Blanca &#8211; <small>Notre Zone d&#8217;Op\u00e9ration <\/small> <\/span>        <\/h3>\r\n    <\/div>\r\n<\/div>\t\t<\/div>\n\t\t\t\t<\/div>\n\t\t\t\t<div class=\"elementor-element elementor-element-915ebae elementor-hidden-desktop elementor-hidden-tablet elementor-widget elementor-widget-ct_heading\" data-id=\"915ebae\" data-element_type=\"widget\" data-widget_type=\"ct_heading.default\">\n\t\t\t\t<div class=\"elementor-widget-container\">\n\t\t\t<div id=\"ct_heading-915ebae\" class=\"ct-heading h-align-center ct-heading-left item-st-default\">\r\n\t<div class=\"ct-heading--inner\">\r\n        <div class=\"ct-inline-css\"  data-css=\"\r\n            \">\r\n        <\/div>\r\n                <h3 class=\"item--title  st-default \" data-wow-delay=\"ms\">\r\n            <span class=\"ct-text-inner\">Notre Zone d&#8217;Op\u00e9ration <small> en Costa Blanca<\/small><\/span>        <\/h3>\r\n    <\/div>\r\n<\/div>\t\t<\/div>\n\t\t\t\t<\/div>\n\t\t\t\t<div class=\"elementor-element elementor-element-6ea4b79f elementor-widget elementor-widget-ct_fancy_box\" data-id=\"6ea4b79f\" data-element_type=\"widget\" data-widget_type=\"ct_fancy_box.default\">\n\t\t\t\t<div class=\"elementor-widget-container\">\n\t\t\t<div id=\"ct_fancy_box-6ea4b79f\" class=\"ct-fancy-box ct-fancy-box-layout1 style1 wow fadeInUp\" data-wow-delay=\"50ms\">\r\n    <div class=\"ct-inline-css\"  data-css=\"\r\n                        \">\r\n    <\/div>\r\n\r\n            <div class=\"item--icon\">\r\n            <i aria-hidden=\"true\" class=\"flaticon flaticon-phone\"><\/i>        <\/div>\r\n            <div class=\"item--holder\">\r\n        <h3 class=\"item--title fs-title-sm \">\r\n            T\u00e9l\u00e9phone        <\/h3>\r\n        <div class=\"item--description fs-desc-md\">+34 652 527 033<\/div>\r\n    <\/div>\r\n\r\n            <a class=\"item--link\" href=\"tel:+34652527033\"><\/a>\r\n    <\/div>\t\t<\/div>\n\t\t\t\t<\/div>\n\t\t\t\t<div class=\"elementor-element elementor-element-788f1e02 elementor-widget elementor-widget-ct_fancy_box\" data-id=\"788f1e02\" data-element_type=\"widget\" data-widget_type=\"ct_fancy_box.default\">\n\t\t\t\t<div class=\"elementor-widget-container\">\n\t\t\t<div id=\"ct_fancy_box-788f1e02\" class=\"ct-fancy-box ct-fancy-box-layout1 style1 wow fadeInUp\" data-wow-delay=\"100ms\">\r\n    <div class=\"ct-inline-css\"  data-css=\"\r\n                        \">\r\n    <\/div>\r\n\r\n            <div class=\"item--icon\">\r\n            <i aria-hidden=\"true\" class=\"flaticon flaticon-mail\"><\/i>        <\/div>\r\n            <div class=\"item--holder\">\r\n        <h3 class=\"item--title fs-title-sm \">\r\n            E-mail        <\/h3>\r\n        <div class=\"item--description fs-desc-md\">info@casentro.es<\/div>\r\n    <\/div>\r\n\r\n            <a class=\"item--link\" href=\"mailto:info@casentro.es\"><\/a>\r\n    <\/div>\t\t<\/div>\n\t\t\t\t<\/div>\n\t\t            <\/div>\n        <\/div>\n                <div class=\"elementor-column elementor-col-66 elementor-top-column elementor-element elementor-element-550aa22\" data-id=\"550aa22\" data-element_type=\"column\">\n            <div class=\"elementor-widget-wrap elementor-element-populated\">\n                        \t\t<div class=\"elementor-element elementor-element-7083a76 elementor-widget elementor-widget-image-gallery\" data-id=\"7083a76\" data-element_type=\"widget\" data-widget_type=\"image-gallery.default\">\n\t\t\t\t<div class=\"elementor-widget-container\">\n\t\t\t<style>\/*! elementor - v3.18.0 - 08-12-2023 *\/\n.elementor-image-gallery .gallery-item{display:inline-block;text-align:center;vertical-align:top;width:100%;max-width:100%;margin:0 auto}.elementor-image-gallery .gallery-item img{margin:0 auto}.elementor-image-gallery .gallery-item .gallery-caption{margin:0}.elementor-image-gallery figure img{display:block}.elementor-image-gallery figure figcaption{width:100%}.gallery-spacing-custom .elementor-image-gallery .gallery-icon{padding:0}@media (min-width:768px){.elementor-image-gallery .gallery-columns-2 .gallery-item{max-width:50%}.elementor-image-gallery .gallery-columns-3 .gallery-item{max-width:33.33%}.elementor-image-gallery .gallery-columns-4 .gallery-item{max-width:25%}.elementor-image-gallery .gallery-columns-5 .gallery-item{max-width:20%}.elementor-image-gallery .gallery-columns-6 .gallery-item{max-width:16.666%}.elementor-image-gallery .gallery-columns-7 .gallery-item{max-width:14.28%}.elementor-image-gallery .gallery-columns-8 .gallery-item{max-width:12.5%}.elementor-image-gallery .gallery-columns-9 .gallery-item{max-width:11.11%}.elementor-image-gallery .gallery-columns-10 .gallery-item{max-width:10%}}@media (min-width:480px) and (max-width:767px){.elementor-image-gallery .gallery.gallery-columns-2 .gallery-item,.elementor-image-gallery .gallery.gallery-columns-3 .gallery-item,.elementor-image-gallery .gallery.gallery-columns-4 .gallery-item,.elementor-image-gallery .gallery.gallery-columns-5 .gallery-item,.elementor-image-gallery .gallery.gallery-columns-6 .gallery-item,.elementor-image-gallery .gallery.gallery-columns-7 .gallery-item,.elementor-image-gallery .gallery.gallery-columns-8 .gallery-item,.elementor-image-gallery .gallery.gallery-columns-9 .gallery-item,.elementor-image-gallery .gallery.gallery-columns-10 .gallery-item{max-width:50%}}@media (max-width:479px){.elementor-image-gallery .gallery.gallery-columns-2 .gallery-item,.elementor-image-gallery .gallery.gallery-columns-3 .gallery-item,.elementor-image-gallery .gallery.gallery-columns-4 .gallery-item,.elementor-image-gallery .gallery.gallery-columns-5 .gallery-item,.elementor-image-gallery .gallery.gallery-columns-6 .gallery-item,.elementor-image-gallery .gallery.gallery-columns-7 .gallery-item,.elementor-image-gallery .gallery.gallery-columns-8 .gallery-item,.elementor-image-gallery .gallery.gallery-columns-9 .gallery-item,.elementor-image-gallery .gallery.gallery-columns-10 .gallery-item{max-width:100%}}<\/style>\t\t<div class=\"elementor-image-gallery\">\n\t\t\t<div id='gallery-1' class='gallery galleryid-13373 gallery-columns-4 gallery-size-thumbnail'><figure class='gallery-item'>\n\t\t\t<div class='gallery-icon landscape'>\n\t\t\t\t<img decoding=\"async\" width=\"150\" height=\"150\" src=\"https:\/\/www.casentro.es\/wp-content\/uploads\/2023\/10\/calp-150x150.jpg\" class=\"attachment-thumbnail size-thumbnail\" alt=\"\" srcset=\"https:\/\/www.casentro.es\/wp-content\/uploads\/2023\/10\/calp-150x150.jpg 150w, https:\/\/www.casentro.es\/wp-content\/uploads\/2023\/10\/calp-300x300.jpg 300w\" sizes=\"(max-width: 150px) 100vw, 150px\" \/>\n\t\t\t<\/div><\/figure><figure class='gallery-item'>\n\t\t\t<div class='gallery-icon landscape'>\n\t\t\t\t<img decoding=\"async\" width=\"150\" height=\"150\" src=\"https:\/\/www.casentro.es\/wp-content\/uploads\/2023\/10\/j1-150x150.jpg\" class=\"attachment-thumbnail size-thumbnail\" alt=\"\" srcset=\"https:\/\/www.casentro.es\/wp-content\/uploads\/2023\/10\/j1-150x150.jpg 150w, https:\/\/www.casentro.es\/wp-content\/uploads\/2023\/10\/j1-300x300.jpg 300w\" sizes=\"(max-width: 150px) 100vw, 150px\" \/>\n\t\t\t<\/div><\/figure><figure class='gallery-item'>\n\t\t\t<div class='gallery-icon landscape'>\n\t\t\t\t<img decoding=\"async\" width=\"150\" height=\"150\" src=\"https:\/\/www.casentro.es\/wp-content\/uploads\/2023\/10\/de1-150x150.jpg\" class=\"attachment-thumbnail size-thumbnail\" alt=\"\" srcset=\"https:\/\/www.casentro.es\/wp-content\/uploads\/2023\/10\/de1-150x150.jpg 150w, https:\/\/www.casentro.es\/wp-content\/uploads\/2023\/10\/de1-300x300.jpg 300w, https:\/\/www.casentro.es\/wp-content\/uploads\/2023\/10\/de1-1024x1014.jpg 1024w, https:\/\/www.casentro.es\/wp-content\/uploads\/2023\/10\/de1-768x761.jpg 768w, https:\/\/www.casentro.es\/wp-content\/uploads\/2023\/10\/de1-600x594.jpg 600w, https:\/\/www.casentro.es\/wp-content\/uploads\/2023\/10\/de1.jpg 1075w\" sizes=\"(max-width: 150px) 100vw, 150px\" \/>\n\t\t\t<\/div><\/figure><figure class='gallery-item'>\n\t\t\t<div class='gallery-icon portrait'>\n\t\t\t\t<img loading=\"lazy\" decoding=\"async\" width=\"150\" height=\"150\" src=\"https:\/\/www.casentro.es\/wp-content\/uploads\/2023\/10\/cas-city-150x150.jpg\" class=\"attachment-thumbnail size-thumbnail\" alt=\"\" srcset=\"https:\/\/www.casentro.es\/wp-content\/uploads\/2023\/10\/cas-city-150x150.jpg 150w, https:\/\/www.casentro.es\/wp-content\/uploads\/2023\/10\/cas-city-300x300.jpg 300w, https:\/\/www.casentro.es\/wp-content\/uploads\/2023\/10\/cas-city-600x601.jpg 600w, https:\/\/www.casentro.es\/wp-content\/uploads\/2023\/10\/cas-city.jpg 765w\" sizes=\"(max-width: 150px) 100vw, 150px\" \/>\n\t\t\t<\/div><\/figure>\n\t\t<\/div>\n\t\t<\/div>\n\t\t\t\t<\/div>\n\t\t\t\t<\/div>\n\t\t\t\t<div class=\"elementor-element elementor-element-4d77e7f elementor-widget elementor-widget-ct_text_editor\" data-id=\"4d77e7f\" data-element_type=\"widget\" data-widget_type=\"ct_text_editor.default\">\n\t\t\t\t<div class=\"elementor-widget-container\">\n\t\t\t<div id=\"ct_text_editor-4d77e7f\" class=\"ct-text-editor \" data-wow-delay=\"ms\">\n\t<div class=\"ct-item--inner\">\n\t\t<div class=\"ct-inline-css\"  data-css=\"\n\t        \t\t\t\">\n\n\t    <\/div>\n\t\t<div class=\"ct-text-editor elementor-clearfix\">\n\t\t\t<p><strong>Notre Couverture en Costa Blanca<\/strong><\/p><p>\u00c0 J\u00e1vea, Denia, Moraira et Calpe, nous proposons une vaste gamme de services, y compris le nettoyage, l&#8217;entretien et les r\u00e9parations. Notre engagement est de r\u00e9pondre \u00e0 vos besoins dans ces magnifiques localit\u00e9s.<\/p><p>Si votre emplacement ne figure pas dans notre liste, ne vous inqui\u00e9tez pas. Contactez-nous, et nous serons heureux de trouver une solution adapt\u00e9e \u00e0 vos besoins. Nous collaborons \u00e9troitement avec d&#8217;autres partenaires commerciaux de confiance, que nous pouvons vous recommander. Votre satisfaction est notre priorit\u00e9, et nous travaillons sans rel\u00e2che pour l&#8217;atteindre.<\/p>\t\t\n\t\t<\/div>\n\t<\/div>\n<\/div>\t\t<\/div>\n\t\t\t\t<\/div>\n\t\t            <\/div>\n        <\/div>\n                            <\/div>\n        <\/section>\n        \t\t\t\t\t<\/div>\n\t\t","protected":false},"excerpt":{"rendered":"<p>Costa Blanca &#8211; Notre Zone d&#8217;Op\u00e9ration Notre Zone d&#8217;Op\u00e9ration en Costa Blanca T\u00e9l\u00e9phone +34 652 527 033 E-mail info@casentro.es Notre Couverture en Costa Blanca \u00c0 J\u00e1vea, Denia, Moraira et Calpe, nous proposons une vaste gamme de services, y compris le nettoyage, l&#8217;entretien et les r\u00e9parations. Notre engagement est de r\u00e9pondre \u00e0 vos besoins dans ces [&hellip;]<\/p>\n","protected":false},"author":1,"featured_media":0,"parent":0,"menu_order":0,"comment_status":"closed","ping_status":"closed","template":"","meta":{"inline_featured_image":false,"footnotes":""},"class_list":["post-13373","page","type-page","status-publish","hentry"],"_links":{"self":[{"href":"https:\/\/www.casentro.es\/fr\/wp-json\/wp\/v2\/pages\/13373","targetHints":{"allow":["GET"]}}],"collection":[{"href":"https:\/\/www.casentro.es\/fr\/wp-json\/wp\/v2\/pages"}],"about":[{"href":"https:\/\/www.casentro.es\/fr\/wp-json\/wp\/v2\/types\/page"}],"author":[{"embeddable":true,"href":"https:\/\/www.casentro.es\/fr\/wp-json\/wp\/v2\/users\/1"}],"replies":[{"embeddable":true,"href":"https:\/\/www.casentro.es\/fr\/wp-json\/wp\/v2\/comments?post=13373"}],"version-history":[{"count":8,"href":"https:\/\/www.casentro.es\/fr\/wp-json\/wp\/v2\/pages\/13373\/revisions"}],"predecessor-version":[{"id":13400,"href":"https:\/\/www.casentro.es\/fr\/wp-json\/wp\/v2\/pages\/13373\/revisions\/13400"}],"wp:attachment":[{"href":"https:\/\/www.casentro.es\/fr\/wp-json\/wp\/v2\/media?parent=13373"}],"curies":[{"name":"wp","href":"https:\/\/api.w.org\/{rel}","templated":true}]}}