{"id":14330,"date":"2023-10-11T12:04:26","date_gmt":"2023-10-11T12:04:26","guid":{"rendered":"https:\/\/www.casentro.es\/reserva-en-linea-de-servicios-de-limpieza-mantenimiento-y-citas-costa-blanca"},"modified":"2023-10-24T08:55:27","modified_gmt":"2023-10-24T08:55:27","slug":"reservation-en-ligne-de-services-de-nettoyage-entretien-et-rendez-vous-costa-blanca","status":"publish","type":"page","link":"https:\/\/www.casentro.es\/fr\/reservation-en-ligne-de-services-de-nettoyage-entretien-et-rendez-vous-costa-blanca","title":{"rendered":"R\u00e9servation de Nettoyage et d&#8217;Entretien \u00e0 Costa Blanca"},"content":{"rendered":"\t\t<div data-elementor-type=\"wp-page\" data-elementor-id=\"14330\" class=\"elementor elementor-14330 elementor-12038\">\n\t\t\t\t\t\t\t        <section class=\"elementor-section elementor-top-section elementor-element elementor-element-c3524f5 elementor-section-boxed elementor-section-height-default elementor-section-height-default ct-header-fixed-none\" data-id=\"c3524f5\" data-element_type=\"section\">\n            \n                        <div class=\"elementor-container elementor-column-gap-default \">\n                    <div class=\"elementor-column elementor-col-100 elementor-top-column elementor-element elementor-element-91e549b\" data-id=\"91e549b\" data-element_type=\"column\">\n            <div class=\"elementor-widget-wrap elementor-element-populated\">\n                        \t\t<div class=\"elementor-element elementor-element-3e40be2 elementor-hidden-mobile elementor-widget elementor-widget-ct_heading\" data-id=\"3e40be2\" data-element_type=\"widget\" data-widget_type=\"ct_heading.default\">\n\t\t\t\t<div class=\"elementor-widget-container\">\n\t\t\t<div id=\"ct_heading-3e40be2\" class=\"ct-heading h-align- ct-heading-left item-st-default\">\r\n\t<div class=\"ct-heading--inner\">\r\n        <div class=\"ct-inline-css\"  data-css=\"\r\n            \">\r\n        <\/div>\r\n                <h3 class=\"item--title  st-default \" data-wow-delay=\"ms\">\r\n            <span class=\"ct-text-inner\">R\u00e9servez en ligne des services de nettoyage et d&#8217;entretien <br><small>\u00e0 l&#8217;heure \u00e0 Costa Blanca<\/small><\/span>        <\/h3>\r\n    <\/div>\r\n<\/div>\t\t<\/div>\n\t\t\t\t<\/div>\n\t\t\t\t<div class=\"elementor-element elementor-element-fea5ac9 elementor-hidden-desktop elementor-hidden-tablet elementor-widget elementor-widget-ct_heading\" data-id=\"fea5ac9\" data-element_type=\"widget\" data-widget_type=\"ct_heading.default\">\n\t\t\t\t<div class=\"elementor-widget-container\">\n\t\t\t<div id=\"ct_heading-fea5ac9\" class=\"ct-heading h-align-center ct-heading-left item-st-default\">\r\n\t<div class=\"ct-heading--inner\">\r\n        <div class=\"ct-inline-css\"  data-css=\"\r\n            \">\r\n        <\/div>\r\n                <h3 class=\"item--title  st-default \" data-wow-delay=\"ms\">\r\n            <span class=\"ct-text-inner\">R\u00e9servez en ligne des services de nettoyage et d&#8217;entretien <br><small>\u00e0 l&#8217;heure \u00e0 Costa Blanca<\/small><\/span>        <\/h3>\r\n    <\/div>\r\n<\/div>\t\t<\/div>\n\t\t\t\t<\/div>\n\t\t\t\t<div class=\"elementor-element elementor-element-9c8844a elementor-widget elementor-widget-ct_text_editor\" data-id=\"9c8844a\" data-element_type=\"widget\" data-widget_type=\"ct_text_editor.default\">\n\t\t\t\t<div class=\"elementor-widget-container\">\n\t\t\t<div id=\"ct_text_editor-9c8844a\" class=\"ct-text-editor \" data-wow-delay=\"ms\">\n\t<div class=\"ct-item--inner\">\n\t\t<div class=\"ct-inline-css\"  data-css=\"\n\t        \t\t\t\">\n\n\t    <\/div>\n\t\t<div class=\"ct-text-editor elementor-clearfix\">\n\t\t\t<p><strong><strong>R\u00e9servez<\/strong><\/strong> facilement vos <strong>services<\/strong> ! Avec notre <strong>formulaire de r\u00e9servation<\/strong>, vous pouvez <strong>planifier<\/strong> facilement des services de <strong>nettoyage<\/strong>, de <strong>r\u00e9paration<\/strong> ou d&#8217;<strong>entretien<\/strong>. Commencez par <strong>s\u00e9lectionner<\/strong> votre <strong>emplacement<\/strong>, puis le <strong>service<\/strong> souhait\u00e9 et l&#8217;<strong>horaire<\/strong> disponible. Ensuite, vous recevrez une confirmation de votre r\u00e9servation par e-mail ou WhatsApp.<\/p>\t\t\n\t\t<\/div>\n\t<\/div>\n<\/div>\t\t<\/div>\n\t\t\t\t<\/div>\n\t\t\t\t<div class=\"elementor-element elementor-element-4042930 elementor-widget elementor-widget-text-editor\" data-id=\"4042930\" data-element_type=\"widget\" data-widget_type=\"text-editor.default\">\n\t\t\t\t<div class=\"elementor-widget-container\">\n\t\t\t<style>\/*! elementor - v3.18.0 - 08-12-2023 *\/\n.elementor-widget-text-editor.elementor-drop-cap-view-stacked .elementor-drop-cap{background-color:#69727d;color:#fff}.elementor-widget-text-editor.elementor-drop-cap-view-framed .elementor-drop-cap{color:#69727d;border:3px solid;background-color:transparent}.elementor-widget-text-editor:not(.elementor-drop-cap-view-default) .elementor-drop-cap{margin-top:8px}.elementor-widget-text-editor:not(.elementor-drop-cap-view-default) .elementor-drop-cap-letter{width:1em;height:1em}.elementor-widget-text-editor .elementor-drop-cap{float:left;text-align:center;line-height:1;font-size:50px}.elementor-widget-text-editor .elementor-drop-cap-letter{display:inline-block}<\/style>\t\t\t\t<p><!--\nPlugin Name: Bookly \u2013 Responsive WordPress Appointment Booking and Scheduling Plugin\nPlugin URI: https:\/\/www.booking-wp-plugin.com\/?utm_source=bookly_admin&utm_medium=plugins_page&utm_campaign=plugins_page\nVersion: 22.6-->\n    <style type=\"text\/css\">\n        :root {\n            --bookly-main-color: #ffaa11 !important;\n        }\n        \/* Color *\/\n        .bookly-form .bookly-form-group > label,\n        .bookly-form .bookly-label-error,\n        .bookly-form .bookly-progress-tracker > .active,\n        .bookly-form .picker__nav--next,\n        .bookly-form .pickadate__nav--prev,\n        .bookly-form .picker__day:hover,\n        .bookly-form .picker__day--selected:hover,\n        .bookly-form .picker--opened .picker__day--selected,\n        .bookly-form .picker__button--clear,\n        .bookly-form .picker__button--today,\n        .bookly-form .bookly-columnizer .bookly-hour span.bookly-waiting-list {\n            color: #ffaa11 !important;\n        }\n\n        \/* Background *\/\n        .bookly-form .bookly-progress-tracker > .active .step,\n        .bookly-form .picker__frame,\n        .bookly-form .bookly-service-step .bookly-week-days label,\n        .bookly-form .bookly-repeat-step .bookly-week-days label,\n        .bookly-form .bookly-columnizer .bookly-hour:active .bookly-hour-icon span,\n        .bookly-form .bookly-btn,\n        .bookly-form .bookly-btn:active,\n        .bookly-form .bookly-btn:focus,\n        .bookly-form .bookly-btn:hover,\n        .bookly-form .bookly-btn-submit,\n        .bookly-form .bookly-round,\n        .bookly-form .bookly-square,\n        .bookly-form .bookly-pagination > li.active {\n            background-color: #ffaa11 !important;\n        }\n\n        .bookly-form .bookly-triangle {\n            border-bottom-color: #ffaa11 !important;\n        }\n\n        \/* Border *\/\n        .bookly-form input[type=\"text\"].bookly-error,\n        .bookly-form input[type=\"password\"].bookly-error,\n        .bookly-form select.bookly-error,\n        .bookly-form textarea.bookly-error,\n        .bookly-form .bookly-week-days.bookly-error,\n        .bookly-extra-step div.bookly-extras-thumb.bookly-extras-selected {\n            border: 2px solid #ffaa11 !important;\n        }\n\n        \/* Other *\/\n        .bookly-form .picker__header {\n            border-bottom: 1px solid #ffaa11 !important;\n        }\n\n        .bookly-form .picker__nav--next:before {\n            border-left: 6px solid #ffaa11 !important;\n        }\n\n        .bookly-form .picker__nav--prev:before {\n            border-right: 6px solid #ffaa11 !important;\n        }\n\n        .bookly-form .bookly-service-step .bookly-week-days label.active, .bookly-form .bookly-repeat-step .bookly-week-days label.active {\n            background: #ffaa11 url(https:\/\/www.casentro.es\/wp-content\/plugins\/bookly-responsive-appointment-booking-tool\/frontend\/resources\/images\/checkbox.png) 0 0 no-repeat !important;\n        }\n\n        .bookly-form .bookly-columnizer .bookly-day, .bookly-form .bookly-schedule-date {\n            background: #ffaa11 !important;\n            border: 1px solid #ffaa11 !important;\n        }\n\n        .bookly-form .bookly-pagination > li.active a {\n            border: 1px solid #ffaa11 !important;\n        }\n\n        .bookly-form .bookly-columnizer .bookly-hour:active {\n            border: 2px solid #ffaa11 !important;\n            color: #ffaa11 !important;\n        }\n\n        .bookly-form .bookly-columnizer .bookly-hour:active .bookly-hour-icon {\n            background: none;\n            border: 2px solid #ffaa11 !important;\n            color: #ffaa11 !important;\n            width: auto;\n            height: auto;\n            padding: 3px;\n            border-radius: 25px;\n            margin-right: 3px;\n        }\n\n        .bookly-form .bookly-columnizer .bookly-hour:active .bookly-hour-icon span {\n            background-color: #ffaa11 !important;\n            width: 8px;\n            height: 8px;\n            border-radius: 10px;\n            display: block;\n        }\n\n        @media (hover) {\n            .bookly-form .bookly-columnizer .bookly-hour:hover {\n                border: 2px solid #ffaa11 !important;\n                color: #ffaa11 !important;\n            }\n\n            .bookly-form .bookly-columnizer .bookly-hour:hover .bookly-hour-icon {\n                background: none;\n                border: 2px solid #ffaa11 !important;\n                color: #ffaa11 !important;\n            }\n\n            .bookly-form .bookly-columnizer .bookly-hour:hover .bookly-hour-icon span {\n                background-color: #ffaa11 !important;\n            }\n        }\n    <\/style>\n\n    <style type=\"text\/css\">\n        input[type=\"text\"], input[type=\"email\"], input[type=\"url\"], input[type=\"password\"], input[type=\"search\"], input[type=\"tel\"], input[type=\"number\"], input[type=\"range\"], input[type=\"date\"], input[type=\"month\"], input[type=\"week\"], input[type=\"time\"], input[type=\"datetime\"], input[type=\"datetime-local\"], input[type=\"color\"], textarea, select, .nice-select {\n    background-color: #fff;\n    border: 1px solid #e3e7f2;\n    color: #1a1a1a;\n    padding: 6px 22px;\n    line-height: normal;\n    font-size: 15px;\n    font-weight: 400;\n    height: 50px;\n    -webkit-transition: all 200ms linear 0ms;\n    -khtml-transition: all 200ms linear 0ms;\n    -moz-transition: all 200ms linear 0ms;\n    -ms-transition: all 200ms linear 0ms;\n    -o-transition: all 200ms linear 0ms;\n    transition: all 200ms linear 0ms;\n    -webkit-box-shadow: none;\n    -khtml-box-shadow: none;\n    -moz-box-shadow: none;\n    -ms-box-shadow: none;\n    -o-box-shadow: none;\n    box-shadow: none;\n    -webkit-border-radius: 0;\n    -khtml-border-radius: 0;\n    -moz-border-radius: 0;\n    -ms-border-radius: 0;\n    -o-border-radius: 0;\n    border-radius: 0;\n    width: 100%;\n    outline: none;\n}    <\/style>\n<div id=\"bookly-form-69dce7ac51ee2\" class=\"bookly-form\" data-form_id=\"69dce7ac51ee2\">\n    <div style=\"text-align: center\"><img decoding=\"async\" src=\"https:\/\/www.casentro.es\/wp-includes\/js\/tinymce\/skins\/lightgray\/img\/loader.gif\" alt=\"Chargement...\"\/><\/div>\n<\/div>\n<script type=\"text\/javascript\">\n    (function (win, fn) {\n        var done = false, top = true,\n            doc = win.document,\n            root = doc.documentElement,\n            modern = doc.addEventListener,\n            add = modern ? 'addEventListener' : 'attachEvent',\n            rem = modern ? 'removeEventListener' : 'detachEvent',\n            pre = modern ? '' : 'on',\n            init = function(e) {\n                if (e.type == 'readystatechange') if (doc.readyState != 'complete') return;\n                (e.type == 'load' ? win : doc)[rem](pre + e.type, init, false);\n                if (!done) { done = true; fn.call(win, e.type || e); }\n            },\n            poll = function() {\n                try { root.doScroll('left'); } catch(e) { setTimeout(poll, 50); return; }\n                init('poll');\n            };\n        if (doc.readyState == 'complete') fn.call(win, 'lazy');\n        else {\n            if (!modern) if (root.doScroll) {\n                try { top = !win.frameElement; } catch(e) { }\n                if (top) poll();\n            }\n            doc[add](pre + 'DOMContentLoaded', init, false);\n            doc[add](pre + 'readystatechange', init, false);\n            win[add](pre + 'load', init, false);\n        }\n    })(window, function() {\n        window.bookly( {\"form_id\":\"69dce7ac51ee2\",\"status\":{\"booking\":\"new\"},\"skip_steps\":{\"service_part1\":0,\"service_part2\":0,\"extras\":1,\"time\":0,\"repeat\":1,\"cart\":1},\"errors\":{\"session_error\":\"Erreur Session.\",\"form_id_error\":\"ID Formulaire d'erreur.\",\"cart_item_not_available\":\"L'heure s\\u00e9lectionn\\u00e9e n'est plus disponible. Veuillez choisir un autre cr\\u00e9neau horaire.\",\"pay_locally_not_available\":\"Le paiement local n'est pas disponible.\",\"invalid_gateway\":\"Portail invalide.\",\"payment_error\":\"Erreur\",\"incorrect_username_password\":\"Identifiant ou mot de passe incorrect.\"},\"form_attributes\":{\"hide_categories\":false,\"hide_services\":false,\"hide_staff_members\":false,\"show_number_of_persons\":false,\"hide_service_duration\":true,\"hide_locations\":false,\"hide_quantity\":true,\"hide_date\":false,\"hide_week_days\":false,\"hide_time_range\":false},\"use_client_time_zone\":0,\"firstDay\":1,\"date_format\":\"dd\\\/mm\\\/yyyy\",\"defaults\":{\"service_id\":0,\"staff_id\":0,\"location_id\":0,\"category_id\":0},\"facebook\":{\"enabled\":0,\"appId\":\"\"}} );\n    });\n<\/script><\/p>\t\t\t\t\t\t<\/div>\n\t\t\t\t<\/div>\n\t\t\t\t<div class=\"elementor-element elementor-element-be38dbe elementor-widget elementor-widget-ct_text_editor\" data-id=\"be38dbe\" data-element_type=\"widget\" data-widget_type=\"ct_text_editor.default\">\n\t\t\t\t<div class=\"elementor-widget-container\">\n\t\t\t<div id=\"ct_text_editor-be38dbe\" class=\"ct-text-editor \" data-wow-delay=\"ms\">\n\t<div class=\"ct-item--inner\">\n\t\t<div class=\"ct-inline-css\"  data-css=\"\n\t        \t\t\t\">\n\n\t    <\/div>\n\t\t<div class=\"ct-text-editor elementor-clearfix\">\n\t\t\t<h6>Processus de r\u00e9servation<\/h6><p>Une fois que vous aurez compl\u00e9t\u00e9 les \u00e9tapes mentionn\u00e9es ci-dessus, vous recevrez une confirmation de votre r\u00e9servation pour la date et l&#8217;heure souhait\u00e9es. Nous traiterons cette demande aussi rapidement que possible pendant nos heures d&#8217;ouverture et vous fournirons des d\u00e9tails suppl\u00e9mentaires \u00e0 ce moment-l\u00e0. Le jour de la prestation du service, l&#8217;un de nos employ\u00e9s se rendra sur place pour effectuer le travail ou la prestation du service. Dans les cas plus complexes, il peut \u00e9galement \u00eatre n\u00e9cessaire que nous effectuions une inspection sur place avec vous pour clarifier tous les d\u00e9tails et garantir la meilleure prestation possible.<\/p>\t\t\n\t\t<\/div>\n\t<\/div>\n<\/div>\t\t<\/div>\n\t\t\t\t<\/div>\n\t\t            <\/div>\n        <\/div>\n                            <\/div>\n        <\/section>\n                <section class=\"elementor-section elementor-top-section elementor-element elementor-element-4d08a49 elementor-section-stretched elementor-section-boxed elementor-section-height-default elementor-section-height-default ct-header-fixed-none\" data-id=\"4d08a49\" data-element_type=\"section\" data-settings=\"{&quot;stretch_section&quot;:&quot;section-stretched&quot;,&quot;background_background&quot;:&quot;classic&quot;}\">\n            \n                        <div class=\"elementor-container elementor-column-gap-extended \">\n                    <div class=\"elementor-column elementor-col-100 elementor-top-column elementor-element elementor-element-53d42974\" data-id=\"53d42974\" data-element_type=\"column\">\n            <div class=\"elementor-widget-wrap elementor-element-populated\">\n                                <section class=\"elementor-section elementor-inner-section elementor-element elementor-element-150f8af9 elementor-section-content-middle elementor-section-boxed elementor-section-height-default elementor-section-height-default ct-header-fixed-none\" data-id=\"150f8af9\" data-element_type=\"section\">\n            \n                        <div class=\"elementor-container elementor-column-gap-extended \">\n                    <div class=\"elementor-column elementor-col-50 elementor-inner-column elementor-element elementor-element-71ac1491\" data-id=\"71ac1491\" data-element_type=\"column\">\n            <div class=\"elementor-widget-wrap elementor-element-populated\">\n                        \t\t<div class=\"elementor-element elementor-element-162a5fb9 elementor-hidden-mobile elementor-widget elementor-widget-ct_heading\" data-id=\"162a5fb9\" data-element_type=\"widget\" data-widget_type=\"ct_heading.default\">\n\t\t\t\t<div class=\"elementor-widget-container\">\n\t\t\t<div id=\"ct_heading-162a5fb9\" class=\"ct-heading h-align- ct-heading-left item-st-default\">\r\n\t<div class=\"ct-heading--inner\">\r\n        <div class=\"ct-inline-css\"  data-css=\"\r\n            \">\r\n        <\/div>\r\n                <h4 class=\"item--title  st-default \" data-wow-delay=\"ms\">\r\n            <span class=\"ct-text-inner\">Si vous avez des questions sur nos services <small>ou si vous ne trouvez pas le service que vous souhaitez dans le formulaire.<\/small><\/span>        <\/h4>\r\n    <\/div>\r\n<\/div>\t\t<\/div>\n\t\t\t\t<\/div>\n\t\t\t\t<div class=\"elementor-element elementor-element-07f5427 elementor-hidden-desktop elementor-hidden-tablet elementor-widget elementor-widget-ct_heading\" data-id=\"07f5427\" data-element_type=\"widget\" data-widget_type=\"ct_heading.default\">\n\t\t\t\t<div class=\"elementor-widget-container\">\n\t\t\t<div id=\"ct_heading-07f5427\" class=\"ct-heading h-align-center ct-heading-left item-st-default\">\r\n\t<div class=\"ct-heading--inner\">\r\n        <div class=\"ct-inline-css\"  data-css=\"\r\n            \">\r\n        <\/div>\r\n                <h4 class=\"item--title  st-default \" data-wow-delay=\"ms\">\r\n            <span class=\"ct-text-inner\">Si vous avez des questions sur nos services <small>ou si vous ne trouvez pas le service que vous souhaitez dans le formulaire.<\/small><\/span>        <\/h4>\r\n    <\/div>\r\n<\/div>\t\t<\/div>\n\t\t\t\t<\/div>\n\t\t            <\/div>\n        <\/div>\n                <div class=\"elementor-column elementor-col-50 elementor-inner-column elementor-element elementor-element-7c3a4b21\" data-id=\"7c3a4b21\" data-element_type=\"column\">\n            <div class=\"elementor-widget-wrap elementor-element-populated\">\n                        \t\t<div class=\"elementor-element elementor-element-5ffb6d55 elementor-widget elementor-widget-ct_text_editor\" data-id=\"5ffb6d55\" data-element_type=\"widget\" data-widget_type=\"ct_text_editor.default\">\n\t\t\t\t<div class=\"elementor-widget-container\">\n\t\t\t<div id=\"ct_text_editor-5ffb6d55\" class=\"ct-text-editor \" data-wow-delay=\"ms\">\n\t<div class=\"ct-item--inner\">\n\t\t<div class=\"ct-inline-css\"  data-css=\"\n\t        \t\t\t\">\n\n\t    <\/div>\n\t\t<div class=\"ct-text-editor elementor-clearfix\">\n\t\t\t<p>N&#8217;h\u00e9sitez pas \u00e0 nous contacter ; nous avons toujours une solution pr\u00eate et nous sommes heureux de vous aider.<\/p>\t\t\n\t\t<\/div>\n\t<\/div>\n<\/div>\t\t<\/div>\n\t\t\t\t<\/div>\n\t\t            <\/div>\n        <\/div>\n                            <\/div>\n        <\/section>\n        \t\t<div class=\"elementor-element elementor-element-7435ba7 elementor-widget elementor-widget-html\" data-id=\"7435ba7\" data-element_type=\"widget\" data-widget_type=\"html.default\">\n\t\t\t\t<div class=\"elementor-widget-container\">\n\t\t\t<div class=\"wpforms-container wpforms-render-modern\" id=\"wpforms-9703\"><form id=\"wpforms-form-9703\" class=\"wpforms-validate wpforms-form wpforms-ajax-form\" data-formid=\"9703\" method=\"post\" enctype=\"multipart\/form-data\" action=\"\/fr\/wp-json\/wp\/v2\/pages\/14330\" data-token=\"26dfedcac678a365a7a00c95bb6cb6ab\" data-token-time=\"1776084908\"><noscript class=\"wpforms-error-noscript\">Veuillez activer JavaScript dans votre navigateur pour remplir ce formulaire.<\/noscript><div class=\"wpforms-hidden\" id=\"wpforms-error-noscript\">Veuillez activer JavaScript dans votre navigateur pour remplir ce formulaire.<\/div><div class=\"wpforms-field-container\"><div id=\"wpforms-9703-field_0-container\" class=\"wpforms-field wpforms-field-name\" data-field-id=\"0\"><fieldset><legend class=\"wpforms-field-label\">Nom <span class=\"wpforms-required-label\" aria-hidden=\"true\">*<\/span><\/legend><div class=\"wpforms-field-row wpforms-field-large\"><div class=\"wpforms-field-row-block wpforms-first wpforms-one-half\"><input type=\"text\" id=\"wpforms-9703-field_0\" class=\"wpforms-field-name-first wpforms-field-required\" name=\"wpforms[fields][0][first]\" aria-errormessage=\"wpforms-9703-field_0-error\" required><label for=\"wpforms-9703-field_0\" class=\"wpforms-field-sublabel after\">Pr\u00e9nom<\/label><\/div><div class=\"wpforms-field-row-block wpforms-one-half\"><input type=\"text\" id=\"wpforms-9703-field_0-last\" class=\"wpforms-field-name-last wpforms-field-required\" name=\"wpforms[fields][0][last]\" aria-errormessage=\"wpforms-9703-field_0-last-error\" required><label for=\"wpforms-9703-field_0-last\" class=\"wpforms-field-sublabel after\">Nom<\/label><\/div><\/div><\/fieldset><\/div><div id=\"wpforms-9703-field_1-container\" class=\"wpforms-field wpforms-field-email\" data-field-id=\"1\"><label class=\"wpforms-field-label\" for=\"wpforms-9703-field_1\">Adresse e-mail <span class=\"wpforms-required-label\" aria-hidden=\"true\">*<\/span><\/label><input type=\"email\" id=\"wpforms-9703-field_1\" class=\"wpforms-field-large wpforms-field-required\" name=\"wpforms[fields][1]\" spellcheck=\"false\" aria-errormessage=\"wpforms-9703-field_1-error\" required><\/div><div id=\"wpforms-9703-field_2-container\" class=\"wpforms-field wpforms-field-textarea\" data-field-id=\"2\"><label class=\"wpforms-field-label\" for=\"wpforms-9703-field_2\">Commentaire ou message<\/label><textarea id=\"wpforms-9703-field_2\" class=\"wpforms-field-medium\" name=\"wpforms[fields][2]\" aria-errormessage=\"wpforms-9703-field_2-error\" ><\/textarea><\/div><div id=\"wpforms-9703-field_3-container\" class=\"wpforms-field wpforms-field-checkbox\" data-field-id=\"3\"><fieldset><legend class=\"wpforms-field-label\">Politiques de confidentialit\u00e9 <span class=\"wpforms-required-label\" aria-hidden=\"true\">*<\/span><\/legend><ul id=\"wpforms-9703-field_3\" class=\"wpforms-field-required\"><li class=\"choice-1 depth-1\"><input type=\"checkbox\" id=\"wpforms-9703-field_3_1\" name=\"wpforms[fields][3][]\" value=\"J&#039;ai lu et j&#039;accepte les &lt;a href=&quot;https:\/\/www.casentro.es\/fr\/politique-de-confidentialite&quot; target=&quot;_blank&quot;&gt;politiques de confidentialit\u00e9&lt;\/a&gt;\" aria-errormessage=\"wpforms-9703-field_3_1-error\" aria-describedby=\"wpforms-9703-field_3-description\" required ><label class=\"wpforms-field-label-inline\" for=\"wpforms-9703-field_3_1\">J'ai lu et j'accepte les <a href=\"https:\/\/www.casentro.es\/fr\/politique-de-confidentialite\" target=\"_blank\">politiques de confidentialit\u00e9<\/a><\/label><\/li><\/ul><div id=\"wpforms-9703-field_3-description\" class=\"wpforms-field-description\">Veuillez lire attentivement nos politiques de confidentialit\u00e9 avant d'envoyer le formulaire. En cochant la case ci-dessous, vous donnez votre consentement pour que vos donn\u00e9es personnelles soient collect\u00e9es et trait\u00e9es conform\u00e9ment \u00e0 nos politiques de confidentialit\u00e9.<\/div><\/fieldset><\/div><\/div><!-- .wpforms-field-container --><div class=\"wpforms-recaptcha-container wpforms-is-recaptcha wpforms-is-recaptcha-type-v2\" ><div class=\"g-recaptcha\" data-sitekey=\"6LdUtBQoAAAAAPeugw1c9BUbJ2VBwxmK3qne3oPB\"><\/div><input type=\"text\" name=\"g-recaptcha-hidden\" class=\"wpforms-recaptcha-hidden\" style=\"position:absolute!important;clip:rect(0,0,0,0)!important;height:1px!important;width:1px!important;border:0!important;overflow:hidden!important;padding:0!important;margin:0!important;\" data-rule-recaptcha=\"1\"><\/div><div class=\"wpforms-submit-container\" ><input type=\"hidden\" name=\"wpforms[id]\" value=\"9703\"><input type=\"hidden\" name=\"page_title\" value=\"\"><input type=\"hidden\" name=\"page_url\" value=\"https:\/\/www.casentro.es\/fr\/wp-json\/wp\/v2\/pages\/14330\"><input type=\"hidden\" name=\"url_referer\" value=\"\"><button type=\"submit\" name=\"wpforms[submit]\" id=\"wpforms-submit-9703\" class=\"wpforms-submit\" data-alt-text=\"Envoi en cours ...\" data-submit-text=\"Envoyer\" aria-live=\"assertive\" value=\"wpforms-submit\">Envoyer<\/button><img decoding=\"async\" src=\"https:\/\/www.casentro.es\/wp-content\/plugins\/wpforms-lite\/assets\/images\/submit-spin.svg\" class=\"wpforms-submit-spinner\" style=\"display: none;\" width=\"26\" height=\"26\" alt=\"Chargement en cours\"><\/div><\/form><\/div>  <!-- .wpforms-container -->\t\t<\/div>\n\t\t\t\t<\/div>\n\t\t            <\/div>\n        <\/div>\n                            <\/div>\n        <\/section>\n        \t\t\t\t\t<\/div>\n\t\t","protected":false},"excerpt":{"rendered":"<p>R\u00e9servez en ligne des services de nettoyage et d&#8217;entretien \u00e0 l&#8217;heure \u00e0 Costa Blanca R\u00e9servez en ligne des services de nettoyage et d&#8217;entretien \u00e0 l&#8217;heure \u00e0 Costa Blanca R\u00e9servez facilement vos services ! Avec notre formulaire de r\u00e9servation, vous pouvez planifier facilement des services de nettoyage, de r\u00e9paration ou d&#8217;entretien. Commencez par s\u00e9lectionner votre emplacement, [&hellip;]<\/p>\n","protected":false},"author":1,"featured_media":8964,"parent":0,"menu_order":0,"comment_status":"closed","ping_status":"closed","template":"","meta":{"inline_featured_image":false,"footnotes":""},"class_list":["post-14330","page","type-page","status-publish","has-post-thumbnail","hentry"],"_links":{"self":[{"href":"https:\/\/www.casentro.es\/fr\/wp-json\/wp\/v2\/pages\/14330","targetHints":{"allow":["GET"]}}],"collection":[{"href":"https:\/\/www.casentro.es\/fr\/wp-json\/wp\/v2\/pages"}],"about":[{"href":"https:\/\/www.casentro.es\/fr\/wp-json\/wp\/v2\/types\/page"}],"author":[{"embeddable":true,"href":"https:\/\/www.casentro.es\/fr\/wp-json\/wp\/v2\/users\/1"}],"replies":[{"embeddable":true,"href":"https:\/\/www.casentro.es\/fr\/wp-json\/wp\/v2\/comments?post=14330"}],"version-history":[{"count":7,"href":"https:\/\/www.casentro.es\/fr\/wp-json\/wp\/v2\/pages\/14330\/revisions"}],"predecessor-version":[{"id":14357,"href":"https:\/\/www.casentro.es\/fr\/wp-json\/wp\/v2\/pages\/14330\/revisions\/14357"}],"wp:featuredmedia":[{"embeddable":true,"href":"https:\/\/www.casentro.es\/fr\/wp-json\/wp\/v2\/media\/8964"}],"wp:attachment":[{"href":"https:\/\/www.casentro.es\/fr\/wp-json\/wp\/v2\/media?parent=14330"}],"curies":[{"name":"wp","href":"https:\/\/api.w.org\/{rel}","templated":true}]}}