{"id":9581,"date":"2023-09-12T05:17:56","date_gmt":"2023-09-12T05:17:56","guid":{"rendered":"https:\/\/www.casentro.es\/?page_id=9581"},"modified":"2023-09-12T11:35:59","modified_gmt":"2023-09-12T11:35:59","slug":"conditions-generales-dutilisation","status":"publish","type":"page","link":"https:\/\/www.casentro.es\/fr\/conditions-generales-dutilisation","title":{"rendered":"Conditions g\u00e9n\u00e9rales d&#8217;utilisation"},"content":{"rendered":"\t\t<div data-elementor-type=\"wp-page\" data-elementor-id=\"9581\" class=\"elementor elementor-9581 elementor-9579\">\n\t\t\t\t\t\t\t        <section class=\"elementor-section elementor-top-section elementor-element elementor-element-7ae3bb8 elementor-section-boxed elementor-section-height-default elementor-section-height-default ct-header-fixed-none\" data-id=\"7ae3bb8\" data-element_type=\"section\">\n            \n                        <div class=\"elementor-container elementor-column-gap-default \">\n                    <div class=\"elementor-column elementor-col-100 elementor-top-column elementor-element elementor-element-1bf5b34\" data-id=\"1bf5b34\" data-element_type=\"column\">\n            <div class=\"elementor-widget-wrap elementor-element-populated\">\n                        \t\t<div class=\"elementor-element elementor-element-205c0b2 elementor-widget elementor-widget-ct_text_editor\" data-id=\"205c0b2\" data-element_type=\"widget\" data-widget_type=\"ct_text_editor.default\">\n\t\t\t\t<div class=\"elementor-widget-container\">\n\t\t\t<div id=\"ct_text_editor-205c0b2\" class=\"ct-text-editor \" data-wow-delay=\"ms\">\n\t<div class=\"ct-item--inner\">\n\t\t<div class=\"ct-inline-css\"  data-css=\"\n\t        \t\t\t\">\n\n\t    <\/div>\n\t\t<div class=\"ct-text-editor elementor-clearfix\">\n\t\t\t<h1>Conditions G\u00e9n\u00e9rales (CG)<\/h1><p>\u00a0<\/p><p>Conditions G\u00e9n\u00e9rales de Contrat de &#8220;casentro&#8221; pour l&#8217;Interm\u00e9diation de Services de Nettoyage et de Travaux Manuels<\/p><p><strong>1. Champ d&#8217;Application<\/strong><br \/>Les pr\u00e9sentes Conditions G\u00e9n\u00e9rales de Contrat (CGC) r\u00e9gissent la relation contractuelle entre la plateforme internet &#8220;casentro&#8221; (ci-apr\u00e8s d\u00e9nomm\u00e9e &#8220;la Plateforme&#8221;) et les utilisateurs (ci-apr\u00e8s d\u00e9nomm\u00e9s &#8220;les Utilisateurs&#8221;) qui utilisent la Plateforme pour rechercher des services de nettoyage et de travaux manuels. Ces CGC sont applicables en vertu de la loi espagnole.<\/p><p><strong>2. Services d&#8217;Interm\u00e9diation Gratuits<\/strong><br \/>La Plateforme &#8220;casentro&#8221; propose des services d&#8217;interm\u00e9diation pour la recherche de services de nettoyage et de travaux manuels gratuitement pour les Utilisateurs demandeurs. Aucuns frais ou commissions ne sont appliqu\u00e9s pour l&#8217;interm\u00e9diation.<\/p><p><strong>3. Responsabilit\u00e9 de l&#8217;Utilisateur<\/strong><br \/>Les Utilisateurs sont responsables de la s\u00e9lection et de la conclusion de contrats pour les services de nettoyage et de travaux manuels propos\u00e9s par l&#8217;interm\u00e9diaire de la Plateforme. La Plateforme ne prend aucune responsabilit\u00e9 quant \u00e0 la qualit\u00e9 des services fournis ou quant aux actions des travailleurs.<\/p><p><strong>4. Exon\u00e9ration de Responsabilit\u00e9<\/strong><br \/>La Plateforme &#8220;casentro&#8221; ne assume aucune responsabilit\u00e9 pour les actes, omissions ou n\u00e9gligences des travailleurs ou des prestataires de services inscrits sur la Plateforme. Tout litige ou conflit entre les Utilisateurs et les travailleurs doit \u00eatre r\u00e9solu directement entre les parties impliqu\u00e9es.<\/p><p><strong>5. Utilisation des Donn\u00e9es Personnelles<\/strong><br \/>La Plateforme &#8220;casentro&#8221; collecte et traite les donn\u00e9es personnelles des Utilisateurs conform\u00e9ment \u00e0 la l\u00e9gislation actuelle sur la protection des donn\u00e9es en Espagne. La Plateforme s&#8217;engage \u00e0 utiliser les donn\u00e9es personnelles de mani\u00e8re confidentielle et uniquement \u00e0 des fins d&#8217;interm\u00e9diation.<\/p><p><strong>6. Modifications des CGC<\/strong><br \/>La Plateforme &#8220;casentro&#8221; se r\u00e9serve le droit de modifier ces CGC \u00e0 tout moment. Les Utilisateurs seront inform\u00e9s des modifications via la Plateforme. La poursuite de l&#8217;utilisation de la Plateforme constitue l&#8217;acceptation des CGC modifi\u00e9es.<\/p><p><strong>7. Loi Applicable et Juridiction<\/strong><br \/>Ces CGC sont r\u00e9gies par le droit espagnol. Tout litige d\u00e9coulant de ces CGC sera soumis \u00e0 la juridiction des tribunaux de [Lieu de juridiction].<\/p><p>Ces Conditions G\u00e9n\u00e9rales de Contrat sont applicables \u00e0 partir de la date de leur publication sur la Plateforme &#8220;casentro&#8221; et s&#8217;appliqueront \u00e0 toutes les transactions effectu\u00e9es via la Plateforme. Les Utilisateurs doivent lire et accepter ces CGC avant d&#8217;utiliser la Plateforme.<\/p><p><strong>valideron S.L.<\/strong><br \/>E-mail : info@casentro.es<br \/>T\u00e9l\u00e9phone : +652 527 033<br \/>Date : 11.09.2023<\/p>\t\t\n\t\t<\/div>\n\t<\/div>\n<\/div>\t\t<\/div>\n\t\t\t\t<\/div>\n\t\t            <\/div>\n        <\/div>\n                            <\/div>\n        <\/section>\n                <section class=\"elementor-section elementor-top-section elementor-element elementor-element-431952e elementor-section-boxed elementor-section-height-default elementor-section-height-default ct-header-fixed-none\" data-id=\"431952e\" data-element_type=\"section\">\n            \n                        <div class=\"elementor-container elementor-column-gap-default \">\n                    <div class=\"elementor-column elementor-col-100 elementor-top-column elementor-element elementor-element-a7936e5\" data-id=\"a7936e5\" data-element_type=\"column\">\n            <div class=\"elementor-widget-wrap elementor-element-populated\">\n                        \t\t<div class=\"elementor-element elementor-element-7e28eb9 elementor-widget elementor-widget-spacer\" data-id=\"7e28eb9\" data-element_type=\"widget\" data-widget_type=\"spacer.default\">\n\t\t\t\t<div class=\"elementor-widget-container\">\n\t\t\t<style>\/*! elementor - v3.18.0 - 08-12-2023 *\/\n.elementor-column .elementor-spacer-inner{height:var(--spacer-size)}.e-con{--container-widget-width:100%}.e-con-inner>.elementor-widget-spacer,.e-con>.elementor-widget-spacer{width:var(--container-widget-width,var(--spacer-size));--align-self:var(--container-widget-align-self,initial);--flex-shrink:0}.e-con-inner>.elementor-widget-spacer>.elementor-widget-container,.e-con>.elementor-widget-spacer>.elementor-widget-container{height:100%;width:100%}.e-con-inner>.elementor-widget-spacer>.elementor-widget-container>.elementor-spacer,.e-con>.elementor-widget-spacer>.elementor-widget-container>.elementor-spacer{height:100%}.e-con-inner>.elementor-widget-spacer>.elementor-widget-container>.elementor-spacer>.elementor-spacer-inner,.e-con>.elementor-widget-spacer>.elementor-widget-container>.elementor-spacer>.elementor-spacer-inner{height:var(--container-widget-height,var(--spacer-size))}.e-con-inner>.elementor-widget-spacer.elementor-widget-empty,.e-con>.elementor-widget-spacer.elementor-widget-empty{position:relative;min-height:22px;min-width:22px}.e-con-inner>.elementor-widget-spacer.elementor-widget-empty .elementor-widget-empty-icon,.e-con>.elementor-widget-spacer.elementor-widget-empty .elementor-widget-empty-icon{position:absolute;top:0;bottom:0;left:0;right:0;margin:auto;padding:0;width:22px;height:22px}<\/style>\t\t<div class=\"elementor-spacer\">\n\t\t\t<div class=\"elementor-spacer-inner\"><\/div>\n\t\t<\/div>\n\t\t\t\t<\/div>\n\t\t\t\t<\/div>\n\t\t            <\/div>\n        <\/div>\n                            <\/div>\n        <\/section>\n        \t\t\t\t\t<\/div>\n\t\t","protected":false},"excerpt":{"rendered":"<p>Conditions G\u00e9n\u00e9rales (CG) Conditions G\u00e9n\u00e9rales de Contrat de &#8220;casentro&#8221; pour l&#8217;Interm\u00e9diation de Services de Nettoyage et de Travaux Manuels 1. Champ d&#8217;Application Les pr\u00e9sentes Conditions G\u00e9n\u00e9rales de Contrat (CGC) r\u00e9gissent la relation contractuelle entre la plateforme internet &#8220;casentro&#8221; (ci-apr\u00e8s d\u00e9nomm\u00e9e &#8220;la Plateforme&#8221;) et les utilisateurs (ci-apr\u00e8s d\u00e9nomm\u00e9s &#8220;les Utilisateurs&#8221;) qui utilisent la Plateforme pour rechercher [&hellip;]<\/p>\n","protected":false},"author":1,"featured_media":0,"parent":0,"menu_order":0,"comment_status":"closed","ping_status":"closed","template":"","meta":{"inline_featured_image":false,"footnotes":""},"class_list":["post-9581","page","type-page","status-publish","hentry"],"_links":{"self":[{"href":"https:\/\/www.casentro.es\/fr\/wp-json\/wp\/v2\/pages\/9581","targetHints":{"allow":["GET"]}}],"collection":[{"href":"https:\/\/www.casentro.es\/fr\/wp-json\/wp\/v2\/pages"}],"about":[{"href":"https:\/\/www.casentro.es\/fr\/wp-json\/wp\/v2\/types\/page"}],"author":[{"embeddable":true,"href":"https:\/\/www.casentro.es\/fr\/wp-json\/wp\/v2\/users\/1"}],"replies":[{"embeddable":true,"href":"https:\/\/www.casentro.es\/fr\/wp-json\/wp\/v2\/comments?post=9581"}],"version-history":[{"count":11,"href":"https:\/\/www.casentro.es\/fr\/wp-json\/wp\/v2\/pages\/9581\/revisions"}],"predecessor-version":[{"id":9664,"href":"https:\/\/www.casentro.es\/fr\/wp-json\/wp\/v2\/pages\/9581\/revisions\/9664"}],"wp:attachment":[{"href":"https:\/\/www.casentro.es\/fr\/wp-json\/wp\/v2\/media?parent=9581"}],"curies":[{"name":"wp","href":"https:\/\/api.w.org\/{rel}","templated":true}]}}