{"id":9798,"date":"2020-08-19T10:22:05","date_gmt":"2020-08-19T10:22:05","guid":{"rendered":"https:\/\/www.casentro.es\/contactenos"},"modified":"2023-09-13T08:47:59","modified_gmt":"2023-09-13T08:47:59","slug":"contactez-nous","status":"publish","type":"page","link":"https:\/\/www.casentro.es\/fr\/contactez-nous","title":{"rendered":"Contactez-nous"},"content":{"rendered":"\t\t<div data-elementor-type=\"wp-page\" data-elementor-id=\"9798\" class=\"elementor elementor-9798 elementor-166\">\n\t\t\t\t\t\t\t        <section class=\"elementor-section elementor-top-section elementor-element elementor-element-6875ece elementor-section-stretched elementor-section-boxed elementor-section-height-default elementor-section-height-default ct-header-fixed-none\" data-id=\"6875ece\" data-element_type=\"section\" data-settings=\"{&quot;stretch_section&quot;:&quot;section-stretched&quot;,&quot;background_background&quot;:&quot;classic&quot;}\">\n            \n                        <div class=\"elementor-container elementor-column-gap-extended \">\n                    <div class=\"elementor-column elementor-col-100 elementor-top-column elementor-element elementor-element-42daa29\" data-id=\"42daa29\" data-element_type=\"column\">\n            <div class=\"elementor-widget-wrap elementor-element-populated\">\n                        \t\t<div class=\"elementor-element elementor-element-ad81b73 elementor-widget elementor-widget-ct_heading\" data-id=\"ad81b73\" data-element_type=\"widget\" data-widget_type=\"ct_heading.default\">\n\t\t\t\t<div class=\"elementor-widget-container\">\n\t\t\t<div id=\"ct_heading-ad81b73\" class=\"ct-heading h-align-center ct-heading-left item-st-default\">\r\n\t<div class=\"ct-heading--inner\">\r\n        <div class=\"ct-inline-css\"  data-css=\"\r\n            \">\r\n        <\/div>\r\n            \t\t<div class=\"item--sub-title st-line-center2 \" data-wow-delay=\"ms\">\r\n                <div class=\"item--sub-title-inner\">\r\n                                        N&#039;h\u00e9sitez pas \u00e0 nous contacter                <\/div>\r\n            <\/div>\r\n    \t        <h1 class=\"item--title  st-default \" data-wow-delay=\"ms\">\r\n            <span class=\"ct-text-inner\">Contactez<small>-nous<\/small><\/span>        <\/h1>\r\n    <\/div>\r\n<\/div>\t\t<\/div>\n\t\t\t\t<\/div>\n\t\t            <\/div>\n        <\/div>\n                            <\/div>\n        <\/section>\n                <section class=\"elementor-section elementor-top-section elementor-element elementor-element-60f9b96 elementor-section-stretched elementor-section-boxed elementor-section-height-default elementor-section-height-default ct-header-fixed-none\" data-id=\"60f9b96\" data-element_type=\"section\" data-settings=\"{&quot;stretch_section&quot;:&quot;section-stretched&quot;,&quot;background_background&quot;:&quot;classic&quot;}\">\n            \n                        <div class=\"elementor-container elementor-column-gap-extended \">\n                    <div class=\"elementor-column elementor-col-50 elementor-top-column elementor-element elementor-element-b07639e\" data-id=\"b07639e\" data-element_type=\"column\">\n            <div class=\"elementor-widget-wrap elementor-element-populated\">\n                        \t\t<div class=\"elementor-element elementor-element-d458457 elementor-widget elementor-widget-ct_heading\" data-id=\"d458457\" data-element_type=\"widget\" data-widget_type=\"ct_heading.default\">\n\t\t\t\t<div class=\"elementor-widget-container\">\n\t\t\t<div id=\"ct_heading-d458457\" class=\"ct-heading h-align- ct-heading-left item-st-default\">\r\n\t<div class=\"ct-heading--inner\">\r\n        <div class=\"ct-inline-css\"  data-css=\"\r\n            \">\r\n        <\/div>\r\n                <h3 class=\"item--title  st-default \" data-wow-delay=\"ms\">\r\n            <span class=\"ct-text-inner\">D\u00e9tails de Contact<\/span>        <\/h3>\r\n    <\/div>\r\n<\/div>\t\t<\/div>\n\t\t\t\t<\/div>\n\t\t\t\t<div class=\"elementor-element elementor-element-0e486bf elementor-widget elementor-widget-ct_fancy_box\" data-id=\"0e486bf\" data-element_type=\"widget\" data-widget_type=\"ct_fancy_box.default\">\n\t\t\t\t<div class=\"elementor-widget-container\">\n\t\t\t<div id=\"ct_fancy_box-0e486bf\" class=\"ct-fancy-box ct-fancy-box-layout1 style1 wow fadeInUp\" data-wow-delay=\"ms\">\r\n    <div class=\"ct-inline-css\"  data-css=\"\r\n                        \">\r\n    <\/div>\r\n\r\n            <div class=\"item--icon\">\r\n            <svg xmlns=\"http:\/\/www.w3.org\/2000\/svg\" xmlns:xlink=\"http:\/\/www.w3.org\/1999\/xlink\" xmlns:svgjs=\"http:\/\/svgjs.com\/svgjs\" width=\"512\" height=\"512\" x=\"0\" y=\"0\" viewBox=\"0 0 32 32\" style=\"enable-background:new 0 0 512 512\" xml:space=\"preserve\" class=\"\"> <g> <path d=\"M21.182 21.598a.502.502 0 0 1-.354-.146l-2.33-2.33c-.682-.682-1.018-1.452-.997-2.289.038-1.562 1.333-2.754 1.388-2.804a.499.499 0 0 1 .684.011l5.775 5.602a.5.5 0 0 1-.696.718l-5.407-5.244c-.307.378-.729 1.026-.745 1.747-.012.559.218 1.066.705 1.553l2.33 2.33a.5.5 0 0 1-.353.852z\" fill=\"#1a1a1a\" data-original=\"#000000\"><\/path> <path d=\"M21.604 25.711a.499.499 0 0 1-.372-.166 3.996 3.996 0 0 1-.496-4.674.499.499 0 1 1 .865.501 2.995 2.995 0 0 0 .374 3.504.5.5 0 0 1-.371.835zM19 25h-8.5A2.503 2.503 0 0 1 8 22.5v-1a.5.5 0 0 1 1 0v1c0 .827.673 1.5 1.5 1.5H19a.5.5 0 0 1 0 1zM21.5 15a.5.5 0 0 1-.5-.5v-11c0-.827-.673-1.5-1.5-1.5h-9C9.673 2 9 2.673 9 3.5v1a.5.5 0 0 1-1 0v-1C8 2.122 9.122 1 10.5 1h9C20.878 1 22 2.122 22 3.5v11a.5.5 0 0 1-.5.5zM19.5 31a.5.5 0 0 1-.5-.5v-3.185a5.182 5.182 0 0 1-1.265-.928.5.5 0 0 1 .704-.71c.375.373.8.663 1.261.864.182.08.3.26.3.458v3.5a.5.5 0 0 1-.5.501z\" fill=\"#1a1a1a\" data-original=\"#000000\"><\/path> <path d=\"M28.5 31a.5.5 0 0 1-.5-.5V19.438c0-.424-.26-1.062-.557-1.363l-6.193-6.222a.5.5 0 1 1 .709-.705l6.195 6.224c.483.491.846 1.378.846 2.066V30.5a.5.5 0 0 1-.5.5zM15.5 23h-1a.5.5 0 0 1 0-1h1a.5.5 0 0 1 0 1zM16.5 4h-3a.5.5 0 0 1 0-1h3a.5.5 0 0 1 0 1zM8.5 20a.499.499 0 0 1-.372-.166c-.189-.209-4.628-5.186-4.628-9.006C3.5 8.166 5.743 6 8.5 6s5 2.166 5 4.828c0 3.82-4.439 8.796-4.628 9.006A.499.499 0 0 1 8.5 20zm0-13c-2.206 0-4 1.717-4 3.828 0 2.837 2.943 6.632 4 7.902 1.056-1.271 4-5.068 4-7.902C12.5 8.717 10.706 7 8.5 7z\" fill=\"#1a1a1a\" data-original=\"#000000\"><\/path> <path d=\"M8.5 13.5C7.122 13.5 6 12.378 6 11s1.122-2.5 2.5-2.5S11 9.622 11 11s-1.122 2.5-2.5 2.5zm0-4c-.827 0-1.5.673-1.5 1.5s.673 1.5 1.5 1.5S10 11.827 10 11s-.673-1.5-1.5-1.5z\" fill=\"#1a1a1a\" data-original=\"#000000\"><\/path> <\/g> <\/svg>        <\/div>\r\n            <div class=\"item--holder\">\r\n        <h3 class=\"item--title fs-title-sm \">\r\n            Adresse        <\/h3>\r\n        <div class=\"item--description fs-desc-md\">Gran V\u00eda Fernando Cat\u00f3lico N\u00ba 5 - Pta. 8\n46008 Valencia (Valencia)<\/div>\r\n    <\/div>\r\n\r\n            <a class=\"item--link\" href=\" \"><\/a>\r\n    <\/div>\t\t<\/div>\n\t\t\t\t<\/div>\n\t\t\t\t<div class=\"elementor-element elementor-element-cd3c930 elementor-widget elementor-widget-ct_fancy_box\" data-id=\"cd3c930\" data-element_type=\"widget\" data-widget_type=\"ct_fancy_box.default\">\n\t\t\t\t<div class=\"elementor-widget-container\">\n\t\t\t<div id=\"ct_fancy_box-cd3c930\" class=\"ct-fancy-box ct-fancy-box-layout1 style1 wow fadeInUp\" data-wow-delay=\"50ms\">\r\n    <div class=\"ct-inline-css\"  data-css=\"\r\n                        \">\r\n    <\/div>\r\n\r\n            <div class=\"item--icon\">\r\n            <svg xmlns:dc=\"http:\/\/purl.org\/dc\/elements\/1.1\/\" xmlns:cc=\"http:\/\/creativecommons.org\/ns#\" xmlns:rdf=\"http:\/\/www.w3.org\/1999\/02\/22-rdf-syntax-ns#\" xmlns:svg=\"http:\/\/www.w3.org\/2000\/svg\" xmlns=\"http:\/\/www.w3.org\/2000\/svg\" xmlns:sodipodi=\"http:\/\/sodipodi.sourceforge.net\/DTD\/sodipodi-0.dtd\" xmlns:inkscape=\"http:\/\/www.inkscape.org\/namespaces\/inkscape\" inkscape:version=\"1.0 (4035a4fb49, 2020-05-01)\" sodipodi:docname=\"support-custom.svg\" id=\"svg861\" xml:space=\"preserve\" viewBox=\"0 0 9.375 11.718704\" y=\"0\" x=\"0\" height=\"99.999603\" width=\"80\"> <metadata><\/metadata> <defs id=\"defs865\"><\/defs> <g style=\"stroke-width:5.12003\" transform=\"matrix(0.19531173,0,0,0.19531173,-1.1718519,0)\" id=\"g859\"> <path style=\"stroke-width:10.4859\" id=\"path857\" data-original=\"#000000\" fill=\"#000000\" d=\"m 15.625,43.058 -3.36,0.748 A 7.951,7.951 0 0 0 6,51.615 v 1.618 a 5.012,5.012 0 0 0 3.681,4.825 C 12.926,58.943 19.085,60 30,60 40.915,60 47.074,58.943 50.319,58.058 A 5.012,5.012 0 0 0 54,53.233 v -1.618 a 7.951,7.951 0 0 0 -6.265,-7.809 l -3.36,-0.748 -4.584,-2.749 -1.843,-4.3 0.6,-0.691 0.451,0.121 A 5.685,5.685 0 0 0 40.445,35.628 5.567,5.567 0 0 0 46,30.06 v -1.2 A 4,4 0 0 0 49,25 V 21 A 4,4 0 0 0 46,17.142 V 16 a 16,16 0 0 0 -32,0 v 1.142 A 4,4 0 0 0 11,21 v 4 a 4,4 0 0 0 4,4 h 2 a 2.966,2.966 0 0 0 1,-0.184 v 0.345 a 5.888,5.888 0 0 0 1.458,3.881 l 2.6,2.965 -1.844,4.3 z m 5.091,-0.721 a 15.085,15.085 0 0 0 7.115,5.147 12.219,12.219 0 0 0 -2.371,3.248 21.5,21.5 0 0 1 -8,-6.442 z M 52,51.615 v 1.618 a 3.006,3.006 0 0 1 -2.208,2.9 C 46.665,56.982 40.693,58 30,58 19.307,58 13.335,56.982 10.208,56.128 A 3.006,3.006 0 0 1 8,53.233 v -1.618 a 5.961,5.961 0 0 1 4.7,-5.856 l 2.874,-0.639 c 1.127,1.513 4.544,5.666 9.382,7.564 A 1.752,1.752 0 0 0 27.172,51.79 9.965,9.965 0 0 1 30,48.232 a 9.975,9.975 0 0 1 2.83,3.557 1.758,1.758 0 0 0 1.589,1.011 1.706,1.706 0 0 0 0.628,-0.119 c 4.837,-1.9 8.254,-6.051 9.381,-7.564 l 2.874,0.639 A 5.961,5.961 0 0 1 52,51.615 Z M 34.54,50.732 a 12.188,12.188 0 0 0 -2.371,-3.248 15.085,15.085 0 0 0 7.115,-5.147 l 3.256,1.953 a 21.507,21.507 0 0 1 -8,6.442 z m 8.07,-17.847 a 3.536,3.536 0 0 1 -2.542,0.7 l 0.474,-0.542 A 5.892,5.892 0 0 0 42,29.161 V 28.816 A 2.966,2.966 0 0 0 43,29 h 1 v 1.06 a 3.54,3.54 0 0 1 -1.39,2.825 z M 40,16.985 C 30.813,16.709 28.941,12.658 28.929,12.629 A 1,1 0 0 0 28,12 11.468,11.468 0 0 0 20.17,15.106 C 21.065,10.143 25.348,6 30,6 A 10.011,10.011 0 0 1 40,16 Z M 47,21 v 4 a 2,2 0 0 1 -2,2 h -2 a 1,1 0 0 1 -1,-1 v -6 a 1,1 0 0 1 1,-1 h 2 a 2,2 0 0 1 2,2 z M 30,2 a 14.015,14.015 0 0 1 14,14 v 1 h -1 a 2.966,2.966 0 0 0 -1,0.184 V 16 A 12.013,12.013 0 0 0 30,4 C 23.607,4 18,10.075 18,17 v 0.184 A 2.966,2.966 0 0 0 17,17 H 16 V 16 A 14.015,14.015 0 0 1 30,2 Z M 17,27 h -2 a 2,2 0 0 1 -2,-2 v -4 a 2,2 0 0 1 2,-2 h 2 a 1,1 0 0 1 1,1 v 6 a 1,1 0 0 1 -1,1 z m 3,2.161 V 18.3 a 9.994,9.994 0 0 1 7.428,-4.281 c 0.944,1.429 4.052,4.715 12.572,4.959 v 10.183 a 3.893,3.893 0 0 1 -0.964,2.565 l -1.17,1.337 -2.8,-0.748 0.03,-0.124 A 2,2 0 0 0 33.615,29.78 l -2.917,-0.7 A 3.0015266,3.0015266 0 0 0 29.3,34.918 l 2.917,0.7 a 2.033,2.033 0 0 0 0.47,0.056 1.982,1.982 0 0 0 1.9,-1.414 L 36.396,34.744 34.9,36.45 A 4.536,4.536 0 0 1 31.486,38 H 28.514 A 4.541,4.541 0 0 1 25.1,36.45 L 20.966,31.725 A 3.89,3.89 0 0 1 20,29.161 Z m 13.15,2.565 -0.464,1.944 -2.918,-0.7 a 1,1 0 1 1 0.465,-1.945 z m -9.558,6.041 A 6.536,6.536 0 0 0 28.514,40 h 2.972 a 6.537,6.537 0 0 0 4.922,-2.233 l 0.08,-0.091 1.377,3.215 A 13,13 0 0 1 30,45.985 13,13 0 0 1 22.135,40.891 l 1.378,-3.215 z\"><\/path> <\/g> <\/svg>        <\/div>\r\n            <div class=\"item--holder\">\r\n        <h3 class=\"item--title fs-title-sm \">\r\n            T\u00e9l\u00e9phone        <\/h3>\r\n        <div class=\"item--description fs-desc-md\">+ 34 - 652 527 033<\/div>\r\n    <\/div>\r\n\r\n            <a class=\"item--link\" href=\"tel:++ 34652527033\"><\/a>\r\n    <\/div>\t\t<\/div>\n\t\t\t\t<\/div>\n\t\t\t\t<div class=\"elementor-element elementor-element-cb9e621 elementor-widget elementor-widget-ct_fancy_box\" data-id=\"cb9e621\" data-element_type=\"widget\" data-widget_type=\"ct_fancy_box.default\">\n\t\t\t\t<div class=\"elementor-widget-container\">\n\t\t\t<div id=\"ct_fancy_box-cb9e621\" class=\"ct-fancy-box ct-fancy-box-layout1 style1 wow fadeInUp\" data-wow-delay=\"100ms\">\r\n    <div class=\"ct-inline-css\"  data-css=\"\r\n                        \">\r\n    <\/div>\r\n\r\n            <div class=\"item--icon\">\r\n            <svg xmlns=\"http:\/\/www.w3.org\/2000\/svg\" xmlns:xlink=\"http:\/\/www.w3.org\/1999\/xlink\" xmlns:svgjs=\"http:\/\/svgjs.com\/svgjs\" width=\"512\" height=\"512\" x=\"0\" y=\"0\" viewBox=\"0 0 60 60\" style=\"enable-background:new 0 0 512 512\" xml:space=\"preserve\" class=\"\"> <g> <path d=\"M5 42h27.038l5.028 15.959a2.876 2.876 0 0 0 2.5 2.027c.1.01.2.015.3.015a2.869 2.869 0 0 0 2.545-1.52l5.677-10.4 10.4-5.677a2.916 2.916 0 0 0-.521-5.341L54 35.819V5a5.006 5.006 0 0 0-5-5H5a5.006 5.006 0 0 0-5 5v32a5.006 5.006 0 0 0 5 5Zm-3-5V5a2.958 2.958 0 0 1 .326-1.332L20.349 21 2.326 38.332A2.958 2.958 0 0 1 2 37Zm3 3a2.97 2.97 0 0 1-1.238-.275l18.03-17.339 1.046 1.006a6 6 0 0 0 8.324 0l1.046-1.006 10.152 9.765-9.56-3.013a2.915 2.915 0 0 0-3.662 3.662l2.27 7.2Zm53-.241a.9.9 0 0 1-.473.892l-10 5.459-9.856-9.856a1 1 0 0 0-1.414 1.414l9.856 9.856-5.459 10a.887.887 0 0 1-.892.473.9.9 0 0 1-.784-.637l-7.932-25.167a.9.9 0 0 1 .225-.922.915.915 0 0 1 .635-.271.926.926 0 0 1 .287.046l25.166 7.929a.9.9 0 0 1 .641.784ZM46.651 33.5l-13-12.5L51.674 3.668A2.958 2.958 0 0 1 52 5v30.189ZM49 2a2.97 2.97 0 0 1 1.238.275L29.777 21.948a4 4 0 0 1-5.554 0L3.763 2.275A2.962 2.962 0 0 1 5 2Z\" fill=\"#000000\" data-original=\"#000000\" class=\"\"><\/path> <\/g> <\/svg>        <\/div>\r\n            <div class=\"item--holder\">\r\n        <h3 class=\"item--title fs-title-sm \">\r\n            E-mail        <\/h3>\r\n        <div class=\"item--description fs-desc-md\">info (@) casentro.es<\/div>\r\n    <\/div>\r\n\r\n            <a class=\"item--link\" href=\"mailto:info@casentro.es\"><\/a>\r\n    <\/div>\t\t<\/div>\n\t\t\t\t<\/div>\n\t\t            <\/div>\n        <\/div>\n                <div class=\"elementor-column elementor-col-50 elementor-top-column elementor-element elementor-element-468dde8\" data-id=\"468dde8\" data-element_type=\"column\">\n            <div class=\"elementor-widget-wrap elementor-element-populated\">\n                        \t\t<div class=\"elementor-element elementor-element-95a7943 elementor-widget elementor-widget-ct_heading\" data-id=\"95a7943\" data-element_type=\"widget\" data-widget_type=\"ct_heading.default\">\n\t\t\t\t<div class=\"elementor-widget-container\">\n\t\t\t<div id=\"ct_heading-95a7943\" class=\"ct-heading h-align- ct-heading-left item-st-default\">\r\n\t<div class=\"ct-heading--inner\">\r\n        <div class=\"ct-inline-css\"  data-css=\"\r\n            \">\r\n        <\/div>\r\n                <h3 class=\"item--title  st-default \" data-wow-delay=\"ms\">\r\n            <span class=\"ct-text-inner\">Formulaire de Contact<\/span>        <\/h3>\r\n    <\/div>\r\n<\/div>\t\t<\/div>\n\t\t\t\t<\/div>\n\t\t\t\t<div class=\"elementor-element elementor-element-54bbffe elementor-widget elementor-widget-html\" data-id=\"54bbffe\" data-element_type=\"widget\" data-widget_type=\"html.default\">\n\t\t\t\t<div class=\"elementor-widget-container\">\n\t\t\t<div class=\"wpforms-container wpforms-render-modern\" id=\"wpforms-9703\"><form id=\"wpforms-form-9703\" class=\"wpforms-validate wpforms-form wpforms-ajax-form\" data-formid=\"9703\" method=\"post\" enctype=\"multipart\/form-data\" action=\"\/fr\/wp-json\/wp\/v2\/pages\/9798\" data-token=\"26dfedcac678a365a7a00c95bb6cb6ab\" data-token-time=\"1776070148\"><noscript class=\"wpforms-error-noscript\">Veuillez activer JavaScript dans votre navigateur pour remplir ce formulaire.<\/noscript><div class=\"wpforms-hidden\" id=\"wpforms-error-noscript\">Veuillez activer JavaScript dans votre navigateur pour remplir ce formulaire.<\/div><div class=\"wpforms-field-container\"><div id=\"wpforms-9703-field_0-container\" class=\"wpforms-field wpforms-field-name\" data-field-id=\"0\"><fieldset><legend class=\"wpforms-field-label\">Nom <span class=\"wpforms-required-label\" aria-hidden=\"true\">*<\/span><\/legend><div class=\"wpforms-field-row wpforms-field-large\"><div class=\"wpforms-field-row-block wpforms-first wpforms-one-half\"><input type=\"text\" id=\"wpforms-9703-field_0\" class=\"wpforms-field-name-first wpforms-field-required\" name=\"wpforms[fields][0][first]\" aria-errormessage=\"wpforms-9703-field_0-error\" required><label for=\"wpforms-9703-field_0\" class=\"wpforms-field-sublabel after\">Pr\u00e9nom<\/label><\/div><div class=\"wpforms-field-row-block wpforms-one-half\"><input type=\"text\" id=\"wpforms-9703-field_0-last\" class=\"wpforms-field-name-last wpforms-field-required\" name=\"wpforms[fields][0][last]\" aria-errormessage=\"wpforms-9703-field_0-last-error\" required><label for=\"wpforms-9703-field_0-last\" class=\"wpforms-field-sublabel after\">Nom<\/label><\/div><\/div><\/fieldset><\/div><div id=\"wpforms-9703-field_1-container\" class=\"wpforms-field wpforms-field-email\" data-field-id=\"1\"><label class=\"wpforms-field-label\" for=\"wpforms-9703-field_1\">Adresse e-mail <span class=\"wpforms-required-label\" aria-hidden=\"true\">*<\/span><\/label><input type=\"email\" id=\"wpforms-9703-field_1\" class=\"wpforms-field-large wpforms-field-required\" name=\"wpforms[fields][1]\" spellcheck=\"false\" aria-errormessage=\"wpforms-9703-field_1-error\" required><\/div><div id=\"wpforms-9703-field_2-container\" class=\"wpforms-field wpforms-field-textarea\" data-field-id=\"2\"><label class=\"wpforms-field-label\" for=\"wpforms-9703-field_2\">Commentaire ou message<\/label><textarea id=\"wpforms-9703-field_2\" class=\"wpforms-field-medium\" name=\"wpforms[fields][2]\" aria-errormessage=\"wpforms-9703-field_2-error\" ><\/textarea><\/div><div id=\"wpforms-9703-field_3-container\" class=\"wpforms-field wpforms-field-checkbox\" data-field-id=\"3\"><fieldset><legend class=\"wpforms-field-label\">Politiques de confidentialit\u00e9 <span class=\"wpforms-required-label\" aria-hidden=\"true\">*<\/span><\/legend><ul id=\"wpforms-9703-field_3\" class=\"wpforms-field-required\"><li class=\"choice-1 depth-1\"><input type=\"checkbox\" id=\"wpforms-9703-field_3_1\" name=\"wpforms[fields][3][]\" value=\"J&#039;ai lu et j&#039;accepte les &lt;a href=&quot;https:\/\/www.casentro.es\/fr\/politique-de-confidentialite&quot; target=&quot;_blank&quot;&gt;politiques de confidentialit\u00e9&lt;\/a&gt;\" aria-errormessage=\"wpforms-9703-field_3_1-error\" aria-describedby=\"wpforms-9703-field_3-description\" required ><label class=\"wpforms-field-label-inline\" for=\"wpforms-9703-field_3_1\">J'ai lu et j'accepte les <a href=\"https:\/\/www.casentro.es\/fr\/politique-de-confidentialite\" target=\"_blank\">politiques de confidentialit\u00e9<\/a><\/label><\/li><\/ul><div id=\"wpforms-9703-field_3-description\" class=\"wpforms-field-description\">Veuillez lire attentivement nos politiques de confidentialit\u00e9 avant d'envoyer le formulaire. En cochant la case ci-dessous, vous donnez votre consentement pour que vos donn\u00e9es personnelles soient collect\u00e9es et trait\u00e9es conform\u00e9ment \u00e0 nos politiques de confidentialit\u00e9.<\/div><\/fieldset><\/div><\/div><!-- .wpforms-field-container --><div class=\"wpforms-recaptcha-container wpforms-is-recaptcha wpforms-is-recaptcha-type-v2\" ><div class=\"g-recaptcha\" data-sitekey=\"6LdUtBQoAAAAAPeugw1c9BUbJ2VBwxmK3qne3oPB\"><\/div><input type=\"text\" name=\"g-recaptcha-hidden\" class=\"wpforms-recaptcha-hidden\" style=\"position:absolute!important;clip:rect(0,0,0,0)!important;height:1px!important;width:1px!important;border:0!important;overflow:hidden!important;padding:0!important;margin:0!important;\" data-rule-recaptcha=\"1\"><\/div><div class=\"wpforms-submit-container\" ><input type=\"hidden\" name=\"wpforms[id]\" value=\"9703\"><input type=\"hidden\" name=\"page_title\" value=\"\"><input type=\"hidden\" name=\"page_url\" value=\"https:\/\/www.casentro.es\/fr\/wp-json\/wp\/v2\/pages\/9798\"><input type=\"hidden\" name=\"url_referer\" value=\"\"><button type=\"submit\" name=\"wpforms[submit]\" id=\"wpforms-submit-9703\" class=\"wpforms-submit\" data-alt-text=\"Envoi en cours ...\" data-submit-text=\"Envoyer\" aria-live=\"assertive\" value=\"wpforms-submit\">Envoyer<\/button><img decoding=\"async\" src=\"https:\/\/www.casentro.es\/wp-content\/plugins\/wpforms-lite\/assets\/images\/submit-spin.svg\" class=\"wpforms-submit-spinner\" style=\"display: none;\" width=\"26\" height=\"26\" alt=\"Chargement en cours\"><\/div><\/form><\/div>  <!-- .wpforms-container -->\t\t<\/div>\n\t\t\t\t<\/div>\n\t\t            <\/div>\n        <\/div>\n                            <\/div>\n        <\/section>\n        \t\t\t\t\t<\/div>\n\t\t","protected":false},"excerpt":{"rendered":"<p>N&#8217;h\u00e9sitez pas \u00e0 nous contacter Contactez-nous D\u00e9tails de Contact &nbsp; Adresse Gran V\u00eda Fernando Cat\u00f3lico N\u00ba 5 &#8211; Pta. 8 46008 Valencia (Valencia) T\u00e9l\u00e9phone + 34 &#8211; 652 527 033 E-mail info (@) casentro.es Formulaire de Contact<\/p>\n","protected":false},"author":1,"featured_media":0,"parent":0,"menu_order":0,"comment_status":"closed","ping_status":"closed","template":"","meta":{"inline_featured_image":false,"footnotes":""},"class_list":["post-9798","page","type-page","status-publish","hentry"],"_links":{"self":[{"href":"https:\/\/www.casentro.es\/fr\/wp-json\/wp\/v2\/pages\/9798","targetHints":{"allow":["GET"]}}],"collection":[{"href":"https:\/\/www.casentro.es\/fr\/wp-json\/wp\/v2\/pages"}],"about":[{"href":"https:\/\/www.casentro.es\/fr\/wp-json\/wp\/v2\/types\/page"}],"author":[{"embeddable":true,"href":"https:\/\/www.casentro.es\/fr\/wp-json\/wp\/v2\/users\/1"}],"replies":[{"embeddable":true,"href":"https:\/\/www.casentro.es\/fr\/wp-json\/wp\/v2\/comments?post=9798"}],"version-history":[{"count":11,"href":"https:\/\/www.casentro.es\/fr\/wp-json\/wp\/v2\/pages\/9798\/revisions"}],"predecessor-version":[{"id":9827,"href":"https:\/\/www.casentro.es\/fr\/wp-json\/wp\/v2\/pages\/9798\/revisions\/9827"}],"wp:attachment":[{"href":"https:\/\/www.casentro.es\/fr\/wp-json\/wp\/v2\/media?parent=9798"}],"curies":[{"name":"wp","href":"https:\/\/api.w.org\/{rel}","templated":true}]}}