{"id":9874,"date":"2023-09-14T10:33:54","date_gmt":"2023-09-14T10:33:54","guid":{"rendered":"https:\/\/www.casentro.es\/blog-y-noticias"},"modified":"2023-10-29T07:53:44","modified_gmt":"2023-10-29T07:53:44","slug":"blog-et-actualites","status":"publish","type":"page","link":"https:\/\/www.casentro.es\/fr\/blog-et-actualites","title":{"rendered":"Blog et actualit\u00e9s"},"content":{"rendered":"\t\t<div data-elementor-type=\"wp-page\" data-elementor-id=\"9874\" class=\"elementor elementor-9874 elementor-9859\">\n\t\t\t\t\t\t\t        <section class=\"elementor-section elementor-top-section elementor-element elementor-element-60ba7dd0 elementor-section-boxed elementor-section-height-default elementor-section-height-default ct-header-fixed-none\" data-id=\"60ba7dd0\" data-element_type=\"section\">\n            \n                        <div class=\"elementor-container elementor-column-gap-extended \">\n                    <div class=\"elementor-column elementor-col-100 elementor-top-column elementor-element elementor-element-37ba6995\" data-id=\"37ba6995\" data-element_type=\"column\">\n            <div class=\"elementor-widget-wrap elementor-element-populated\">\n                                <section class=\"elementor-section elementor-inner-section elementor-element elementor-element-506c8233 elementor-section-content-middle elementor-section-boxed elementor-section-height-default elementor-section-height-default ct-header-fixed-none\" data-id=\"506c8233\" data-element_type=\"section\">\n            \n                        <div class=\"elementor-container elementor-column-gap-extended \">\n                    <div class=\"elementor-column elementor-col-50 elementor-inner-column elementor-element elementor-element-2fec7bb\" data-id=\"2fec7bb\" data-element_type=\"column\">\n            <div class=\"elementor-widget-wrap elementor-element-populated\">\n                        \t\t<div class=\"elementor-element elementor-element-33191b7a elementor-widget elementor-widget-ct_heading\" data-id=\"33191b7a\" data-element_type=\"widget\" data-widget_type=\"ct_heading.default\">\n\t\t\t\t<div class=\"elementor-widget-container\">\n\t\t\t<div id=\"ct_heading-33191b7a\" class=\"ct-heading h-align- ct-heading-left item-st-default\">\r\n\t<div class=\"ct-heading--inner\">\r\n        <div class=\"ct-inline-css\"  data-css=\"\r\n            \">\r\n        <\/div>\r\n                <h3 class=\"item--title  st-default \" data-wow-delay=\"ms\">\r\n            <span class=\"ct-text-inner\"><small> Sujets int\u00e9ressants sur notre  <\/small>blog et actualit\u00e9s<\/span>        <\/h3>\r\n    <\/div>\r\n<\/div>\t\t<\/div>\n\t\t\t\t<\/div>\n\t\t            <\/div>\n        <\/div>\n                <div class=\"elementor-column elementor-col-50 elementor-inner-column elementor-element elementor-element-4f009a41\" data-id=\"4f009a41\" data-element_type=\"column\">\n            <div class=\"elementor-widget-wrap elementor-element-populated\">\n                        \t\t<div class=\"elementor-element elementor-element-a4cb1a7 elementor-widget elementor-widget-ct_text_editor\" data-id=\"a4cb1a7\" data-element_type=\"widget\" data-widget_type=\"ct_text_editor.default\">\n\t\t\t\t<div class=\"elementor-widget-container\">\n\t\t\t<div id=\"ct_text_editor-a4cb1a7\" class=\"ct-text-editor \" data-wow-delay=\"ms\">\n\t<div class=\"ct-item--inner\">\n\t\t<div class=\"ct-inline-css\"  data-css=\"\n\t        \t\t\t\">\n\n\t    <\/div>\n\t\t<div class=\"ct-text-editor elementor-clearfix\">\n\t\t\t<p>Tendances et sujets li\u00e9s au nettoyage de la maison et aux services professionnels sur la Costa Blanca.<\/p>\t\t\n\t\t<\/div>\n\t<\/div>\n<\/div>\t\t<\/div>\n\t\t\t\t<\/div>\n\t\t            <\/div>\n        <\/div>\n                            <\/div>\n        <\/section>\n        \t\t<div class=\"elementor-element elementor-element-c4f8a12 elementor-widget elementor-widget-ct_blog_grid\" data-id=\"c4f8a12\" data-element_type=\"widget\" data-widget_type=\"ct_blog_grid.default\">\n\t\t\t\t<div class=\"elementor-widget-container\">\n\t\t\t\r\n<div id=\"ct_blog_grid-c4f8a12\" class=\"ct-grid ct-blog-grid ct-blog-grid-layout2\" data-layout=\"masonry\" data-start-page=\"1\" data-max-pages=\"1\" data-total=\"5\" data-perpage=\"6\" data-next-link=\"\">\r\n    <div class=\"ct-grid-overlay\"><\/div>\r\n            <div class=\"grid-filter-wrap align-center\">\r\n            <span class=\"filter-item active\" data-filter=\"*\">Tous<\/span>\r\n                                                            \r\n                <span class=\"filter-item\" data-filter=\".bureau\">\r\n                    Bureau                <\/span>\r\n                                                            \r\n                <span class=\"filter-item\" data-filter=\".conseils\">\r\n                    Conseils                <\/span>\r\n                                                            \r\n                <span class=\"filter-item\" data-filter=\".jardin-et-piscine\">\r\n                    Jardin et piscine                <\/span>\r\n                                                            \r\n                <span class=\"filter-item\" data-filter=\".maison-et-logement\">\r\n                    Maison et logement                <\/span>\r\n                    <\/div>\r\n    \r\n    <div class=\"ct-grid-inner ct-grid-masonry row animate-time\" data-gutter=\"15\">\r\n                    <div class=\"grid-sizer col-xl-4 col-lg-4 col-md-6 col-sm-6 col-12\"><\/div>\r\n                                <div class=\"grid-item col-xl-4 col-lg-4 col-md-6 col-sm-6 col-12 bureau\">\r\n                    <div class=\"grid-item-inner \" data-wow-duration=\"1.2s\">\r\n                                                    <div class=\"item--featured image-effect-white\">\r\n                                <a href=\"https:\/\/www.casentro.es\/fr\/limportance-du-nettoyage-des-bureaux-maintenir-des-espaces-de-travail-impeccables\"><img fetchpriority=\"high\" decoding=\"async\" class=\"no-lazyload \" src=\"https:\/\/www.casentro.es\/wp-content\/uploads\/2023\/10\/office-cleaning-1-370x250.jpg\" width=\"370\" height=\"250\" alt=\"Janitor Cleaning Office Desk. Hygiene Cleaner Service\" title=\"Janitor Cleaning Office Desk. Hygiene Cleaner Service\" \/><\/a>\r\n                            <\/div>\r\n                                                <div class=\"item--body\">\r\n                            <div class=\"item--holder\">\r\n                                                                    <ul class=\"item--meta\">\r\n                                                                                    <li class=\"item-date\"><i class=\"fac fac-calendar-alt\"><\/i>30\/10\/2023<\/li>\r\n                                                                                                                    <\/ul>\r\n                                                                <h3 class=\"item--title\"><a href=\"https:\/\/www.casentro.es\/fr\/limportance-du-nettoyage-des-bureaux-maintenir-des-espaces-de-travail-impeccables\">L&#8217;Importance du Nettoyage des Bureaux pour un Environnement de Travail Impeccable<\/a><\/h3>\r\n                                                                    <div class=\"item--readmore\">\r\n                                        <a href=\"https:\/\/www.casentro.es\/fr\/limportance-du-nettoyage-des-bureaux-maintenir-des-espaces-de-travail-impeccables\">\r\n                                            En savoir plus                                            <i class=\"fac fac-angle-double-right space-left\"><\/i>\r\n                                        <\/a>\r\n                                    <\/div>\r\n                                                            <\/div>\r\n                        <\/div>\r\n                    <\/div>\r\n                <\/div>\r\n                            <div class=\"grid-item col-xl-4 col-lg-4 col-md-6 col-sm-6 col-12 jardin-et-piscine\">\r\n                    <div class=\"grid-item-inner \" data-wow-duration=\"1.2s\">\r\n                                                    <div class=\"item--featured image-effect-white\">\r\n                                <a href=\"https:\/\/www.casentro.es\/fr\/limportance-dune-piscine-fonctionnelle-dans-une-maison-de-vacances-sur-la-costa-blanca\"><img decoding=\"async\" class=\"no-lazyload \" src=\"https:\/\/www.casentro.es\/wp-content\/uploads\/2023\/10\/poolservice-370x250.jpg\" width=\"370\" height=\"250\" alt=\"Man with skimmer net equipment cleaning swimming pool from rubbish. Service and maintenance of the pool. Male removes garbage from the water with a sap. Swimming pool cleaning service. Hotel cleaner.\" title=\"Man With Skimmer Net Equipment Cleaning Swimming Pool From Rubbi\" \/><\/a>\r\n                            <\/div>\r\n                                                <div class=\"item--body\">\r\n                            <div class=\"item--holder\">\r\n                                                                    <ul class=\"item--meta\">\r\n                                                                                    <li class=\"item-date\"><i class=\"fac fac-calendar-alt\"><\/i>30\/10\/2023<\/li>\r\n                                                                                                                    <\/ul>\r\n                                                                <h3 class=\"item--title\"><a href=\"https:\/\/www.casentro.es\/fr\/limportance-dune-piscine-fonctionnelle-dans-une-maison-de-vacances-sur-la-costa-blanca\">L&#8217;Importance d&#8217;une Piscine Fonctionnelle dans une Maison de Vacances<\/a><\/h3>\r\n                                                                    <div class=\"item--readmore\">\r\n                                        <a href=\"https:\/\/www.casentro.es\/fr\/limportance-dune-piscine-fonctionnelle-dans-une-maison-de-vacances-sur-la-costa-blanca\">\r\n                                            En savoir plus                                            <i class=\"fac fac-angle-double-right space-left\"><\/i>\r\n                                        <\/a>\r\n                                    <\/div>\r\n                                                            <\/div>\r\n                        <\/div>\r\n                    <\/div>\r\n                <\/div>\r\n                            <div class=\"grid-item col-xl-4 col-lg-4 col-md-6 col-sm-6 col-12 conseils\">\r\n                    <div class=\"grid-item-inner \" data-wow-duration=\"1.2s\">\r\n                                                    <div class=\"item--featured image-effect-white\">\r\n                                <a href=\"https:\/\/www.casentro.es\/fr\/limportance-de-fournir-des-locations-de-vacances-en-costa-blanca-en-parfait-etat-pour-une-excellente-reputation-en-ligne\"><img decoding=\"async\" class=\"no-lazyload \" src=\"https:\/\/www.casentro.es\/wp-content\/uploads\/2023\/10\/ferienhaus-sauber-370x250.jpg\" width=\"370\" height=\"250\" alt=\"Young woman making bed in room. Space for text\" title=\"Young Woman Making Bed In Room. Space For Text\" \/><\/a>\r\n                            <\/div>\r\n                                                <div class=\"item--body\">\r\n                            <div class=\"item--holder\">\r\n                                                                    <ul class=\"item--meta\">\r\n                                                                                    <li class=\"item-date\"><i class=\"fac fac-calendar-alt\"><\/i>29\/10\/2023<\/li>\r\n                                                                                                                    <\/ul>\r\n                                                                <h3 class=\"item--title\"><a href=\"https:\/\/www.casentro.es\/fr\/limportance-de-fournir-des-locations-de-vacances-en-costa-blanca-en-parfait-etat-pour-une-excellente-reputation-en-ligne\">L&#8217;Importance des Locations Impeccables en Costa Blanca pour la R\u00e9putation en Ligne<\/a><\/h3>\r\n                                                                    <div class=\"item--readmore\">\r\n                                        <a href=\"https:\/\/www.casentro.es\/fr\/limportance-de-fournir-des-locations-de-vacances-en-costa-blanca-en-parfait-etat-pour-une-excellente-reputation-en-ligne\">\r\n                                            En savoir plus                                            <i class=\"fac fac-angle-double-right space-left\"><\/i>\r\n                                        <\/a>\r\n                                    <\/div>\r\n                                                            <\/div>\r\n                        <\/div>\r\n                    <\/div>\r\n                <\/div>\r\n                            <div class=\"grid-item col-xl-4 col-lg-4 col-md-6 col-sm-6 col-12 conseils\">\r\n                    <div class=\"grid-item-inner \" data-wow-duration=\"1.2s\">\r\n                                                    <div class=\"item--featured image-effect-white\">\r\n                                <a href=\"https:\/\/www.casentro.es\/fr\/garder-la-vue-claire-comment-nettoyer-les-fenetres-sur-la-costa-blanca\"><img loading=\"lazy\" decoding=\"async\" class=\"no-lazyload \" src=\"https:\/\/www.casentro.es\/wp-content\/uploads\/2023\/10\/window-cleaning-2-370x250.jpg\" width=\"370\" height=\"250\" alt=\"Concepts of cleaning service and cleaning windows and glass.\" title=\"Concepts Of Cleaning Service And Cleaning Windows And Glass.\" \/><\/a>\r\n                            <\/div>\r\n                                                <div class=\"item--body\">\r\n                            <div class=\"item--holder\">\r\n                                                                    <ul class=\"item--meta\">\r\n                                                                                    <li class=\"item-date\"><i class=\"fac fac-calendar-alt\"><\/i>28\/10\/2023<\/li>\r\n                                                                                                                    <\/ul>\r\n                                                                <h3 class=\"item--title\"><a href=\"https:\/\/www.casentro.es\/fr\/garder-la-vue-claire-comment-nettoyer-les-fenetres-sur-la-costa-blanca\">Garder la Vue Claire : Comment Nettoyer les Fen\u00eatres sur la Costa Blanca<\/a><\/h3>\r\n                                                                    <div class=\"item--readmore\">\r\n                                        <a href=\"https:\/\/www.casentro.es\/fr\/garder-la-vue-claire-comment-nettoyer-les-fenetres-sur-la-costa-blanca\">\r\n                                            En savoir plus                                            <i class=\"fac fac-angle-double-right space-left\"><\/i>\r\n                                        <\/a>\r\n                                    <\/div>\r\n                                                            <\/div>\r\n                        <\/div>\r\n                    <\/div>\r\n                <\/div>\r\n                            <div class=\"grid-item col-xl-4 col-lg-4 col-md-6 col-sm-6 col-12 maison-et-logement\">\r\n                    <div class=\"grid-item-inner \" data-wow-duration=\"1.2s\">\r\n                                                    <div class=\"item--featured image-effect-white\">\r\n                                <a href=\"https:\/\/www.casentro.es\/fr\/garder-votre-maison-impeccable-astuces-de-nettoyage-simples-et-produits-recommandes\"><img loading=\"lazy\" decoding=\"async\" class=\"no-lazyload \" src=\"https:\/\/www.casentro.es\/wp-content\/uploads\/2020\/08\/home-cleaning-370x250.jpg\" width=\"370\" height=\"250\" alt=\"Spring cleaning. Young woman tidying up kitchen at home\" title=\"Spring Cleaning. Young Woman Tidying Up Kitchen At Home\" \/><\/a>\r\n                            <\/div>\r\n                                                <div class=\"item--body\">\r\n                            <div class=\"item--holder\">\r\n                                                                    <ul class=\"item--meta\">\r\n                                                                                    <li class=\"item-date\"><i class=\"fac fac-calendar-alt\"><\/i>17\/08\/2020<\/li>\r\n                                                                                                                    <\/ul>\r\n                                                                <h3 class=\"item--title\"><a href=\"https:\/\/www.casentro.es\/fr\/garder-votre-maison-impeccable-astuces-de-nettoyage-simples-et-produits-recommandes\">Maintenir une Maison Impeccable : Astuces de Nettoyage et Produits Recommand\u00e9s<\/a><\/h3>\r\n                                                                    <div class=\"item--readmore\">\r\n                                        <a href=\"https:\/\/www.casentro.es\/fr\/garder-votre-maison-impeccable-astuces-de-nettoyage-simples-et-produits-recommandes\">\r\n                                            En savoir plus                                            <i class=\"fac fac-angle-double-right space-left\"><\/i>\r\n                                        <\/a>\r\n                                    <\/div>\r\n                                                            <\/div>\r\n                        <\/div>\r\n                    <\/div>\r\n                <\/div>\r\n                <\/div>\r\n            <div class=\"ct-grid-pagination\" data-loadmore=\"{&quot;startPage&quot;:1,&quot;maxPages&quot;:1,&quot;total&quot;:5,&quot;perpage&quot;:&quot;6&quot;,&quot;nextLink&quot;:&quot;&quot;,&quot;source&quot;:&quot;&quot;,&quot;orderby&quot;:&quot;date&quot;,&quot;order&quot;:&quot;desc&quot;,&quot;limit&quot;:&quot;6&quot;,&quot;post_ids&quot;:&quot;&quot;,&quot;col_xl&quot;:4,&quot;col_lg&quot;:4,&quot;col_md&quot;:6,&quot;col_sm&quot;:6,&quot;col_xs&quot;:12,&quot;thumbnail_size&quot;:&quot;custom&quot;,&quot;thumbnail_custom_dimension&quot;:{&quot;width&quot;:&quot;&quot;,&quot;height&quot;:&quot;&quot;},&quot;pagination_type&quot;:&quot;pagination&quot;,&quot;show_author&quot;:&quot;&quot;,&quot;show_date&quot;:&quot;true&quot;,&quot;show_button&quot;:&quot;true&quot;,&quot;button_text&quot;:&quot;En savoir plus&quot;,&quot;ct_animate&quot;:&quot;&quot;,&quot;template_type&quot;:&quot;post_grid_layout2&quot;,&quot;tax&quot;:[&quot;category&quot;,&quot;category&quot;,&quot;category&quot;,&quot;category&quot;]}\" data-query=\"{&quot;post_type&quot;:&quot;post&quot;,&quot;posts_per_page&quot;:6,&quot;order&quot;:&quot;desc&quot;,&quot;orderby&quot;:&quot;date&quot;,&quot;tax_query&quot;:{&quot;relation&quot;:&quot;OR&quot;},&quot;post__not_in&quot;:[9874]}\">\r\n                    <\/div>\r\n        <\/div>\t\t<\/div>\n\t\t\t\t<\/div>\n\t\t            <\/div>\n        <\/div>\n                            <\/div>\n        <\/section>\n        \t\t\t\t\t<\/div>\n\t\t","protected":false},"excerpt":{"rendered":"<p>Sujets int\u00e9ressants sur notre blog et actualit\u00e9s Tendances et sujets li\u00e9s au nettoyage de la maison et aux services professionnels sur la Costa Blanca. Tous Conseils Office 29\/10\/2023 How stay calm from the first time. En savoir plus 28\/10\/2023 Garder la Vue Claire : Comment Nettoyer les Fen\u00eatres sur la Costa Blanca En savoir plus [&hellip;]<\/p>\n","protected":false},"author":1,"featured_media":0,"parent":0,"menu_order":0,"comment_status":"closed","ping_status":"closed","template":"","meta":{"inline_featured_image":false,"footnotes":""},"class_list":["post-9874","page","type-page","status-publish","hentry"],"_links":{"self":[{"href":"https:\/\/www.casentro.es\/fr\/wp-json\/wp\/v2\/pages\/9874","targetHints":{"allow":["GET"]}}],"collection":[{"href":"https:\/\/www.casentro.es\/fr\/wp-json\/wp\/v2\/pages"}],"about":[{"href":"https:\/\/www.casentro.es\/fr\/wp-json\/wp\/v2\/types\/page"}],"author":[{"embeddable":true,"href":"https:\/\/www.casentro.es\/fr\/wp-json\/wp\/v2\/users\/1"}],"replies":[{"embeddable":true,"href":"https:\/\/www.casentro.es\/fr\/wp-json\/wp\/v2\/comments?post=9874"}],"version-history":[{"count":7,"href":"https:\/\/www.casentro.es\/fr\/wp-json\/wp\/v2\/pages\/9874\/revisions"}],"predecessor-version":[{"id":15261,"href":"https:\/\/www.casentro.es\/fr\/wp-json\/wp\/v2\/pages\/9874\/revisions\/15261"}],"wp:attachment":[{"href":"https:\/\/www.casentro.es\/fr\/wp-json\/wp\/v2\/media?parent=9874"}],"curies":[{"name":"wp","href":"https:\/\/api.w.org\/{rel}","templated":true}]}}